{"id":9292,"date":"2024-09-17T15:59:51","date_gmt":"2024-09-17T13:59:51","guid":{"rendered":"https:\/\/antcube.shop\/en\/product\/pilz-von-atta-cephalotes\/"},"modified":"2026-04-14T07:58:08","modified_gmt":"2026-04-14T05:58:08","slug":"houba-atta-cephalotes","status":"publish","type":"product","link":"https:\/\/antcube.shop\/cs\/produkt\/houba-atta-cephalotes\/","title":{"rendered":"Houba Atta cephalotes"},"content":{"rendered":"<p><span data-text-color=\"alert\"><strong>Doprava mo\u017en\u00e1 pouze v N\u011bmecku!<\/strong><\/span><\/p>\n<p><strong>Mno\u017estv\u00ed:<\/strong> (sada)<br \/>\n1x p\u0159epravn\u00ed trubka<br \/>\n1x vzduchot\u011bsn\u00e1 z\u00e1tka<br \/>\n1x \u010derstv\u00e1 houba o velikosti alespo\u0148 1 cm\u00b3<\/p>\n<p><strong>Popis:<\/strong> Nab\u00edz\u00edme n\u00e1hradn\u00ed houbu pro p\u0159\u00edpady, kdy houba listn\u00e1\u010d\u016f v d\u016fsledku nespr\u00e1vn\u00e9 teploty, vlhkosti nebo jin\u00fdch p\u0159\u00ed\u010din poklesne nebo odum\u0159e.<br \/>\nJednotka o objemu 1 cm\u00b3 je dostate\u010dn\u00e1 pro obnoven\u00ed kolonie o 11-25 zv\u00ed\u0159atech.<br \/>\nDod\u00e1van\u00e1 houba m\u016f\u017ee obsahovat mal\u00e9 houba\u0159e (minipracovn\u00edky).<br \/>\nTito mal\u00ed minipracovn\u00edci nep\u0159edstavuj\u00ed pro st\u00e1vaj\u00edc\u00ed kolonii \u017e\u00e1dn\u00fd probl\u00e9m, proto\u017ee se staraj\u00ed pouze o houby.<\/p>\n<p><strong>Pou\u017eit\u00ed:<\/strong><br \/>\nHouby = pro druhy mravenc\u016f \u017eiv\u00edc\u00edch se houbami<br \/>\nJedn\u00e1 se o kompletn\u00ed krmivo (jednor\u00e1zov\u00e9 krmivo)<br \/>\nP\u0159epravn\u00ed n\u00e1doba by m\u011bla b\u00fdt otev\u0159ena a um\u00edst\u011bna vedle mraveni\u0161t\u011b. Zv\u00ed\u0159ata si pak kousky houby vynesou sama.<\/p>\n<p><strong>Skladov\u00e1n\u00ed:<\/strong> 25 \u00b0C a vlhkost 90%<\/p>\n<p><strong>Obsahuje:<\/strong><br \/>\n\u010derstv\u00e9 a origin\u00e1ln\u00ed kousky hub jmenovan\u00fdch druh\u016f mravenc\u016f.<\/p>\n<p><strong>Pozn\u00e1mka:<\/strong><br \/>\nDal\u0161\u00ed informace naleznete v p\u0159\u00edbalov\u00e9 informaci.<\/p>\n<p>Informa\u010dn\u00ed linka +49 30 439703870<\/p>\n<p><strong>Odpov\u011bdn\u00fd veterin\u00e1rn\u00ed a potravin\u00e1\u0159sk\u00fd inspektor\u00e1t:<\/strong><br \/>\nVeterin\u00e1rn\u00ed kancel\u00e1\u0159 Steglitz<br \/>\nK\u00f6nigin-Luise-Str. 92<br \/>\n14195 Berl\u00edn<\/p>","protected":false},"excerpt":{"rendered":"<p>Kompletn\u00ed krmivo<\/p>","protected":false},"featured_media":9777,"comment_status":"open","ping_status":"closed","template":"","meta":{"_acf_changed":false,"content-type":"","_monsterinsights_skip_tracking":false,"_monsterinsights_sitenote_active":false,"_monsterinsights_sitenote_note":"","_monsterinsights_sitenote_category":0},"product_brand":[],"product_cat":[115,116],"product_tag":[],"class_list":{"0":"post-9292","1":"product","2":"type-product","3":"status-publish","4":"has-post-thumbnail","6":"product_cat-food-and-feeding","7":"product_cat-food","9":"first","10":"instock","11":"taxable","12":"shipping-taxable","13":"purchasable","14":"product-type-simple"},"acf":[],"aioseo_notices":[],"jetpack_sharing_enabled":true,"_links":{"self":[{"href":"https:\/\/antcube.shop\/cs\/wp-json\/wp\/v2\/product\/9292","targetHints":{"allow":["GET"]}}],"collection":[{"href":"https:\/\/antcube.shop\/cs\/wp-json\/wp\/v2\/product"}],"about":[{"href":"https:\/\/antcube.shop\/cs\/wp-json\/wp\/v2\/types\/product"}],"replies":[{"embeddable":true,"href":"https:\/\/antcube.shop\/cs\/wp-json\/wp\/v2\/comments?post=9292"}],"wp:featuredmedia":[{"embeddable":true,"href":"https:\/\/antcube.shop\/cs\/wp-json\/wp\/v2\/media\/9777"}],"wp:attachment":[{"href":"https:\/\/antcube.shop\/cs\/wp-json\/wp\/v2\/media?parent=9292"}],"wp:term":[{"taxonomy":"product_brand","embeddable":true,"href":"https:\/\/antcube.shop\/cs\/wp-json\/wp\/v2\/product_brand?post=9292"},{"taxonomy":"product_cat","embeddable":true,"href":"https:\/\/antcube.shop\/cs\/wp-json\/wp\/v2\/product_cat?post=9292"},{"taxonomy":"product_tag","embeddable":true,"href":"https:\/\/antcube.shop\/cs\/wp-json\/wp\/v2\/product_tag?post=9292"}],"curies":[{"name":"wp","href":"https:\/\/api.w.org\/{rel}","templated":true}]}}