{"id":9291,"date":"2024-09-17T15:59:27","date_gmt":"2024-09-17T13:59:27","guid":{"rendered":"https:\/\/antcube.shop\/en\/product\/brombeerblatter-100g-frisch\/"},"modified":"2026-03-31T20:25:10","modified_gmt":"2026-03-31T18:25:10","slug":"brombeerblatter-100g-frisch","status":"publish","type":"product","link":"https:\/\/antcube.shop\/cs\/produkt\/brombeerblatter-100g-frisch\/","title":{"rendered":"Ostru\u017einov\u00e9 listy 100g - \u010derstv\u00e9"},"content":{"rendered":"<p><strong>Obsah:<\/strong> 100 g \u010derstv\u00fdch ostru\u017einov\u00fdch list\u016f<\/p>\n<p><strong>Popis:<\/strong> Listy ostru\u017ein\u00edku jako \u017eivn\u00e1 p\u016fda pro houbovit\u00e9 druhy mravenc\u016f.<\/p>\n<p><strong>Pou\u017eit\u00ed:<\/strong><br \/>\nOstru\u017einov\u00e9 listy = pro druhy mravenc\u016f, kte\u0159\u00ed se \u017eiv\u00ed houbami<br \/>\nJedn\u00e1 se o \"kompletn\u00ed krmivo\" (jednor\u00e1zov\u00e9 krmivo), kter\u00e9 slou\u017e\u00ed pouze jako \u017eivn\u00e1 p\u016fda pro houby.<br \/>\nListy, kter\u00e9 chcete krmit, jednodu\u0161e vlo\u017ete do krmn\u00e9 komory.<\/p>\n<p>Skladov\u00e1n\u00ed: Vlhkost: 5-8 \u00b0C \/ 60-90%. (p\u0159\u00edpadn\u011b tak\u00e9 ve v\u00e1ze s vodou)<\/p>\n<p><strong>Obsahuje:<\/strong><br \/>\n100% \u010derstv\u00e9 ostru\u017einov\u00e9 listy<\/p>\n<p><strong>Pozn\u00e1mka:<\/strong><br \/>\nDal\u0161\u00ed informace naleznete v p\u0159\u00edbalov\u00e9 informaci.<\/p>\n<p>Informa\u010dn\u00ed linka +49 30 439703870<\/p>\n<p>Odpov\u011bdn\u00fd veterin\u00e1rn\u00ed a potravin\u00e1\u0159sk\u00fd inspektor\u00e1t:<br \/>\nVeterin\u00e1rn\u00ed kancel\u00e1\u0159 Steglitz<br \/>\nK\u00f6nigin-Luise-Str. 92<br \/>\n14195 Berl\u00edn<\/p>","protected":false},"excerpt":{"rendered":"<p>Obsah: Popis: 100 g \u010derstv\u00fdch ostru\u017einov\u00fdch list\u016f Listy ostru\u017ein\u00edku jako \u017eivn\u00e1 p\u016fda pro houbovit\u00e9 druhy mravenc\u016f. Pou\u017eit\u00ed: Listy ostru\u017ein\u00edku = pro druhy mravenc\u016f rozmno\u017euj\u00edc\u00ed houby Jedn\u00e1 se o \"kompletn\u00ed krmivo\" (jednor\u00e1zov\u00e9 krmivo) a pou\u017e\u00edv\u00e1 se pouze jako \u017eivn\u00e1 p\u016fda pro houby. Listy ur\u010den\u00e9 ke krmen\u00ed jednodu\u0161e vlo\u017ete do krmn\u00e9 komory. Skladov\u00e1n\u00ed: 5-8\u00b0C","protected":false},"featured_media":9603,"comment_status":"open","ping_status":"closed","template":"","meta":{"_acf_changed":false,"content-type":"","_monsterinsights_skip_tracking":false,"_monsterinsights_sitenote_active":false,"_monsterinsights_sitenote_note":"","_monsterinsights_sitenote_category":0},"product_brand":[],"product_cat":[115,116],"product_tag":[],"class_list":{"0":"post-9291","1":"product","2":"type-product","3":"status-publish","4":"has-post-thumbnail","6":"product_cat-food-and-feeding","7":"product_cat-food","9":"first","10":"onbackorder","11":"taxable","12":"shipping-taxable","13":"purchasable","14":"product-type-simple"},"acf":[],"aioseo_notices":[],"jetpack_sharing_enabled":true,"_links":{"self":[{"href":"https:\/\/antcube.shop\/cs\/wp-json\/wp\/v2\/product\/9291","targetHints":{"allow":["GET"]}}],"collection":[{"href":"https:\/\/antcube.shop\/cs\/wp-json\/wp\/v2\/product"}],"about":[{"href":"https:\/\/antcube.shop\/cs\/wp-json\/wp\/v2\/types\/product"}],"replies":[{"embeddable":true,"href":"https:\/\/antcube.shop\/cs\/wp-json\/wp\/v2\/comments?post=9291"}],"wp:featuredmedia":[{"embeddable":true,"href":"https:\/\/antcube.shop\/cs\/wp-json\/wp\/v2\/media\/9603"}],"wp:attachment":[{"href":"https:\/\/antcube.shop\/cs\/wp-json\/wp\/v2\/media?parent=9291"}],"wp:term":[{"taxonomy":"product_brand","embeddable":true,"href":"https:\/\/antcube.shop\/cs\/wp-json\/wp\/v2\/product_brand?post=9291"},{"taxonomy":"product_cat","embeddable":true,"href":"https:\/\/antcube.shop\/cs\/wp-json\/wp\/v2\/product_cat?post=9291"},{"taxonomy":"product_tag","embeddable":true,"href":"https:\/\/antcube.shop\/cs\/wp-json\/wp\/v2\/product_tag?post=9291"}],"curies":[{"name":"wp","href":"https:\/\/api.w.org\/{rel}","templated":true}]}}