{"id":9290,"date":"2024-09-17T15:58:56","date_gmt":"2024-09-17T13:58:56","guid":{"rendered":"https:\/\/antcube.shop\/en\/product\/tranke-45ml-65mm\/"},"modified":"2026-04-10T20:46:09","modified_gmt":"2026-04-10T18:46:09","slug":"tranke-45ml-65mm","status":"publish","type":"product","link":"https:\/\/antcube.shop\/cs\/produkt\/tranke-45ml-65mm\/","title":{"rendered":"Nap\u00e1jec\u00ed \u017el\u00e1bek 45ml - 65mm"},"content":{"rendered":"<p><strong>D\u00e9lka:<\/strong> 65 mm, 45 ml<\/p>\n<p><strong>Materi\u00e1l:<\/strong> Plastov\u00e9<\/p>\n<p><strong>Popis:<\/strong> Aby si mravenci ve formik\u00e1riu mohli zajistit dostate\u010dnou vlhkost. Vodu lze tak\u00e9 sm\u00edchat s medem. Ide\u00e1ln\u00ed tak\u00e9 pro obdob\u00ed pr\u00e1zdnin. Doporu\u010duje se pokr\u00fdt dno nap\u00e1je\u010dky savou vatou nebo houbou, aby se mravenci neutopili.<\/p>\n<p><strong>Barva z\u00e1kladny:<\/strong> b\u00edl\u00e1<\/p>","protected":false},"excerpt":{"rendered":"<p>D\u00e9lka: 65 mm, materi\u00e1l: plast<\/p>","protected":false},"featured_media":9606,"comment_status":"open","ping_status":"closed","template":"","meta":{"_acf_changed":false,"content-type":"","_monsterinsights_skip_tracking":false,"_monsterinsights_sitenote_active":false,"_monsterinsights_sitenote_note":"","_monsterinsights_sitenote_category":0},"product_brand":[],"product_cat":[115,117],"product_tag":[],"class_list":{"0":"post-9290","1":"product","2":"type-product","3":"status-publish","4":"has-post-thumbnail","6":"product_cat-food-and-feeding","7":"product_cat-drinkers-for-ants","9":"first","10":"instock","11":"taxable","12":"shipping-taxable","13":"purchasable","14":"product-type-simple"},"acf":[],"aioseo_notices":[],"jetpack_sharing_enabled":true,"_links":{"self":[{"href":"https:\/\/antcube.shop\/cs\/wp-json\/wp\/v2\/product\/9290","targetHints":{"allow":["GET"]}}],"collection":[{"href":"https:\/\/antcube.shop\/cs\/wp-json\/wp\/v2\/product"}],"about":[{"href":"https:\/\/antcube.shop\/cs\/wp-json\/wp\/v2\/types\/product"}],"replies":[{"embeddable":true,"href":"https:\/\/antcube.shop\/cs\/wp-json\/wp\/v2\/comments?post=9290"}],"wp:featuredmedia":[{"embeddable":true,"href":"https:\/\/antcube.shop\/cs\/wp-json\/wp\/v2\/media\/9606"}],"wp:attachment":[{"href":"https:\/\/antcube.shop\/cs\/wp-json\/wp\/v2\/media?parent=9290"}],"wp:term":[{"taxonomy":"product_brand","embeddable":true,"href":"https:\/\/antcube.shop\/cs\/wp-json\/wp\/v2\/product_brand?post=9290"},{"taxonomy":"product_cat","embeddable":true,"href":"https:\/\/antcube.shop\/cs\/wp-json\/wp\/v2\/product_cat?post=9290"},{"taxonomy":"product_tag","embeddable":true,"href":"https:\/\/antcube.shop\/cs\/wp-json\/wp\/v2\/product_tag?post=9290"}],"curies":[{"name":"wp","href":"https:\/\/api.w.org\/{rel}","templated":true}]}}