{"id":9277,"date":"2024-09-17T15:53:29","date_gmt":"2024-09-17T13:53:29","guid":{"rendered":"https:\/\/antcube.shop\/en\/product\/napf-klar-4x10-schwamm\/"},"modified":"2026-04-13T09:32:43","modified_gmt":"2026-04-13T07:32:43","slug":"miska-cira-4x10-houba","status":"publish","type":"product","link":"https:\/\/antcube.shop\/cs\/produkt\/miska-cira-4x10-houba\/","title":{"rendered":"Miska \u010dir\u00e1 4\u00d710 - Houba"},"content":{"rendered":"<p><strong>Rozm\u011bry:<\/strong> 29 x 40 x 7 mm<\/p>\n<p><strong>Materi\u00e1l:<\/strong> PMMA, p\u011bna (extr\u00e9mn\u011b jemn\u011b p\u00f3rovit\u00e1 a vysoce absorp\u010dn\u00ed)<\/p>\n<p><strong>Popis:<\/strong> \u010ctvercov\u00e1 miska se 4 krm\u00edtky (ka\u017ed\u00e9 o pr\u016fm\u011bru 10 mm) pro r\u016fzn\u00e9 druhy krmiva.<\/p>","protected":false},"excerpt":{"rendered":"<p>Rozm\u011bry: Rozm\u011bry: 29 x 40 mm, materi\u00e1l: Materi\u00e1l: PMMA, p\u011bna (extr\u00e9mn\u011b jemn\u011b p\u00f3rovit\u00e1 a vysoce absorp\u010dn\u00ed).<\/p>","protected":false},"featured_media":9614,"comment_status":"open","ping_status":"closed","template":"","meta":{"_acf_changed":false,"content-type":"","_monsterinsights_skip_tracking":false,"_monsterinsights_sitenote_active":false,"_monsterinsights_sitenote_note":"","_monsterinsights_sitenote_category":0},"product_brand":[],"product_cat":[115,118],"product_tag":[],"class_list":{"0":"post-9277","1":"product","2":"type-product","3":"status-publish","4":"has-post-thumbnail","6":"product_cat-food-and-feeding","7":"product_cat-feeding-bowls","9":"first","10":"instock","11":"taxable","12":"shipping-taxable","13":"purchasable","14":"product-type-simple"},"acf":[],"aioseo_notices":[],"jetpack_sharing_enabled":true,"_links":{"self":[{"href":"https:\/\/antcube.shop\/cs\/wp-json\/wp\/v2\/product\/9277","targetHints":{"allow":["GET"]}}],"collection":[{"href":"https:\/\/antcube.shop\/cs\/wp-json\/wp\/v2\/product"}],"about":[{"href":"https:\/\/antcube.shop\/cs\/wp-json\/wp\/v2\/types\/product"}],"replies":[{"embeddable":true,"href":"https:\/\/antcube.shop\/cs\/wp-json\/wp\/v2\/comments?post=9277"}],"wp:featuredmedia":[{"embeddable":true,"href":"https:\/\/antcube.shop\/cs\/wp-json\/wp\/v2\/media\/9614"}],"wp:attachment":[{"href":"https:\/\/antcube.shop\/cs\/wp-json\/wp\/v2\/media?parent=9277"}],"wp:term":[{"taxonomy":"product_brand","embeddable":true,"href":"https:\/\/antcube.shop\/cs\/wp-json\/wp\/v2\/product_brand?post=9277"},{"taxonomy":"product_cat","embeddable":true,"href":"https:\/\/antcube.shop\/cs\/wp-json\/wp\/v2\/product_cat?post=9277"},{"taxonomy":"product_tag","embeddable":true,"href":"https:\/\/antcube.shop\/cs\/wp-json\/wp\/v2\/product_tag?post=9277"}],"curies":[{"name":"wp","href":"https:\/\/api.w.org\/{rel}","templated":true}]}}