{"id":9276,"date":"2024-09-17T15:53:02","date_gmt":"2024-09-17T13:53:02","guid":{"rendered":"https:\/\/antcube.shop\/en\/product\/ameisen-futterrohrchen-2ml\/"},"modified":"2026-04-04T12:46:27","modified_gmt":"2026-04-04T10:46:27","slug":"ameisen-futterrohrchen-2ml","status":"publish","type":"product","link":"https:\/\/antcube.shop\/cs\/produkt\/ameisen-futterrohrchen-2ml\/","title":{"rendered":"Mraven\u010d\u00ed potrava v tub\u011b 2ml"},"content":{"rendered":"<p><strong>Rozm\u011bry:<\/strong> 13 x 13 x 46 mm<\/p>\n<p><strong>Materi\u00e1l:<\/strong> Plastov\u00e9<\/p>\n<p><strong>Popis:<\/strong> Podlouhl\u00e1 krmn\u00e1 trubice k pln\u011bn\u00ed r\u016fzn\u00fdmi potravinami pro mravence. V\u010detn\u011b \u0161roubovac\u00edho v\u00ed\u010dka s t\u011bsnic\u00edm krou\u017ekem pro ut\u011bsn\u011bn\u00ed a udr\u017een\u00ed \u010derstvosti krmiva. Krmivo lze snadno d\u00e1vkovat opatrn\u00fdm vyklep\u00e1v\u00e1n\u00edm.<\/p>","protected":false},"excerpt":{"rendered":"<p>Rozm\u011bry: Materi\u00e1l: 13 x 13 x 46 mm Popis: Materi\u00e1l: plast, 13 mm, 13 mm, 13 mm, 13 mm, 13 mm, 13 mm: Podlouhl\u00e1 krmn\u00e1 trubice k pln\u011bn\u00ed r\u016fzn\u00fdmi potravinami pro mravence. V\u010detn\u011b \u0161roubovac\u00edho v\u00ed\u010dka s t\u011bsn\u00edc\u00edm krou\u017ekem pro ut\u011bsn\u011bn\u00ed a udr\u017een\u00ed \u010derstvosti krmiva. Krmivo lze snadno d\u00e1vkovat opatrn\u00fdm vyklep\u00e1v\u00e1n\u00edm.<\/p>","protected":false},"featured_media":9754,"comment_status":"open","ping_status":"closed","template":"","meta":{"_acf_changed":false,"content-type":"","_monsterinsights_skip_tracking":false,"_monsterinsights_sitenote_active":false,"_monsterinsights_sitenote_note":"","_monsterinsights_sitenote_category":0},"product_brand":[],"product_cat":[237],"product_tag":[],"class_list":{"0":"post-9276","1":"product","2":"type-product","3":"status-publish","4":"has-post-thumbnail","6":"product_cat-tools","8":"first","9":"instock","10":"taxable","11":"shipping-taxable","12":"purchasable","13":"product-type-simple"},"acf":[],"aioseo_notices":[],"jetpack_sharing_enabled":true,"_links":{"self":[{"href":"https:\/\/antcube.shop\/cs\/wp-json\/wp\/v2\/product\/9276","targetHints":{"allow":["GET"]}}],"collection":[{"href":"https:\/\/antcube.shop\/cs\/wp-json\/wp\/v2\/product"}],"about":[{"href":"https:\/\/antcube.shop\/cs\/wp-json\/wp\/v2\/types\/product"}],"replies":[{"embeddable":true,"href":"https:\/\/antcube.shop\/cs\/wp-json\/wp\/v2\/comments?post=9276"}],"wp:featuredmedia":[{"embeddable":true,"href":"https:\/\/antcube.shop\/cs\/wp-json\/wp\/v2\/media\/9754"}],"wp:attachment":[{"href":"https:\/\/antcube.shop\/cs\/wp-json\/wp\/v2\/media?parent=9276"}],"wp:term":[{"taxonomy":"product_brand","embeddable":true,"href":"https:\/\/antcube.shop\/cs\/wp-json\/wp\/v2\/product_brand?post=9276"},{"taxonomy":"product_cat","embeddable":true,"href":"https:\/\/antcube.shop\/cs\/wp-json\/wp\/v2\/product_cat?post=9276"},{"taxonomy":"product_tag","embeddable":true,"href":"https:\/\/antcube.shop\/cs\/wp-json\/wp\/v2\/product_tag?post=9276"}],"curies":[{"name":"wp","href":"https:\/\/api.w.org\/{rel}","templated":true}]}}