{"id":9275,"date":"2024-09-17T15:52:38","date_gmt":"2024-09-17T13:52:38","guid":{"rendered":"https:\/\/antcube.shop\/en\/product\/lcd-hygrometer-pt2477\/"},"modified":"2026-01-12T12:45:10","modified_gmt":"2026-01-12T11:45:10","slug":"lcd-vlhkomer-pt2477","status":"publish","type":"product","link":"https:\/\/antcube.shop\/cs\/produkt\/lcd-vlhkomer-pt2477\/","title":{"rendered":"LCD vlhkom\u011br PT2477"},"content":{"rendered":"<p><span data-text-color=\"alert\"><strong>Doprava mo\u017en\u00e1 pouze v N\u011bmecku!<\/strong><\/span><\/p>\n<p><strong>Rozm\u011bry:<\/strong> 46 x 18 x 40 mm<\/p>\n<p><strong>Rozsah m\u011b\u0159en\u00ed:<\/strong> 0 a\u017e 100%<\/p>\n<p><strong>Barva:<\/strong> \u010dern\u00e1<\/p>\n<p><strong>Popis:<\/strong><br \/>\nanalogov\u00fd vlhkom\u011br pro formik\u00e1rium<\/p>\n<p><strong>P\u0159\u00edloha:<\/strong><br \/>\nSamolepic\u00ed p\u00e1ska<\/p>\n<p><strong>Na\u0159\u00edzen\u00ed WEEE:<\/strong> DE 44735506<\/p>\n<p><strong>Informace o likvidaci naleznete ve vyhl\u00e1\u0161ce o bateri\u00edch:<\/strong><\/p>\n<p><a href=\"https:\/\/www.antstore.net\/shop\/de\/info\/Batterieverordnung.html\" target=\"_blank\" rel=\"noreferrer noopener\">https:\/\/www.antstore.net\/shop\/de\/info\/Batterieverordnung.html<\/a><\/p>","protected":false},"excerpt":{"rendered":"<p>Rozsah m\u011b\u0159en\u00ed: 0 a\u017e 100% , rozm\u011bry: 46 x 18 x 40 mm<\/p>","protected":false},"featured_media":9752,"comment_status":"open","ping_status":"closed","template":"","meta":{"_acf_changed":false,"content-type":"","_monsterinsights_skip_tracking":false,"_monsterinsights_sitenote_active":false,"_monsterinsights_sitenote_note":"","_monsterinsights_sitenote_category":0},"product_brand":[],"product_cat":[359,119],"product_tag":[],"class_list":{"0":"post-9275","1":"product","2":"type-product","3":"status-publish","4":"has-post-thumbnail","6":"product_cat-light-heat-humidity","7":"product_cat-formicarium-components","9":"first","10":"instock","11":"taxable","12":"shipping-taxable","13":"purchasable","14":"product-type-simple"},"acf":[],"aioseo_notices":[],"jetpack_sharing_enabled":true,"_links":{"self":[{"href":"https:\/\/antcube.shop\/cs\/wp-json\/wp\/v2\/product\/9275","targetHints":{"allow":["GET"]}}],"collection":[{"href":"https:\/\/antcube.shop\/cs\/wp-json\/wp\/v2\/product"}],"about":[{"href":"https:\/\/antcube.shop\/cs\/wp-json\/wp\/v2\/types\/product"}],"replies":[{"embeddable":true,"href":"https:\/\/antcube.shop\/cs\/wp-json\/wp\/v2\/comments?post=9275"}],"wp:featuredmedia":[{"embeddable":true,"href":"https:\/\/antcube.shop\/cs\/wp-json\/wp\/v2\/media\/9752"}],"wp:attachment":[{"href":"https:\/\/antcube.shop\/cs\/wp-json\/wp\/v2\/media?parent=9275"}],"wp:term":[{"taxonomy":"product_brand","embeddable":true,"href":"https:\/\/antcube.shop\/cs\/wp-json\/wp\/v2\/product_brand?post=9275"},{"taxonomy":"product_cat","embeddable":true,"href":"https:\/\/antcube.shop\/cs\/wp-json\/wp\/v2\/product_cat?post=9275"},{"taxonomy":"product_tag","embeddable":true,"href":"https:\/\/antcube.shop\/cs\/wp-json\/wp\/v2\/product_tag?post=9275"}],"curies":[{"name":"wp","href":"https:\/\/api.w.org\/{rel}","templated":true}]}}