{"id":9273,"date":"2024-09-17T15:00:07","date_gmt":"2024-09-17T13:00:07","guid":{"rendered":"https:\/\/antcube.shop\/en\/product\/mini-thermometer-analog-metall-25mm\/"},"modified":"2026-04-05T12:30:33","modified_gmt":"2026-04-05T10:30:33","slug":"mini-teplomer-analogovy-kovovy-25mm","status":"publish","type":"product","link":"https:\/\/antcube.shop\/cs\/produkt\/mini-teplomer-analogovy-kovovy-25mm\/","title":{"rendered":"Mini teplom\u011br analogov\u00fd kovov\u00fd - 25 mm"},"content":{"rendered":"<p><strong>Rozm\u011bry:<\/strong> 25 mm<\/p>\n<p><strong>Barva:<\/strong> kov, st\u0159\u00edbro<\/p>\n<p><strong>Rozsah m\u011b\u0159en\u00ed:<\/strong> -20 a\u017e +50\u00b0C \/ -10 a\u017e +130\u00b0F<\/p>\n<p><strong>P\u0159esnost:<\/strong> +\/- 2\u00b0C , +\/- 4\u00b0F<\/p>\n<p><strong>Popis:<\/strong><br \/>\nAnalogov\u00fd teplom\u011br, kter\u00fd je vhodn\u00fd zejm\u00e9na pro velmi mal\u00e1 formik\u00e1ria.<br \/>\nP\u0159ipev\u0148uje se k 27mm otvoru pomoc\u00ed \"Formicarium plug for 27mm hole\" s 22mm v\u00fd\u0159ezem.<br \/>\nJinak lze teplom\u011br p\u0159ipevnit na vnit\u0159n\u00ed zadn\u00ed stranu formik\u00e1ria pomoc\u00ed oboustrann\u00e9 lepic\u00ed p\u00e1sky (nen\u00ed sou\u010d\u00e1st\u00ed dod\u00e1vky).<\/p>\n<p><strong>Pozn\u00e1mka:<\/strong><br \/>\nNezav\u00edrejte zadn\u00ed otvor teplom\u011bru, proto\u017ee to m\u016f\u017ee v\u00e9st k chyb\u00e1m m\u011b\u0159en\u00ed.<\/p>","protected":false},"excerpt":{"rendered":"<p>Rozsah m\u011b\u0159en\u00ed: -20 a\u017e +50 \u00b0C, pr\u016fm\u011br: 25 mm.<\/p>","protected":false},"featured_media":9748,"comment_status":"open","ping_status":"closed","template":"","meta":{"_acf_changed":false,"content-type":"","_monsterinsights_skip_tracking":false,"_monsterinsights_sitenote_active":false,"_monsterinsights_sitenote_note":"","_monsterinsights_sitenote_category":0},"product_brand":[],"product_cat":[359,119],"product_tag":[],"class_list":{"0":"post-9273","1":"product","2":"type-product","3":"status-publish","4":"has-post-thumbnail","6":"product_cat-light-heat-humidity","7":"product_cat-formicarium-components","9":"first","10":"instock","11":"taxable","12":"shipping-taxable","13":"purchasable","14":"product-type-simple"},"acf":[],"aioseo_notices":[],"jetpack_sharing_enabled":true,"_links":{"self":[{"href":"https:\/\/antcube.shop\/cs\/wp-json\/wp\/v2\/product\/9273","targetHints":{"allow":["GET"]}}],"collection":[{"href":"https:\/\/antcube.shop\/cs\/wp-json\/wp\/v2\/product"}],"about":[{"href":"https:\/\/antcube.shop\/cs\/wp-json\/wp\/v2\/types\/product"}],"replies":[{"embeddable":true,"href":"https:\/\/antcube.shop\/cs\/wp-json\/wp\/v2\/comments?post=9273"}],"wp:featuredmedia":[{"embeddable":true,"href":"https:\/\/antcube.shop\/cs\/wp-json\/wp\/v2\/media\/9748"}],"wp:attachment":[{"href":"https:\/\/antcube.shop\/cs\/wp-json\/wp\/v2\/media?parent=9273"}],"wp:term":[{"taxonomy":"product_brand","embeddable":true,"href":"https:\/\/antcube.shop\/cs\/wp-json\/wp\/v2\/product_brand?post=9273"},{"taxonomy":"product_cat","embeddable":true,"href":"https:\/\/antcube.shop\/cs\/wp-json\/wp\/v2\/product_cat?post=9273"},{"taxonomy":"product_tag","embeddable":true,"href":"https:\/\/antcube.shop\/cs\/wp-json\/wp\/v2\/product_tag?post=9273"}],"curies":[{"name":"wp","href":"https:\/\/api.w.org\/{rel}","templated":true}]}}