{"id":9272,"date":"2024-09-17T14:59:43","date_gmt":"2024-09-17T12:59:43","guid":{"rendered":"https:\/\/antcube.shop\/en\/product\/mini-thermo-hygrometer-analog-display-stehend\/"},"modified":"2026-03-30T10:29:26","modified_gmt":"2026-03-30T08:29:26","slug":"mini-teplomer-s-analogovym-displejem-stehend","status":"publish","type":"product","link":"https:\/\/antcube.shop\/cs\/produkt\/mini-teplomer-s-analogovym-displejem-stehend\/","title":{"rendered":"Miniaturn\u00ed teplom\u011br analogov\u00fd - displej - svisl\u00fd"},"content":{"rendered":"<p><strong>Rozm\u011bry:<\/strong> 60 mm x 60 mm, hloubka 30 mm<\/p>\n<p><strong>Materi\u00e1l:<\/strong> kov \/ akrylov\u00e9 sklo<\/p>\n<p><strong>Barva:<\/strong> kov, st\u0159\u00edbrn\u00e1 \/ pr\u016fhledn\u00e1<\/p>\n<p><strong>Obsah:<\/strong> 1x mini teplom\u011br analogov\u00fd kovov\u00fd - 25 mm, 1x mini vlhkom\u011br analogov\u00fd kovov\u00fd - 25 mm, 1x dr\u017e\u00e1k z akrylov\u00e9ho skla s v\u00fd\u0159ezy pro m\u011b\u0159ic\u00ed p\u0159\u00edstroje - 60x60 mm, 1x podstavec z akrylov\u00e9ho skla - pr\u016fm\u011br 30 mm.<\/p>\n<p><strong>Popis:<\/strong><br \/>\nSada se skl\u00e1d\u00e1 z analogov\u00e9ho teplom\u011bru a vlhkom\u011bru z kovu (25 mm), kter\u00e9 jsou vlo\u017eeny do sklen\u011bn\u00e9 akrylov\u00e9 desky (60x60 mm). Displej lze um\u00edstit na podstavec (30 mm) v m\u011b\u0159en\u00e9 m\u00edstnosti.<\/p>\n<p><strong>Pozn\u00e1mka:<\/strong><br \/>\nM\u011b\u0159ic\u00ed p\u0159\u00edstroje na zadn\u00ed stran\u011b mus\u00ed z\u016fstat voln\u00e9, jinak m\u016f\u017ee doj\u00edt k chyb\u00e1m m\u011b\u0159en\u00ed.<\/p>\n<p>P\u0159esnost: +\/- 2\u00b0C , +\/- 4\u00b0F<br \/>\nP\u0159esnost: +\/- 5%<\/p>","protected":false},"excerpt":{"rendered":"<p>Sada teplom\u011bru a vlhkom\u011bru z kovu (25 mm) vlo\u017een\u00e9ho do sklen\u011bn\u00e9 akrylov\u00e9 desky (60x60 mm)<\/p>","protected":false},"featured_media":9745,"comment_status":"open","ping_status":"closed","template":"","meta":{"_acf_changed":false,"content-type":"","_monsterinsights_skip_tracking":false,"_monsterinsights_sitenote_active":false,"_monsterinsights_sitenote_note":"","_monsterinsights_sitenote_category":0},"product_brand":[],"product_cat":[359,119],"product_tag":[],"class_list":{"0":"post-9272","1":"product","2":"type-product","3":"status-publish","4":"has-post-thumbnail","6":"product_cat-light-heat-humidity","7":"product_cat-formicarium-components","9":"first","10":"instock","11":"taxable","12":"shipping-taxable","13":"purchasable","14":"product-type-simple"},"acf":[],"aioseo_notices":[],"jetpack_sharing_enabled":true,"_links":{"self":[{"href":"https:\/\/antcube.shop\/cs\/wp-json\/wp\/v2\/product\/9272","targetHints":{"allow":["GET"]}}],"collection":[{"href":"https:\/\/antcube.shop\/cs\/wp-json\/wp\/v2\/product"}],"about":[{"href":"https:\/\/antcube.shop\/cs\/wp-json\/wp\/v2\/types\/product"}],"replies":[{"embeddable":true,"href":"https:\/\/antcube.shop\/cs\/wp-json\/wp\/v2\/comments?post=9272"}],"wp:featuredmedia":[{"embeddable":true,"href":"https:\/\/antcube.shop\/cs\/wp-json\/wp\/v2\/media\/9745"}],"wp:attachment":[{"href":"https:\/\/antcube.shop\/cs\/wp-json\/wp\/v2\/media?parent=9272"}],"wp:term":[{"taxonomy":"product_brand","embeddable":true,"href":"https:\/\/antcube.shop\/cs\/wp-json\/wp\/v2\/product_brand?post=9272"},{"taxonomy":"product_cat","embeddable":true,"href":"https:\/\/antcube.shop\/cs\/wp-json\/wp\/v2\/product_cat?post=9272"},{"taxonomy":"product_tag","embeddable":true,"href":"https:\/\/antcube.shop\/cs\/wp-json\/wp\/v2\/product_tag?post=9272"}],"curies":[{"name":"wp","href":"https:\/\/api.w.org\/{rel}","templated":true}]}}