{"id":9271,"date":"2024-09-17T14:58:23","date_gmt":"2024-09-17T12:58:23","guid":{"rendered":"https:\/\/antcube.shop\/en\/product\/mini-thermo-hygrometer-analog-display-magnet\/"},"modified":"2026-04-08T12:27:20","modified_gmt":"2026-04-08T10:27:20","slug":"mini-teplomer-s-analogovym-displejem-a-magnetem","status":"publish","type":"product","link":"https:\/\/antcube.shop\/cs\/produkt\/mini-teplomer-s-analogovym-displejem-a-magnetem\/","title":{"rendered":"Mini teplom\u011br - vlhkom\u011br analogov\u00fd - displej - magnet"},"content":{"rendered":"<p><strong>Rozm\u011bry:<\/strong> 75 mm x 60 mm, hloubka 8 mm<\/p>\n<p><strong>Materi\u00e1l:<\/strong> kov \/ akrylov\u00e9 sklo<\/p>\n<p><strong>Barva:<\/strong> kov, st\u0159\u00edbrn\u00e1 \/ pr\u016fhledn\u00e1<\/p>\n<p><strong>Obsah:<\/strong> 1x analogov\u00fd kovov\u00fd mini teplom\u011br - 25 mm, 1x analogov\u00fd kovov\u00fd mini vlhkom\u011br - 25 mm, 1x dr\u017e\u00e1k z akrylov\u00e9ho skla s v\u00fd\u0159ezy pro m\u011b\u0159ic\u00ed p\u0159\u00edstroje a t\u0159emi magnety - 75x60 mm, 1x sklen\u011bn\u00e1 akrylov\u00e1 deska s magnety pro upevn\u011bn\u00ed displeje - 75x20 mm,<\/p>\n<p><strong>Popis:<\/strong><br \/>\nSada se skl\u00e1d\u00e1 z analogov\u00e9ho teplom\u011bru a vlhkom\u011bru z kovu (25 mm), kter\u00e9 jsou vlo\u017eeny do sklen\u011bn\u00e9 akrylov\u00e9 desky (75x6 mm). Displej je p\u0159ipevn\u011bn pomoc\u00ed mal\u00e9 desti\u010dky s magnety, kter\u00e1 je p\u0159ipevn\u011bna na druh\u00e9 stran\u011b desti\u010dky. To umo\u017e\u0148uje p\u0159izp\u016fsobit um\u00edst\u011bn\u00ed displeje hodnot individu\u00e1ln\u00edm po\u017eadavk\u016fm. Ve srovn\u00e1n\u00ed s lepic\u00edmi podlo\u017ekami umo\u017e\u0148uj\u00ed magnety m\u011bnit polohu displeje tak \u010dasto, jak je pot\u0159eba.<\/p>\n<p><strong>Pozn\u00e1mka:<\/strong><br \/>\nM\u011b\u0159ic\u00ed p\u0159\u00edstroje na zadn\u00ed stran\u011b mus\u00ed z\u016fstat voln\u00e9, jinak m\u016f\u017ee doj\u00edt k chyb\u00e1m m\u011b\u0159en\u00ed.<\/p>\n<p>Vzhledem k v\u00fdrobn\u00edmu procesu se na magnetick\u00fdch \u010d\u00e1stech mohou vyskytnout m\u00edrn\u00e9 a\u017e st\u0159edn\u00ed praskliny.<\/p>\n<p>P\u0159esnost: +\/- 2\u00b0C , +\/- 4\u00b0F<br \/>\nP\u0159esnost: +\/- 5%<\/p>","protected":false},"excerpt":{"rendered":"<p>Sada teplom\u011bru a vlhkom\u011bru z kovu (25 mm) vlo\u017een\u00e9ho do sklen\u011bn\u00e9 akrylov\u00e9 desky (60x60 mm)<\/p>","protected":false},"featured_media":9740,"comment_status":"open","ping_status":"closed","template":"","meta":{"_acf_changed":false,"content-type":"","_monsterinsights_skip_tracking":false,"_monsterinsights_sitenote_active":false,"_monsterinsights_sitenote_note":"","_monsterinsights_sitenote_category":0},"product_brand":[],"product_cat":[359,119],"product_tag":[],"class_list":{"0":"post-9271","1":"product","2":"type-product","3":"status-publish","4":"has-post-thumbnail","6":"product_cat-light-heat-humidity","7":"product_cat-formicarium-components","9":"first","10":"instock","11":"taxable","12":"shipping-taxable","13":"purchasable","14":"product-type-simple"},"acf":[],"aioseo_notices":[],"jetpack_sharing_enabled":true,"_links":{"self":[{"href":"https:\/\/antcube.shop\/cs\/wp-json\/wp\/v2\/product\/9271","targetHints":{"allow":["GET"]}}],"collection":[{"href":"https:\/\/antcube.shop\/cs\/wp-json\/wp\/v2\/product"}],"about":[{"href":"https:\/\/antcube.shop\/cs\/wp-json\/wp\/v2\/types\/product"}],"replies":[{"embeddable":true,"href":"https:\/\/antcube.shop\/cs\/wp-json\/wp\/v2\/comments?post=9271"}],"wp:featuredmedia":[{"embeddable":true,"href":"https:\/\/antcube.shop\/cs\/wp-json\/wp\/v2\/media\/9740"}],"wp:attachment":[{"href":"https:\/\/antcube.shop\/cs\/wp-json\/wp\/v2\/media?parent=9271"}],"wp:term":[{"taxonomy":"product_brand","embeddable":true,"href":"https:\/\/antcube.shop\/cs\/wp-json\/wp\/v2\/product_brand?post=9271"},{"taxonomy":"product_cat","embeddable":true,"href":"https:\/\/antcube.shop\/cs\/wp-json\/wp\/v2\/product_cat?post=9271"},{"taxonomy":"product_tag","embeddable":true,"href":"https:\/\/antcube.shop\/cs\/wp-json\/wp\/v2\/product_tag?post=9271"}],"curies":[{"name":"wp","href":"https:\/\/api.w.org\/{rel}","templated":true}]}}