{"id":9269,"date":"2024-09-17T14:52:27","date_gmt":"2024-09-17T12:52:27","guid":{"rendered":"https:\/\/antcube.shop\/en\/product\/heat-pack-stoffbeutel-72-std\/"},"modified":"2026-04-01T13:26:21","modified_gmt":"2026-04-01T11:26:21","slug":"textilni-sacek-s-tepelnym-zabalem-72-hodin","status":"publish","type":"product","link":"https:\/\/antcube.shop\/cs\/produkt\/textilni-sacek-s-tepelnym-zabalem-72-hodin\/","title":{"rendered":"Tepeln\u00fd z\u00e1bal - l\u00e1tkov\u00fd s\u00e1\u010dek - 72 hod."},"content":{"rendered":"<p><strong>Rozm\u011bry:<\/strong> 15,5 x 11,5 cm<\/p>\n<p>Doba trv\u00e1n\u00ed oh\u0159evu ( h ): ~ 72<\/p>\n<p>Teplota (max. \/ st\u0159edn\u00ed): 52\u00b0C \/ 46\u00b0C<\/p>\n<p><strong>Popis:<\/strong> Tento HeatPack je oh\u0159\u00edva\u010d s aktivn\u00edm uhl\u00edm a aktivuje se kontaktem se vzduchem. Jednodu\u0161e vyjm\u011bte HeatPack z obalu, nechte jej kr\u00e1tce aktivovat v bezmraz\u00e9m prost\u0159ed\u00ed a vlo\u017ete jej do vhodn\u00e9 p\u0159epravn\u00ed krabice (nap\u0159. polystyrenov\u00e9 krabice). Uvol\u0148ov\u00e1n\u00ed tepla za\u010dne po n\u011bkolika minut\u00e1ch a vydr\u017e\u00ed a\u017e 72 hodin.<\/p>\n<p>Lze pou\u017e\u00edt pouze jednou!<\/p>\n<p><strong>Slo\u017een\u00ed:<\/strong> \u017eelezo, voda, celul\u00f3za, aktivn\u00ed uhl\u00ed, vermikulit, s\u016fl<\/p>","protected":false},"excerpt":{"rendered":"<p>Tepeln\u00fd v\u00fdkon po dobu 72 hodin.<\/p>","protected":false},"featured_media":9735,"comment_status":"open","ping_status":"closed","template":"","meta":{"_acf_changed":false,"content-type":"","_monsterinsights_skip_tracking":false,"_monsterinsights_sitenote_active":false,"_monsterinsights_sitenote_note":"","_monsterinsights_sitenote_category":0},"product_brand":[],"product_cat":[237],"product_tag":[],"class_list":{"0":"post-9269","1":"product","2":"type-product","3":"status-publish","4":"has-post-thumbnail","6":"product_cat-tools","8":"first","9":"instock","10":"taxable","11":"shipping-taxable","12":"purchasable","13":"product-type-simple"},"acf":[],"aioseo_notices":[],"jetpack_sharing_enabled":true,"_links":{"self":[{"href":"https:\/\/antcube.shop\/cs\/wp-json\/wp\/v2\/product\/9269","targetHints":{"allow":["GET"]}}],"collection":[{"href":"https:\/\/antcube.shop\/cs\/wp-json\/wp\/v2\/product"}],"about":[{"href":"https:\/\/antcube.shop\/cs\/wp-json\/wp\/v2\/types\/product"}],"replies":[{"embeddable":true,"href":"https:\/\/antcube.shop\/cs\/wp-json\/wp\/v2\/comments?post=9269"}],"wp:featuredmedia":[{"embeddable":true,"href":"https:\/\/antcube.shop\/cs\/wp-json\/wp\/v2\/media\/9735"}],"wp:attachment":[{"href":"https:\/\/antcube.shop\/cs\/wp-json\/wp\/v2\/media?parent=9269"}],"wp:term":[{"taxonomy":"product_brand","embeddable":true,"href":"https:\/\/antcube.shop\/cs\/wp-json\/wp\/v2\/product_brand?post=9269"},{"taxonomy":"product_cat","embeddable":true,"href":"https:\/\/antcube.shop\/cs\/wp-json\/wp\/v2\/product_cat?post=9269"},{"taxonomy":"product_tag","embeddable":true,"href":"https:\/\/antcube.shop\/cs\/wp-json\/wp\/v2\/product_tag?post=9269"}],"curies":[{"name":"wp","href":"https:\/\/api.w.org\/{rel}","templated":true}]}}