{"id":9268,"date":"2024-09-17T14:52:05","date_gmt":"2024-09-17T12:52:05","guid":{"rendered":"https:\/\/antcube.shop\/en\/product\/heat-pack-alubeutel-36-std\/"},"modified":"2026-02-09T17:52:40","modified_gmt":"2026-02-09T16:52:40","slug":"tepelny-zabal-hlinikovy-sacek-36-hodin","status":"publish","type":"product","link":"https:\/\/antcube.shop\/cs\/produkt\/tepelny-zabal-hlinikovy-sacek-36-hodin\/","title":{"rendered":"Heat Pack - hlin\u00edkov\u00fd s\u00e1\u010dek - 36 hod."},"content":{"rendered":"<p><strong>Rozm\u011bry:<\/strong> 16 x 11,5 cm<\/p>\n<p><strong>Popis:<\/strong> Tepeln\u00e9 z\u00e1baly se zah\u0159\u00edvaj\u00ed na max. 45 \u00b0C p\u0159i kontaktu s kysl\u00edkem. Pou\u017e\u00edvaj\u00ed se jako zdroj tepla p\u0159i p\u0159eprav\u011b koloni\u00ed tropick\u00fdch mravenc\u016f, aby se zabr\u00e1nilo podchlazen\u00ed zv\u00ed\u0159at. V\u00fddej tepla po dobu p\u0159ibli\u017en\u011b 36 hodin.<\/p>\n<p>Lze pou\u017e\u00edt pouze jednou!<\/p>\n<p><strong>Slo\u017een\u00ed:<\/strong> \u017eelezo, aktivn\u00ed uhl\u00ed, belmilit, s\u016fl, voda<\/p>","protected":false},"excerpt":{"rendered":"<p>Tepeln\u00fd v\u00fdkon po dobu 36 hodin<\/p>","protected":false},"featured_media":9732,"comment_status":"open","ping_status":"closed","template":"","meta":{"_acf_changed":false,"content-type":"","_monsterinsights_skip_tracking":false,"_monsterinsights_sitenote_active":false,"_monsterinsights_sitenote_note":"","_monsterinsights_sitenote_category":0},"product_brand":[],"product_cat":[237],"product_tag":[],"class_list":{"0":"post-9268","1":"product","2":"type-product","3":"status-publish","4":"has-post-thumbnail","6":"product_cat-tools","8":"first","9":"instock","10":"taxable","11":"shipping-taxable","12":"purchasable","13":"product-type-simple"},"acf":[],"aioseo_notices":[],"jetpack_sharing_enabled":true,"_links":{"self":[{"href":"https:\/\/antcube.shop\/cs\/wp-json\/wp\/v2\/product\/9268","targetHints":{"allow":["GET"]}}],"collection":[{"href":"https:\/\/antcube.shop\/cs\/wp-json\/wp\/v2\/product"}],"about":[{"href":"https:\/\/antcube.shop\/cs\/wp-json\/wp\/v2\/types\/product"}],"replies":[{"embeddable":true,"href":"https:\/\/antcube.shop\/cs\/wp-json\/wp\/v2\/comments?post=9268"}],"wp:featuredmedia":[{"embeddable":true,"href":"https:\/\/antcube.shop\/cs\/wp-json\/wp\/v2\/media\/9732"}],"wp:attachment":[{"href":"https:\/\/antcube.shop\/cs\/wp-json\/wp\/v2\/media?parent=9268"}],"wp:term":[{"taxonomy":"product_brand","embeddable":true,"href":"https:\/\/antcube.shop\/cs\/wp-json\/wp\/v2\/product_brand?post=9268"},{"taxonomy":"product_cat","embeddable":true,"href":"https:\/\/antcube.shop\/cs\/wp-json\/wp\/v2\/product_cat?post=9268"},{"taxonomy":"product_tag","embeddable":true,"href":"https:\/\/antcube.shop\/cs\/wp-json\/wp\/v2\/product_tag?post=9268"}],"curies":[{"name":"wp","href":"https:\/\/api.w.org\/{rel}","templated":true}]}}