{"id":9266,"date":"2024-09-17T14:51:18","date_gmt":"2024-09-17T12:51:18","guid":{"rendered":"https:\/\/antcube.shop\/en\/product\/spritze-20-ml\/"},"modified":"2026-04-02T09:54:50","modified_gmt":"2026-04-02T07:54:50","slug":"injekcni-strikacka-20-ml","status":"publish","type":"product","link":"https:\/\/antcube.shop\/cs\/produkt\/injekcni-strikacka-20-ml\/","title":{"rendered":"Injek\u010dn\u00ed st\u0159\u00edka\u010dka 20 ml"},"content":{"rendered":"<p><strong>Rozm\u011bry:<\/strong> Objem: 20 ml<br \/>\n<strong>Popis:<\/strong> Lze pou\u017e\u00edt ke krmen\u00ed mravenc\u016f.<\/p>","protected":false},"excerpt":{"rendered":"<p>Rozm\u011bry: Objem: 20 ml Popis: Lze pou\u017e\u00edt ke krmen\u00ed mravenc\u016f.<\/p>","protected":false},"featured_media":9727,"comment_status":"open","ping_status":"closed","template":"","meta":{"_acf_changed":false,"content-type":"","_monsterinsights_skip_tracking":false,"_monsterinsights_sitenote_active":false,"_monsterinsights_sitenote_note":"","_monsterinsights_sitenote_category":0},"product_brand":[],"product_cat":[237],"product_tag":[],"class_list":{"0":"post-9266","1":"product","2":"type-product","3":"status-publish","4":"has-post-thumbnail","6":"product_cat-tools","8":"first","9":"instock","10":"taxable","11":"shipping-taxable","12":"purchasable","13":"product-type-simple"},"acf":[],"aioseo_notices":[],"jetpack_sharing_enabled":true,"_links":{"self":[{"href":"https:\/\/antcube.shop\/cs\/wp-json\/wp\/v2\/product\/9266","targetHints":{"allow":["GET"]}}],"collection":[{"href":"https:\/\/antcube.shop\/cs\/wp-json\/wp\/v2\/product"}],"about":[{"href":"https:\/\/antcube.shop\/cs\/wp-json\/wp\/v2\/types\/product"}],"replies":[{"embeddable":true,"href":"https:\/\/antcube.shop\/cs\/wp-json\/wp\/v2\/comments?post=9266"}],"wp:featuredmedia":[{"embeddable":true,"href":"https:\/\/antcube.shop\/cs\/wp-json\/wp\/v2\/media\/9727"}],"wp:attachment":[{"href":"https:\/\/antcube.shop\/cs\/wp-json\/wp\/v2\/media?parent=9266"}],"wp:term":[{"taxonomy":"product_brand","embeddable":true,"href":"https:\/\/antcube.shop\/cs\/wp-json\/wp\/v2\/product_brand?post=9266"},{"taxonomy":"product_cat","embeddable":true,"href":"https:\/\/antcube.shop\/cs\/wp-json\/wp\/v2\/product_cat?post=9266"},{"taxonomy":"product_tag","embeddable":true,"href":"https:\/\/antcube.shop\/cs\/wp-json\/wp\/v2\/product_tag?post=9266"}],"curies":[{"name":"wp","href":"https:\/\/api.w.org\/{rel}","templated":true}]}}