{"id":9254,"date":"2024-09-17T14:45:49","date_gmt":"2024-09-17T12:45:49","guid":{"rendered":"https:\/\/antcube.shop\/en\/product\/fotoruckwand-wiese-30x60-hoch\/"},"modified":"2026-01-12T12:35:48","modified_gmt":"2026-01-12T11:35:48","slug":"foto-zadni-stena-louka-30x60-vysoka","status":"publish","type":"product","link":"https:\/\/antcube.shop\/cs\/produkt\/foto-zadni-stena-louka-30x60-vysoka\/","title":{"rendered":"Fotost\u011bna - Louka - 30\u00d760 - vysok\u00e1"},"content":{"rendered":"<p><strong>Rozm\u011bry:<\/strong> 30x60cm<\/p>\n<p><strong>Materi\u00e1l:<\/strong> Leskl\u00fd f\u00f3liov\u00fd pap\u00edr<\/p>\n<p><strong>Obsah:<\/strong> 1x fotografick\u00e9 pozad\u00ed<\/p>\n<p><strong>Popis:<\/strong> Tento fotografick\u00fd podklad je nalepen na vn\u011bj\u0161\u00ed stranu zadn\u00ed \u010d\u00e1sti formik\u00e1ria, aby vytv\u00e1\u0159el dojem prost\u0159ed\u00ed, kter\u00e9 odpov\u00edd\u00e1 p\u0159irozen\u00e9mu prost\u0159ed\u00ed mravenc\u016f.<\/p>","protected":false},"excerpt":{"rendered":"<p>Materi\u00e1l: leskl\u00fd f\u00f3liov\u00fd pap\u00edr<\/p>","protected":false},"featured_media":9699,"comment_status":"open","ping_status":"closed","template":"","meta":{"_acf_changed":false,"content-type":"","_monsterinsights_skip_tracking":false,"_monsterinsights_sitenote_active":false,"_monsterinsights_sitenote_note":"","_monsterinsights_sitenote_category":0},"product_brand":[],"product_cat":[97,103],"product_tag":[],"class_list":{"0":"post-9254","1":"product","2":"type-product","3":"status-publish","4":"has-post-thumbnail","6":"product_cat-photo-backwalls","7":"product_cat-meadow-photo-backwall","9":"first","10":"instock","11":"taxable","12":"shipping-taxable","13":"purchasable","14":"product-type-simple"},"acf":[],"aioseo_notices":[],"jetpack_sharing_enabled":true,"_links":{"self":[{"href":"https:\/\/antcube.shop\/cs\/wp-json\/wp\/v2\/product\/9254","targetHints":{"allow":["GET"]}}],"collection":[{"href":"https:\/\/antcube.shop\/cs\/wp-json\/wp\/v2\/product"}],"about":[{"href":"https:\/\/antcube.shop\/cs\/wp-json\/wp\/v2\/types\/product"}],"replies":[{"embeddable":true,"href":"https:\/\/antcube.shop\/cs\/wp-json\/wp\/v2\/comments?post=9254"}],"wp:featuredmedia":[{"embeddable":true,"href":"https:\/\/antcube.shop\/cs\/wp-json\/wp\/v2\/media\/9699"}],"wp:attachment":[{"href":"https:\/\/antcube.shop\/cs\/wp-json\/wp\/v2\/media?parent=9254"}],"wp:term":[{"taxonomy":"product_brand","embeddable":true,"href":"https:\/\/antcube.shop\/cs\/wp-json\/wp\/v2\/product_brand?post=9254"},{"taxonomy":"product_cat","embeddable":true,"href":"https:\/\/antcube.shop\/cs\/wp-json\/wp\/v2\/product_cat?post=9254"},{"taxonomy":"product_tag","embeddable":true,"href":"https:\/\/antcube.shop\/cs\/wp-json\/wp\/v2\/product_tag?post=9254"}],"curies":[{"name":"wp","href":"https:\/\/api.w.org\/{rel}","templated":true}]}}