{"id":9248,"date":"2024-09-17T14:43:20","date_gmt":"2024-09-17T12:43:20","guid":{"rendered":"https:\/\/antcube.shop\/en\/product\/antcube-box-10x10-gipsnest-beige\/"},"modified":"2026-01-12T12:38:20","modified_gmt":"2026-01-12T11:38:20","slug":"krabice-antcube-10x10-sadrove-hnizdo-bezova","status":"publish","type":"product","link":"https:\/\/antcube.shop\/cs\/produkt\/krabice-antcube-10x10-sadrove-hnizdo-bezova\/","title":{"rendered":"ANTCUBE - Box 10\u00d710 - S\u00e1drov\u00e9 hn\u00edzdo b\u00e9\u017eov\u00e9 barvy"},"content":{"rendered":"<p><strong>Rozm\u011bry:<\/strong><br \/>\n100x100x100 mm<\/p>\n<p><strong>Materi\u00e1l:<\/strong><br \/>\nPMMA, PS, s\u00e1dra<\/p>\n<p><strong>Barva:<\/strong> transparentn\u00ed, b\u00e9\u017eov\u00e1<\/p>\n<p><strong>Obsah:<\/strong><br \/>\n1x krabice 100x100x100 mm<br \/>\n1x vkl\u00e1dac\u00ed r\u00e1m<br \/>\n1x zasouvac\u00ed v\u00edko s 50mm otvorem<br \/>\n1x vlo\u017eka do s\u00e1drov\u00e9ho hn\u00edzda<br \/>\n2x mraven\u010d\u00ed z\u00e1tky 27 mm<br \/>\n1x m\u0159\u00ed\u017ekov\u00e1 vlo\u017eka - 50 mm - nerezov\u00e1 ocel<\/p>\n<p><strong>Popis:<\/strong><br \/>\nTento kontejner je vybaven zasouvac\u00edm r\u00e1mem a v\u00edkem a m\u00e1 tak\u00e9 dva 27mm otvory pro budouc\u00ed roz\u0161\u00ed\u0159en\u00ed. V\u00edko m\u00e1 50mm otvor, do kter\u00e9ho lze vlo\u017eit m\u0159\u00ed\u017ekov\u00e9 vlo\u017eky, ventil\u00e1tor nebo z\u00e1suvky pro lampy. Tato praktick\u00e1 a snadno udr\u017eovateln\u00e1 ar\u00e9na s integrovan\u00fdm s\u00e1drov\u00fdm hn\u00edzdem je vhodn\u00e1 pro zakladatelsk\u00e9 kolonie, kter\u00e9 si r\u00e1dy stav\u00ed hn\u00edzda v zemi nebo mezi kameny.<\/p>","protected":false},"excerpt":{"rendered":"<p><strong>Velikost:<\/strong> 10x10x10 cm<\/p>","protected":false},"featured_media":9559,"comment_status":"open","ping_status":"closed","template":"","meta":{"_acf_changed":false,"content-type":"","_monsterinsights_skip_tracking":false,"_monsterinsights_sitenote_active":false,"_monsterinsights_sitenote_note":"","_monsterinsights_sitenote_category":0},"product_brand":[],"product_cat":[80,90],"product_tag":[],"class_list":{"0":"post-9248","1":"product","2":"type-product","3":"status-publish","4":"has-post-thumbnail","6":"product_cat-antfarms","7":"product_cat-gypsum","9":"first","10":"instock","11":"taxable","12":"shipping-taxable","13":"purchasable","14":"product-type-simple"},"acf":[],"aioseo_notices":[],"jetpack_sharing_enabled":true,"_links":{"self":[{"href":"https:\/\/antcube.shop\/cs\/wp-json\/wp\/v2\/product\/9248","targetHints":{"allow":["GET"]}}],"collection":[{"href":"https:\/\/antcube.shop\/cs\/wp-json\/wp\/v2\/product"}],"about":[{"href":"https:\/\/antcube.shop\/cs\/wp-json\/wp\/v2\/types\/product"}],"replies":[{"embeddable":true,"href":"https:\/\/antcube.shop\/cs\/wp-json\/wp\/v2\/comments?post=9248"}],"wp:featuredmedia":[{"embeddable":true,"href":"https:\/\/antcube.shop\/cs\/wp-json\/wp\/v2\/media\/9559"}],"wp:attachment":[{"href":"https:\/\/antcube.shop\/cs\/wp-json\/wp\/v2\/media?parent=9248"}],"wp:term":[{"taxonomy":"product_brand","embeddable":true,"href":"https:\/\/antcube.shop\/cs\/wp-json\/wp\/v2\/product_brand?post=9248"},{"taxonomy":"product_cat","embeddable":true,"href":"https:\/\/antcube.shop\/cs\/wp-json\/wp\/v2\/product_cat?post=9248"},{"taxonomy":"product_tag","embeddable":true,"href":"https:\/\/antcube.shop\/cs\/wp-json\/wp\/v2\/product_tag?post=9248"}],"curies":[{"name":"wp","href":"https:\/\/api.w.org\/{rel}","templated":true}]}}