{"id":9247,"date":"2024-09-17T14:42:38","date_gmt":"2024-09-17T12:42:38","guid":{"rendered":"https:\/\/antcube.shop\/en\/product\/antcube-gipsnest-30x30-liegend\/"},"modified":"2026-03-19T18:11:44","modified_gmt":"2026-03-19T17:11:44","slug":"antcube-gipsnest-30x30-liegend","status":"publish","type":"product","link":"https:\/\/antcube.shop\/cs\/produkt\/antcube-gipsnest-30x30-liegend\/","title":{"rendered":"ANTCUBE - S\u00e1drov\u00e9 hn\u00edzdo 30\u00d730 - horizont\u00e1ln\u00ed"},"content":{"rendered":"<p><span data-text-color=\"alert\"><strong>Doprava mo\u017en\u00e1 pouze p\u0159es GO! v N\u011bmecku nebo p\u0159es paletu v Evrop\u011b (bez ostrov\u016f)<\/strong><\/span><\/p>\n<p><strong>Rozm\u011bry:<\/strong><br \/>\nS\u00e1drov\u00e9 hn\u00edzdo: 290 x 290 x 50 mm<br \/>\nSklen\u011bn\u00fd kryt: 279 x 279 x 4 mm<\/p>\n<p><strong>Materi\u00e1l:<\/strong> Om\u00edtka<\/p>\n<p><strong>Obsah:<\/strong><br \/>\n1x s\u00e1drov\u00e9 hn\u00edzdo 30\u00d730 se dv\u011bma p\u0159ipojovac\u00edmi z\u00e1suvkami L 14\/16\/18\/20 x 20 mm<\/p>\n<ul>\n<li>Hadice 14\/10 je pevn\u011b zasunuta do 14mm n\u00e1trubku.<\/li>\n<li>Hadice 20\/16 je pevn\u011b p\u0159ipojena k prvn\u00edmu 16mm stupni.<\/li>\n<li>Hadice 22\/18 je pevn\u011b p\u0159ipojena k druh\u00e9mu 20mm stupni.<\/li>\n<li>Hadice 24\/20 je voln\u011b p\u0159ipojena k druh\u00e9mu 20mm stupni.<\/li>\n<\/ul>\n<p>1x sklen\u011bn\u00fd kryt s 50mm otvorem<br \/>\n1x akrylov\u00fd krou\u017eek 50 mm pro 27mm otvor<br \/>\n1x z\u00e1kladna pro formik\u00e1rium 30\u00d730<br \/>\n2x krytka m\u0159\u00ed\u017eky - 16 mm - nerezov\u00e1 ocel<br \/>\n1x m\u0159\u00ed\u017ekov\u00e1 vlo\u017eka - 27 mm - nerezov\u00e1 ocel<\/p>\n<p><strong>Popis:<\/strong> Na\u0161e s\u00e1drov\u00e9 hn\u00edzdo s prefabrikovan\u00fdmi chodbami a kom\u016frkami je vhodn\u00e9 pro mnoho druh\u016f mravenc\u016f, zejm\u00e9na pro druhy, kter\u00e9 si stav\u00ed hn\u00edzda ve velmi p\u00eds\u010dit\u00fdch nebo kamenit\u00fdch p\u016fd\u00e1ch. Je vybaveno otvorem pro p\u0159\u00edstup do hn\u00edzda. S\u00e1dra m\u00e1 vlastnost absorbovat vodu, tak\u017ee se v n\u00ed ukl\u00e1d\u00e1 ur\u010dit\u00e9 mno\u017estv\u00ed vlhkosti. P\u0159esto by s\u00e1drov\u00e9 hn\u00edzdo nem\u011blo b\u00fdt pou\u017e\u00edv\u00e1no trvale vlhk\u00e9, proto\u017ee jinak m\u016f\u017ee doj\u00edt k tvorb\u011b pl\u00edsn\u00ed (kv\u016fli zbytk\u016fm potravy nebo v\u00fdkal\u016fm mravenc\u016f). Proto by zde m\u011bly b\u00fdt pokud mo\u017eno chov\u00e1ny druhy ze sp\u00ed\u0161e such\u00fdch oblast\u00ed. Jednalo by se nap\u0159\u00edklad o druhy ze st\u0159edomo\u0159sk\u00fdch nebo pou\u0161tn\u00edch oblast\u00ed.<\/p>\n<p><strong>Pozn\u00e1mka:<\/strong> Vzhledem k jejich konstrukci nejsou vhodn\u00e9 pro velmi mal\u00e9 druhy (nap\u0159. druhy rodu Pheidole, Temnothorax), mohou se vyskytovat mezery 0,3-0,5 mm.<\/p>\n<p><strong>Pozn\u00e1mka k p\u0159ipojovac\u00edm z\u00e1suvk\u00e1m<\/strong><br \/>\nP\u0159i p\u0159ipojov\u00e1n\u00ed nebo odpojov\u00e1n\u00ed hadic dbejte na n\u00e1sleduj\u00edc\u00ed pokyny:<br \/>\nPokud se hadi\u010dka velmi \u0161patn\u011b nasazuje na p\u0159ipojovac\u00ed hrdlo, je t\u0159eba hrdlo lehce pot\u0159\u00edt kapkou na\u0161eho oleje nebo pr\u00e1\u0161ku proti prask\u00e1n\u00ed. Pot\u00e9 by se m\u011bla hadice nasunout na obj\u00edmku krou\u017eiv\u00fdmi nebo \u0161roubovac\u00edmi pohyby, ani\u017e by se obj\u00edmka nam\u00e1hala pohyby nahoru a dol\u016f. Tot\u00e9\u017e plat\u00ed i p\u0159i vyj\u00edm\u00e1n\u00ed hadic z p\u0159ipojovac\u00ed obj\u00edmky farmy. Nevytahujte ji jednodu\u0161e!<\/p>","protected":false},"excerpt":{"rendered":"<p>Doprava mo\u017en\u00e1 pouze p\u0159es GO! v r\u00e1mci N\u011bmecka nebo p\u0159es paletu v r\u00e1mci Evropy (bez ostrov\u016f) Rozm\u011bry: S\u00e1drov\u00e9 hn\u00edzdo: 290 x 290 x 50 mm Sklen\u011bn\u00fd kryt: 279 x 279 x 4 mm Materi\u00e1l: Obsah: s\u00e1dra Sada obsahuje: 1x s\u00e1drov\u00e9 hn\u00edzdo 30x30 se dv\u011bma p\u0159ipojovac\u00edmi z\u00e1suvkami L 14\/16\/18\/20 x 20mm 14\/10 hadice se pevn\u011b zasune do 14mm z\u00e1suvky.","protected":false},"featured_media":9683,"comment_status":"open","ping_status":"closed","template":"","meta":{"_acf_changed":false,"content-type":"","_monsterinsights_skip_tracking":false,"_monsterinsights_sitenote_active":false,"_monsterinsights_sitenote_note":"","_monsterinsights_sitenote_category":0},"product_brand":[],"product_cat":[80,83],"product_tag":[],"class_list":{"0":"post-9247","1":"product","2":"type-product","3":"status-publish","4":"has-post-thumbnail","6":"product_cat-antfarms","7":"product_cat-antfarms-l","9":"first","10":"instock","11":"taxable","12":"shipping-taxable","13":"purchasable","14":"product-type-simple"},"acf":[],"aioseo_notices":[],"jetpack_sharing_enabled":true,"_links":{"self":[{"href":"https:\/\/antcube.shop\/cs\/wp-json\/wp\/v2\/product\/9247","targetHints":{"allow":["GET"]}}],"collection":[{"href":"https:\/\/antcube.shop\/cs\/wp-json\/wp\/v2\/product"}],"about":[{"href":"https:\/\/antcube.shop\/cs\/wp-json\/wp\/v2\/types\/product"}],"replies":[{"embeddable":true,"href":"https:\/\/antcube.shop\/cs\/wp-json\/wp\/v2\/comments?post=9247"}],"wp:featuredmedia":[{"embeddable":true,"href":"https:\/\/antcube.shop\/cs\/wp-json\/wp\/v2\/media\/9683"}],"wp:attachment":[{"href":"https:\/\/antcube.shop\/cs\/wp-json\/wp\/v2\/media?parent=9247"}],"wp:term":[{"taxonomy":"product_brand","embeddable":true,"href":"https:\/\/antcube.shop\/cs\/wp-json\/wp\/v2\/product_brand?post=9247"},{"taxonomy":"product_cat","embeddable":true,"href":"https:\/\/antcube.shop\/cs\/wp-json\/wp\/v2\/product_cat?post=9247"},{"taxonomy":"product_tag","embeddable":true,"href":"https:\/\/antcube.shop\/cs\/wp-json\/wp\/v2\/product_tag?post=9247"}],"curies":[{"name":"wp","href":"https:\/\/api.w.org\/{rel}","templated":true}]}}