{"id":9244,"date":"2024-09-17T14:40:42","date_gmt":"2024-09-17T12:40:42","guid":{"rendered":"https:\/\/antcube.shop\/en\/product\/antcube-gipsnest-20x10-stehend\/"},"modified":"2026-03-31T12:29:34","modified_gmt":"2026-03-31T10:29:34","slug":"antcube-gipsnest-20x10-stehend","status":"publish","type":"product","link":"https:\/\/antcube.shop\/cs\/produkt\/antcube-gipsnest-20x10-stehend\/","title":{"rendered":"ANTCUBE - S\u00e1drov\u00e9 hn\u00edzdo 20\u00d710 - vzp\u0159\u00edmen\u00e9"},"content":{"rendered":"<p><strong>Rozm\u011bry:<\/strong> 182 x 59 x 19,5 mm<\/p>\n<p><strong>Materi\u00e1l:<\/strong> om\u00edtka<\/p>\n<p>Hod\u00ed se pouze do na\u0161ich mraveni\u0161\u0165 o velikosti <span style=\"font-size: 10.5pt; font-family: Arial; color: #0000ff; background-color: transparent; font-weight: bold; font-style: normal; font-variant: normal; text-decoration: none; vertical-align: baseline;\">L<\/span><\/p>\n<p><strong>Popis:<\/strong> Na\u0161e s\u00e1drov\u00e9 hn\u00edzdo s prefabrikovan\u00fdmi chodbami a kom\u016frkami je vhodn\u00e9 pro mnoho druh\u016f mravenc\u016f, zejm\u00e9na pro druhy, kter\u00e9 si stav\u00ed hn\u00edzda ve velmi p\u00eds\u010dit\u00fdch nebo kamenit\u00fdch p\u016fd\u00e1ch. Je vybaveno otvorem pro p\u0159\u00edstup do hn\u00edzda. S\u00e1dra m\u00e1 vlastnost absorbovat vodu, tak\u017ee se v n\u00ed ukl\u00e1d\u00e1 ur\u010dit\u00e9 mno\u017estv\u00ed vlhkosti. P\u0159esto by s\u00e1drov\u00e9 hn\u00edzdo nem\u011blo b\u00fdt pou\u017e\u00edv\u00e1no trvale vlhk\u00e9, proto\u017ee jinak m\u016f\u017ee doj\u00edt k tvorb\u011b pl\u00edsn\u00ed (kv\u016fli zbytk\u016fm potravy nebo v\u00fdkal\u016fm mravenc\u016f). Proto by zde m\u011bly b\u00fdt pokud mo\u017eno chov\u00e1ny druhy ze sp\u00ed\u0161e such\u00fdch oblast\u00ed. Jednalo by se nap\u0159\u00edklad o druhy ze st\u0159edomo\u0159sk\u00fdch nebo pou\u0161tn\u00edch oblast\u00ed.<\/p>","protected":false},"excerpt":{"rendered":"<p>Rozm\u011bry: Materi\u00e1l: s\u00e1dra Vhodn\u00e9 pouze do na\u0161ich mraveni\u0161\u0165 velikosti L Popis: Vhodn\u00e9 pouze do na\u0161ich mraveni\u0161\u0165 velikosti L: Na\u0161e s\u00e1drov\u00e9 hn\u00edzdo s prefabrikovan\u00fdmi chodbami a kom\u016frkami je vhodn\u00e9 pro mnoho druh\u016f mravenc\u016f, zejm\u00e9na pro druhy, kter\u00e9 si stav\u00ed hn\u00edzda ve velmi p\u00eds\u010dit\u00fdch nebo kamenit\u00fdch p\u016fd\u00e1ch. Je vybaveno otvorem pro p\u0159\u00edstup do mraveni\u0161t\u011b a [...]","protected":false},"featured_media":9676,"comment_status":"open","ping_status":"closed","template":"","meta":{"_acf_changed":false,"content-type":"","_monsterinsights_skip_tracking":false,"_monsterinsights_sitenote_active":false,"_monsterinsights_sitenote_note":"","_monsterinsights_sitenote_category":0},"product_brand":[],"product_cat":[87,90],"product_tag":[],"class_list":{"0":"post-9244","1":"product","2":"type-product","3":"status-publish","4":"has-post-thumbnail","6":"product_cat-nest-insets","7":"product_cat-gypsum","9":"first","10":"instock","11":"taxable","12":"shipping-taxable","13":"purchasable","14":"product-type-simple"},"acf":[],"aioseo_notices":[],"jetpack_sharing_enabled":true,"_links":{"self":[{"href":"https:\/\/antcube.shop\/cs\/wp-json\/wp\/v2\/product\/9244","targetHints":{"allow":["GET"]}}],"collection":[{"href":"https:\/\/antcube.shop\/cs\/wp-json\/wp\/v2\/product"}],"about":[{"href":"https:\/\/antcube.shop\/cs\/wp-json\/wp\/v2\/types\/product"}],"replies":[{"embeddable":true,"href":"https:\/\/antcube.shop\/cs\/wp-json\/wp\/v2\/comments?post=9244"}],"wp:featuredmedia":[{"embeddable":true,"href":"https:\/\/antcube.shop\/cs\/wp-json\/wp\/v2\/media\/9676"}],"wp:attachment":[{"href":"https:\/\/antcube.shop\/cs\/wp-json\/wp\/v2\/media?parent=9244"}],"wp:term":[{"taxonomy":"product_brand","embeddable":true,"href":"https:\/\/antcube.shop\/cs\/wp-json\/wp\/v2\/product_brand?post=9244"},{"taxonomy":"product_cat","embeddable":true,"href":"https:\/\/antcube.shop\/cs\/wp-json\/wp\/v2\/product_cat?post=9244"},{"taxonomy":"product_tag","embeddable":true,"href":"https:\/\/antcube.shop\/cs\/wp-json\/wp\/v2\/product_tag?post=9244"}],"curies":[{"name":"wp","href":"https:\/\/api.w.org\/{rel}","templated":true}]}}