{"id":9239,"date":"2024-09-17T14:33:19","date_gmt":"2024-09-17T12:33:19","guid":{"rendered":"https:\/\/antcube.shop\/en\/product\/antcube-digfix-platte-20x10-l\/"},"modified":"2026-03-23T09:46:56","modified_gmt":"2026-03-23T08:46:56","slug":"antcube-digfix-deska-20x10-l","status":"publish","type":"product","link":"https:\/\/antcube.shop\/cs\/produkt\/antcube-digfix-deska-20x10-l\/","title":{"rendered":"ANTCUBE - Digfixov\u00e1 deska 20\u00d710 - L"},"content":{"rendered":"<p><strong>Rozm\u011bry:<\/strong> 183x60x20 mm<\/p>\n<p><strong>Materi\u00e1l:<\/strong> Digfix<\/p>\n<p><strong>Popis:<\/strong> Deska Digfix z kopateln\u00e9ho materi\u00e1lu se dokonale hod\u00ed pro na\u0161e mraveni\u0161t\u011b ANTCUBE. Lze ji pou\u017e\u00edvat za sucha i za mokra. Je tak\u00e9 vhodn\u00e1 pro mnoho druh\u016f mravenc\u016f, zejm\u00e9na pro druhy, kter\u00e9 hn\u00edzd\u00ed v p\u00edsku a (mrtv\u00e9m) d\u0159ev\u011b. Lze jej pou\u017e\u00edt m\u00edsto sm\u011bs\u00ed p\u00edsku a hl\u00edny nebo korkov\u00fdch hn\u00edzdn\u00edch vlo\u017eek. Hlavn\u00ed v\u00fdhodou oproti korkov\u00fdm hn\u00edzd\u016fm je, \u017ee Digfix neplesniv\u00ed ani za mokra. To znamen\u00e1, \u017ee druhy mravenc\u016f s vysok\u00fdmi n\u00e1roky na vlhkost lze snadno z\u00e1sobovat dostate\u010dn\u00fdm mno\u017estv\u00edm vody. Digfix m\u00e1 tak\u00e9 tu v\u00fdhodu, \u017ee hrabaj\u00edc\u00ed druhy mravenc\u016f p\u0159i hrab\u00e1n\u00ed ne\u0161pin\u00ed sklen\u011bn\u00e9 tabule hn\u00edzda, co\u017e umo\u017e\u0148uje dokonal\u00fd v\u00fdhled do hn\u00edzda.<\/p>\n<p><strong>Pozn\u00e1mka:<\/strong> P\u0159irozen\u00e1 barva se m\u016f\u017ee pohybovat mezi zelenou\/\u0161edohn\u011bdou a zemit\u011b hn\u011bdou. Barevn\u00fd t\u00f3n nem\u00e1 vliv na kvalitu.<br \/>\nVzhledem k v\u00fdrobn\u00edmu procesu se rozm\u011bry mohou li\u0161it o +\/- 1 mm.<\/p>","protected":false},"excerpt":{"rendered":"<p>Velikost: <strong>L<\/strong><\/p>","protected":false},"featured_media":9666,"comment_status":"open","ping_status":"closed","template":"","meta":{"_acf_changed":false,"content-type":"","_monsterinsights_skip_tracking":false,"_monsterinsights_sitenote_active":false,"_monsterinsights_sitenote_note":"","_monsterinsights_sitenote_category":0},"product_brand":[],"product_cat":[87,88],"product_tag":[],"class_list":{"0":"post-9239","1":"product","2":"type-product","3":"status-publish","4":"has-post-thumbnail","6":"product_cat-nest-insets","7":"product_cat-digfix","9":"first","10":"instock","11":"taxable","12":"shipping-taxable","13":"purchasable","14":"product-type-simple"},"acf":[],"aioseo_notices":[],"jetpack_sharing_enabled":true,"_links":{"self":[{"href":"https:\/\/antcube.shop\/cs\/wp-json\/wp\/v2\/product\/9239","targetHints":{"allow":["GET"]}}],"collection":[{"href":"https:\/\/antcube.shop\/cs\/wp-json\/wp\/v2\/product"}],"about":[{"href":"https:\/\/antcube.shop\/cs\/wp-json\/wp\/v2\/types\/product"}],"replies":[{"embeddable":true,"href":"https:\/\/antcube.shop\/cs\/wp-json\/wp\/v2\/comments?post=9239"}],"wp:featuredmedia":[{"embeddable":true,"href":"https:\/\/antcube.shop\/cs\/wp-json\/wp\/v2\/media\/9666"}],"wp:attachment":[{"href":"https:\/\/antcube.shop\/cs\/wp-json\/wp\/v2\/media?parent=9239"}],"wp:term":[{"taxonomy":"product_brand","embeddable":true,"href":"https:\/\/antcube.shop\/cs\/wp-json\/wp\/v2\/product_brand?post=9239"},{"taxonomy":"product_cat","embeddable":true,"href":"https:\/\/antcube.shop\/cs\/wp-json\/wp\/v2\/product_cat?post=9239"},{"taxonomy":"product_tag","embeddable":true,"href":"https:\/\/antcube.shop\/cs\/wp-json\/wp\/v2\/product_tag?post=9239"}],"curies":[{"name":"wp","href":"https:\/\/api.w.org\/{rel}","templated":true}]}}