{"id":9236,"date":"2024-09-17T14:31:58","date_gmt":"2024-09-17T12:31:58","guid":{"rendered":"https:\/\/antcube.shop\/en\/product\/ameisenarena-rahmen-20x10\/"},"modified":"2026-03-31T12:29:33","modified_gmt":"2026-03-31T10:29:33","slug":"ram-mraveniste-20x10","status":"publish","type":"product","link":"https:\/\/antcube.shop\/cs\/produkt\/ram-mraveniste-20x10\/","title":{"rendered":"R\u00e1m mraveni\u0161t\u011b 20\u00d710"},"content":{"rendered":"<p><strong>Rozm\u011bry (Dx\u0160xV):<\/strong> 20x10x0,4 cm<\/p>\n<p><strong>Materi\u00e1l:<\/strong> Plovouc\u00ed sklo<\/p>\n<p><strong>Barva:<\/strong> \u010dir\u00fd \/ pr\u016fhledn\u00fd<\/p>\n<p><strong>Obsah:<\/strong><br \/>\n1x r\u00e1m mraveni\u0161t\u011b<\/p>\n<p><strong>Popis:<\/strong><br \/>\nR\u00e1m ze skla pro mraveni\u0161t\u011b jako ochrana p\u0159ed \u00fanikem.<\/p>\n<p><strong>Pou\u017eit\u00ed:<\/strong><br \/>\nR\u00e1m mraveni\u0161t\u011b je sklen\u011bn\u00fd r\u00e1m, kter\u00fd se um\u00edst\u00ed na mraveni\u0161t\u011b a ze spodn\u00ed strany se opat\u0159\u00ed ochranou proti vylomen\u00ed (olej, pr\u00e1\u0161ek nebo lak), aby se zabr\u00e1nilo vylomen\u00ed mravenc\u016f.<\/p>\n<p><strong>Upozorn\u011bn\u00ed:<\/strong><br \/>\nJeliko\u017e je v\u00fdrobek vyroben ze skla, a je tedy citliv\u00fd, je t\u0159eba s n\u00edm zach\u00e1zet velmi opatrn\u011b. Sklo se brous\u00ed podle normy DIN 1249 s toleranc\u00ed +\/- 1 mm. U extr\u00e9mn\u011b mal\u00fdch druh\u016f mravenc\u016f je nezbytn\u00e1 dodate\u010dn\u00e1 ochrana proti prora\u017een\u00ed.<\/p>","protected":false},"excerpt":{"rendered":"<p>Rozm\u011bry (Dx\u0160xV): 60x30x0,4 cm Materi\u00e1l: Barva: \u010dir\u00e1 \/ pr\u016fhledn\u00e1 Obsah: Obsah: 1x r\u00e1me\u010dek Ant arena Popis: R\u00e1m ze skla pro mraveni\u0161t\u011b jako ochrana proti \u00faniku. Pou\u017eit\u00ed: R\u00e1m mraveni\u0161t\u011b je r\u00e1m ze skla, kter\u00fd se umis\u0165uje na mraveni\u0161t\u011b a je opat\u0159en ochranou proti \u00faniku (olej, pr\u00e1\u0161ek, n\u00e1t\u011brov\u00e9 hmoty).","protected":false},"featured_media":9498,"comment_status":"open","ping_status":"closed","template":"","meta":{"_acf_changed":false,"content-type":"","_monsterinsights_skip_tracking":false,"_monsterinsights_sitenote_active":false,"_monsterinsights_sitenote_note":"","_monsterinsights_sitenote_category":0},"product_brand":[],"product_cat":[91,93],"product_tag":[],"class_list":{"0":"post-9236","1":"product","2":"type-product","3":"status-publish","4":"has-post-thumbnail","6":"product_cat-formicarium-modules","7":"product_cat-arena-frame","9":"first","10":"instock","11":"taxable","12":"shipping-taxable","13":"purchasable","14":"product-type-simple"},"acf":[],"aioseo_notices":[],"jetpack_sharing_enabled":true,"_links":{"self":[{"href":"https:\/\/antcube.shop\/cs\/wp-json\/wp\/v2\/product\/9236","targetHints":{"allow":["GET"]}}],"collection":[{"href":"https:\/\/antcube.shop\/cs\/wp-json\/wp\/v2\/product"}],"about":[{"href":"https:\/\/antcube.shop\/cs\/wp-json\/wp\/v2\/types\/product"}],"replies":[{"embeddable":true,"href":"https:\/\/antcube.shop\/cs\/wp-json\/wp\/v2\/comments?post=9236"}],"wp:featuredmedia":[{"embeddable":true,"href":"https:\/\/antcube.shop\/cs\/wp-json\/wp\/v2\/media\/9498"}],"wp:attachment":[{"href":"https:\/\/antcube.shop\/cs\/wp-json\/wp\/v2\/media?parent=9236"}],"wp:term":[{"taxonomy":"product_brand","embeddable":true,"href":"https:\/\/antcube.shop\/cs\/wp-json\/wp\/v2\/product_brand?post=9236"},{"taxonomy":"product_cat","embeddable":true,"href":"https:\/\/antcube.shop\/cs\/wp-json\/wp\/v2\/product_cat?post=9236"},{"taxonomy":"product_tag","embeddable":true,"href":"https:\/\/antcube.shop\/cs\/wp-json\/wp\/v2\/product_tag?post=9236"}],"curies":[{"name":"wp","href":"https:\/\/api.w.org\/{rel}","templated":true}]}}