{"id":9234,"date":"2024-09-17T14:31:14","date_gmt":"2024-09-17T12:31:14","guid":{"rendered":"https:\/\/antcube.shop\/en\/product\/ameisenarena-lufter-50mm\/"},"modified":"2026-04-05T17:10:30","modified_gmt":"2026-04-05T15:10:30","slug":"ameisenarena-lufter-50mm","status":"publish","type":"product","link":"https:\/\/antcube.shop\/cs\/produkt\/ameisenarena-lufter-50mm\/","title":{"rendered":"Ant Arena - ventil\u00e1tor 50 mm"},"content":{"rendered":"<p><span data-text-color=\"alert\"><strong>Doprava mo\u017en\u00e1 pouze v N\u011bmecku!<\/strong><\/span><\/p>\n<p><strong>Obsah:<\/strong><br \/>\n- Ventil\u00e1tor 42 mm<br \/>\n- M\u0159\u00ed\u017ekov\u00e1 vlo\u017eka 50 mm - pr\u016fhledn\u00e1<br \/>\n- Z\u00e1str\u010dka \/ konektor<\/p>\n<p><strong>Technick\u00e9 specifikace:<\/strong><br \/>\nV\u00fdkon: 1W<br \/>\nNap\u011bt\u00ed: 12V<br \/>\nD\u00e9lka kabelu: 10 cm<br \/>\nTeplotn\u00ed rozsah -10 - +60 \u00b0C<br \/>\n\u017divotnost 50 000 h<br \/>\nPr\u016ftok vzduchu 10 m\u00b3\/h (s m\u0159\u00ed\u017ekou, pr\u016ftok se sni\u017euje v z\u00e1vislosti na velikosti otvoru)<\/p>\n<p><strong>Materi\u00e1l:<\/strong> plast<\/p>\n<p><strong>Barva:<\/strong> b\u00edl\u00e1 \/ pr\u016fhledn\u00e1<\/p>\n<p><strong>Popis:<\/strong><br \/>\nPro v\u011btr\u00e1n\u00ed mraveni\u0161t\u011b lze tento ventil\u00e1tor zapojit p\u0159\u00edmo do krytu mraveni\u0161t\u011b.<\/p>\n<p><strong>Informace o \u017eivotn\u00edm prost\u0159ed\u00ed:<\/strong><br \/>\nM\u016f\u017ee b\u00fdt vy\u017eadov\u00e1na zvl\u00e1\u0161tn\u00ed likvidace. Obra\u0165te se na m\u00edstn\u00ed \u00fa\u0159ady.<br \/>\nDal\u0161\u00ed informace:<\/p>\n<blockquote class=\"wp-embedded-content\" data-secret=\"E5wsFkHgL8\"><p><a href=\"https:\/\/antcube.shop\/en\/electrical-devices-act\/\">Z\u00e1kon o elektrick\u00fdch za\u0159\u00edzen\u00edch<\/a><\/p><\/blockquote>\n<p><iframe loading=\"lazy\" class=\"wp-embedded-content\" sandbox=\"allow-scripts\" security=\"restricted\" style=\"position: absolute; visibility: hidden;\" title=\"&quot;Z\u00e1kon o elektrick\u00fdch za\u0159\u00edzen\u00edch&quot; - ANTCUBE\" src=\"https:\/\/antcube.shop\/en\/electrical-devices-act\/embed\/#?secret=BvHuHVTyVI#?secret=E5wsFkHgL8\" data-secret=\"E5wsFkHgL8\" width=\"600\" height=\"338\" frameborder=\"0\" marginwidth=\"0\" marginheight=\"0\" scrolling=\"no\"><\/iframe><\/p>\n<p>&nbsp;<\/p>\n<p>Tento v\u00fdrobek je registrov\u00e1n podle na\u0159\u00edzen\u00ed WEEE. DE 54590387.<\/p>\n<p>&nbsp;<\/p>","protected":false},"excerpt":{"rendered":"<p>Doprava mo\u017en\u00e1 pouze v N\u011bmecku! Obsah: - Ventil\u00e1tor 42 mm - M\u0159\u00ed\u017ekov\u00e1 vlo\u017eka 50 mm - pr\u016fhledn\u00e1 - Z\u00e1str\u010dka \/ konektor Technick\u00e9 specifikace: D\u00e9lka kabelu: 10 cm Teplotn\u00ed rozsah -10 - +60 \u00b0C \u017divotnost 50 000 h Pr\u016ftok vzduchu 10 m\u00b3\/h (s m\u0159\u00ed\u017ekovou vlo\u017ekou se pr\u016ftok sni\u017euje v z\u00e1vislosti na [...]","protected":false},"featured_media":9512,"comment_status":"open","ping_status":"closed","template":"","meta":{"_acf_changed":false,"content-type":"","_monsterinsights_skip_tracking":false,"_monsterinsights_sitenote_active":false,"_monsterinsights_sitenote_note":"","_monsterinsights_sitenote_category":0},"product_brand":[],"product_cat":[359,119],"product_tag":[],"class_list":{"0":"post-9234","1":"product","2":"type-product","3":"status-publish","4":"has-post-thumbnail","6":"product_cat-light-heat-humidity","7":"product_cat-formicarium-components","9":"first","10":"instock","11":"taxable","12":"shipping-taxable","13":"purchasable","14":"product-type-simple"},"acf":[],"aioseo_notices":[],"jetpack_sharing_enabled":true,"_links":{"self":[{"href":"https:\/\/antcube.shop\/cs\/wp-json\/wp\/v2\/product\/9234","targetHints":{"allow":["GET"]}}],"collection":[{"href":"https:\/\/antcube.shop\/cs\/wp-json\/wp\/v2\/product"}],"about":[{"href":"https:\/\/antcube.shop\/cs\/wp-json\/wp\/v2\/types\/product"}],"replies":[{"embeddable":true,"href":"https:\/\/antcube.shop\/cs\/wp-json\/wp\/v2\/comments?post=9234"}],"wp:featuredmedia":[{"embeddable":true,"href":"https:\/\/antcube.shop\/cs\/wp-json\/wp\/v2\/media\/9512"}],"wp:attachment":[{"href":"https:\/\/antcube.shop\/cs\/wp-json\/wp\/v2\/media?parent=9234"}],"wp:term":[{"taxonomy":"product_brand","embeddable":true,"href":"https:\/\/antcube.shop\/cs\/wp-json\/wp\/v2\/product_brand?post=9234"},{"taxonomy":"product_cat","embeddable":true,"href":"https:\/\/antcube.shop\/cs\/wp-json\/wp\/v2\/product_cat?post=9234"},{"taxonomy":"product_tag","embeddable":true,"href":"https:\/\/antcube.shop\/cs\/wp-json\/wp\/v2\/product_tag?post=9234"}],"curies":[{"name":"wp","href":"https:\/\/api.w.org\/{rel}","templated":true}]}}