{"id":9233,"date":"2024-09-17T14:30:50","date_gmt":"2024-09-17T12:30:50","guid":{"rendered":"https:\/\/antcube.shop\/en\/product\/ameisenarena-lufter-set-50mm-mit-netzgerat\/"},"modified":"2026-04-14T14:07:33","modified_gmt":"2026-04-14T12:07:33","slug":"ameisenarena-lufter-set-50mm-mit-netzgerat","status":"publish","type":"product","link":"https:\/\/antcube.shop\/cs\/produkt\/ameisenarena-lufter-set-50mm-mit-netzgerat\/","title":{"rendered":"Ant Arena - sada ventil\u00e1tor\u016f 50 mm s nap\u00e1jen\u00edm"},"content":{"rendered":"<p><span data-text-color=\"alert\"><strong>Doprava mo\u017en\u00e1 pouze v N\u011bmecku!<\/strong><\/span><\/p>\n<p><strong>Obsah:<\/strong><br \/>\n- Ventil\u00e1tor 42 mm<br \/>\n- na m\u0159\u00ed\u017eov\u00e9 vlo\u017ece 50 mm - transparentn\u00ed<br \/>\n- Nap\u00e1jec\u00ed jednotka<br \/>\n- Z\u00e1str\u010dka \/ konektor<\/p>\n<p><strong>Technick\u00e9 specifikace:<\/strong><br \/>\nV\u00fdstup nap\u00e1jec\u00ed jednotky: 2,5 A (12 W)<br \/>\nVstupn\u00ed nap\u011bt\u00ed: 100V-240V<br \/>\nV\u00fdstupn\u00ed nap\u011bt\u00ed: 5V<br \/>\nD\u00e9lka kabelu: 10 cm (ventil\u00e1tor)<br \/>\nD\u00e9lka kabelu: 90 cm (nap\u00e1jec\u00ed jednotka)<br \/>\nV\u00fdkon ventil\u00e1toru 1 W<br \/>\nTeplotn\u00ed rozsah -10 - +60 \u00b0C<br \/>\n\u017divotnost 50 000 h<br \/>\nPr\u016ftok vzduchu 10 m\u00b3\/h (s m\u0159\u00ed\u017ekou, pr\u016ftok se sni\u017euje v z\u00e1vislosti na velikosti otvoru)<\/p>\n<p><strong>Rozm\u011bry:<\/strong> 5 x 5 x 1 cm (v\u011bj\u00ed\u0159)<\/p>\n<p><strong>Materi\u00e1l:<\/strong> plast<\/p>\n<p><strong>Barva:<\/strong> pr\u016fhledn\u00fd, pr\u016fsvitn\u00fd (ventil\u00e1tor); \u010dern\u00fd (nap\u00e1jec\u00ed zdroj)<\/p>\n<p><strong>Popis:<\/strong><br \/>\nV\u011btr\u00e1n\u00ed je obzvl\u00e1\u0161t\u011b d\u016fle\u017eit\u00e9 pro dosa\u017een\u00ed co nejp\u0159irozen\u011bj\u0161\u00edho klimatu ve formik\u00e1riu a pro zabr\u00e1n\u011bn\u00ed r\u016fstu pl\u00edsn\u00ed. Ventil\u00e1tor lze namontovat bu\u010f pomoc\u00ed \u010dty\u0159 otvor\u016f pro \u0161rouby, nebo mus\u00ed b\u00fdt p\u0159ipevn\u011bn pomoc\u00ed silikonu nebo plastov\u00e9ho lepidla. Motor pracuje t\u00e9m\u011b\u0159 bezhlu\u010dn\u011b a bez vibrac\u00ed.<\/p>\n<p><strong>Informace o \u017eivotn\u00edm prost\u0159ed\u00ed:<\/strong><br \/>\nM\u016f\u017ee b\u00fdt vy\u017eadov\u00e1na zvl\u00e1\u0161tn\u00ed likvidace. Obra\u0165te se na m\u00edstn\u00ed \u00fa\u0159ady.<br \/>\nDal\u0161\u00ed informace:<\/p>\n<blockquote class=\"wp-embedded-content\" data-secret=\"jOGF5OPQCF\"><p><a href=\"https:\/\/antcube.shop\/en\/electrical-devices-act\/\">Z\u00e1kon o elektrick\u00fdch za\u0159\u00edzen\u00edch<\/a><\/p><\/blockquote>\n<p><iframe loading=\"lazy\" class=\"wp-embedded-content\" sandbox=\"allow-scripts\" security=\"restricted\" style=\"position: absolute; visibility: hidden;\" title=\"&quot;Z\u00e1kon o elektrick\u00fdch za\u0159\u00edzen\u00edch&quot; - ANTCUBE\" src=\"https:\/\/antcube.shop\/en\/electrical-devices-act\/embed\/#?secret=NfRYQNwKWB#?secret=jOGF5OPQCF\" data-secret=\"jOGF5OPQCF\" width=\"600\" height=\"338\" frameborder=\"0\" marginwidth=\"0\" marginheight=\"0\" scrolling=\"no\"><\/iframe><\/p>","protected":false},"excerpt":{"rendered":"<p>Shipping only possible in Germany! Contents: &#8211; Fan 42mm &#8211; on grille insert 50mm &#8211; transparent &#8211; Power supply unit &#8211; Plug \/ connector Technical specifications: Power supply unit output: 2.5 A (12W) Voltage input: 100V-240V Voltage output: 5V Cable length: 10 cm (fan) Cable length: 90 cm (power supply unit) Power fan 1 W [&#8230;]","protected":false},"featured_media":9507,"comment_status":"open","ping_status":"closed","template":"","meta":{"_acf_changed":false,"content-type":"","_monsterinsights_skip_tracking":false,"_monsterinsights_sitenote_active":false,"_monsterinsights_sitenote_note":"","_monsterinsights_sitenote_category":0},"product_brand":[],"product_cat":[359,119],"product_tag":[],"class_list":{"0":"post-9233","1":"product","2":"type-product","3":"status-publish","4":"has-post-thumbnail","6":"product_cat-light-heat-humidity","7":"product_cat-formicarium-components","9":"first","10":"outofstock","11":"taxable","12":"shipping-taxable","13":"purchasable","14":"product-type-simple"},"acf":[],"aioseo_notices":[],"jetpack_sharing_enabled":true,"_links":{"self":[{"href":"https:\/\/antcube.shop\/cs\/wp-json\/wp\/v2\/product\/9233","targetHints":{"allow":["GET"]}}],"collection":[{"href":"https:\/\/antcube.shop\/cs\/wp-json\/wp\/v2\/product"}],"about":[{"href":"https:\/\/antcube.shop\/cs\/wp-json\/wp\/v2\/types\/product"}],"replies":[{"embeddable":true,"href":"https:\/\/antcube.shop\/cs\/wp-json\/wp\/v2\/comments?post=9233"}],"wp:featuredmedia":[{"embeddable":true,"href":"https:\/\/antcube.shop\/cs\/wp-json\/wp\/v2\/media\/9507"}],"wp:attachment":[{"href":"https:\/\/antcube.shop\/cs\/wp-json\/wp\/v2\/media?parent=9233"}],"wp:term":[{"taxonomy":"product_brand","embeddable":true,"href":"https:\/\/antcube.shop\/cs\/wp-json\/wp\/v2\/product_brand?post=9233"},{"taxonomy":"product_cat","embeddable":true,"href":"https:\/\/antcube.shop\/cs\/wp-json\/wp\/v2\/product_cat?post=9233"},{"taxonomy":"product_tag","embeddable":true,"href":"https:\/\/antcube.shop\/cs\/wp-json\/wp\/v2\/product_tag?post=9233"}],"curies":[{"name":"wp","href":"https:\/\/api.w.org\/{rel}","templated":true}]}}