{"id":9231,"date":"2024-09-17T14:30:07","date_gmt":"2024-09-17T12:30:07","guid":{"rendered":"https:\/\/antcube.shop\/en\/product\/antcube-arena-60x30x30-lang\/"},"modified":"2026-04-24T10:00:55","modified_gmt":"2026-04-24T08:00:55","slug":"antcube-arena-60x30x30-na-sirku","status":"publish","type":"product","link":"https:\/\/antcube.shop\/cs\/produkt\/antcube-arena-60x30x30-na-sirku\/","title":{"rendered":"ANTCUBE - Arena 60x30x30 - \u0161irok\u00e1"},"content":{"rendered":"<p><span data-text-color=\"alert\"><strong>Doprava mo\u017en\u00e1 pouze p\u0159es GO! v N\u011bmecku nebo p\u0159es paletu v Evrop\u011b (bez ostrov\u016f)<\/strong><\/span><\/p>\n<p><strong>Rozm\u011bry:<\/strong> 600 x 300 x 300 mm; tlou\u0161\u0165ka skla 4 mm<\/p>\n<p><strong>Materi\u00e1l:<\/strong> Plovouc\u00ed sklo<\/p>\n<p><strong>P\u0159ipojen\u00ed:<\/strong> 2x otvor 50 mm<\/p>\n<p><strong>Popis:<\/strong><br \/>\nSklen\u011bn\u00e9 umyvadlo 60x30x30 cm s otvorem 2x 50 mm<br \/>\nOtvor (st\u0159edov\u00fd bod) je ve v\u00fd\u0161ce 3 cm.<\/p>\n<p><strong>Pozn\u00e1mka:<\/strong> Sklo je brou\u0161eno podle normy DIN 1249 s toleranc\u00ed +\/;- 1 mm. U extr\u00e9mn\u011b mal\u00fdch druh\u016f mravenc\u016f je nezbytn\u00e1 dodate\u010dn\u00e1 ochrana proti \u00faniku mravenc\u016f.<\/p>","protected":false},"excerpt":{"rendered":"<p><strong>P\u0159ipojen\u00ed:<\/strong> 2x otvor 50 mm<\/p>\n<p><strong>Velikost:<\/strong> S, M, L, XL<\/p>","protected":false},"featured_media":9517,"comment_status":"open","ping_status":"closed","template":"","meta":{"_acf_changed":false,"content-type":"","_monsterinsights_skip_tracking":false,"_monsterinsights_sitenote_active":false,"_monsterinsights_sitenote_note":"","_monsterinsights_sitenote_category":0},"product_brand":[],"product_cat":[85,86],"product_tag":[],"class_list":{"0":"post-9231","1":"product","2":"type-product","3":"status-publish","4":"has-post-thumbnail","6":"product_cat-ant-arenas","7":"product_cat-formicariums","8":"product_shipping_class-fragile","10":"first","11":"instock","12":"taxable","13":"shipping-taxable","14":"purchasable","15":"product-type-simple"},"acf":[],"aioseo_notices":[],"jetpack_sharing_enabled":true,"_links":{"self":[{"href":"https:\/\/antcube.shop\/cs\/wp-json\/wp\/v2\/product\/9231","targetHints":{"allow":["GET"]}}],"collection":[{"href":"https:\/\/antcube.shop\/cs\/wp-json\/wp\/v2\/product"}],"about":[{"href":"https:\/\/antcube.shop\/cs\/wp-json\/wp\/v2\/types\/product"}],"replies":[{"embeddable":true,"href":"https:\/\/antcube.shop\/cs\/wp-json\/wp\/v2\/comments?post=9231"}],"wp:featuredmedia":[{"embeddable":true,"href":"https:\/\/antcube.shop\/cs\/wp-json\/wp\/v2\/media\/9517"}],"wp:attachment":[{"href":"https:\/\/antcube.shop\/cs\/wp-json\/wp\/v2\/media?parent=9231"}],"wp:term":[{"taxonomy":"product_brand","embeddable":true,"href":"https:\/\/antcube.shop\/cs\/wp-json\/wp\/v2\/product_brand?post=9231"},{"taxonomy":"product_cat","embeddable":true,"href":"https:\/\/antcube.shop\/cs\/wp-json\/wp\/v2\/product_cat?post=9231"},{"taxonomy":"product_tag","embeddable":true,"href":"https:\/\/antcube.shop\/cs\/wp-json\/wp\/v2\/product_tag?post=9231"}],"curies":[{"name":"wp","href":"https:\/\/api.w.org\/{rel}","templated":true}]}}