{"id":9226,"date":"2024-09-17T14:28:07","date_gmt":"2024-09-17T12:28:07","guid":{"rendered":"https:\/\/antcube.shop\/en\/product\/antcube-ameisenarenaeinsatz-l-40x20\/"},"modified":"2026-03-05T09:26:11","modified_gmt":"2026-03-05T08:26:11","slug":"antcube-ant-arena-insert-l-40x20","status":"publish","type":"product","link":"https:\/\/antcube.shop\/cs\/produkt\/antcube-ant-arena-insert-l-40x20\/","title":{"rendered":"Vlo\u017eka do mraveni\u0161t\u011b ANTCUBE - L - 20\u00d720"},"content":{"rendered":"<p><strong>Rozm\u011bry:<\/strong><br \/>\nvn\u011bj\u0161\u00ed rozm\u011bry: 390 x 28 x 176 mm<br \/>\nvnit\u0159n\u00ed rozm\u011br: 384 x 20 x 169 mm<\/p>\n<p><strong>Materi\u00e1l:<\/strong> floatov\u00e9 sklo<\/p>\n<p><strong>Barva:<\/strong> transparentn\u00ed<\/p>\n<p><strong>Obsah:<\/strong><br \/>\n1x vlo\u017eka do mraveni\u0161t\u011b<br \/>\n1x kryt<br \/>\n1x upev\u0148ovac\u00ed body 2 ks<\/p>\n<p><strong>Popis:<\/strong><br \/>\nTuto hn\u00edzdn\u00ed vlo\u017eku lze um\u00edstit do mraveni\u0161t\u011b ANTCUBE a naplnit ji kopateln\u00fdm materi\u00e1lem (nap\u0159. sm\u011bs\u00ed p\u00edsku a hl\u00edny nebo Digfixem). Zvl\u00e1\u0161tnost\u00ed je, \u017ee ji lze z ar\u00e9ny snadno vyjmout, nap\u0159. pro p\u0159ezimov\u00e1n\u00ed s mravenci. Ve spodn\u00ed \u010d\u00e1sti jsou dva 10mm otvory pro vstup a v\u00fdstup a pro v\u011btr\u00e1n\u00ed. Ty lze pro p\u0159ezimov\u00e1n\u00ed ut\u011bsnit 10mm z\u00e1tkami (nejsou sou\u010d\u00e1st\u00ed dod\u00e1vky).<\/p>\n<p><strong>Pozn\u00e1mka:<\/strong> Sklo je \u0159ez\u00e1no na m\u00edru podle DIN 1249 s toleranc\u00ed +\/- 1 mm. U extr\u00e9mn\u011b mal\u00fdch druh\u016f mravenc\u016f je nezbytn\u00e1 dodate\u010dn\u00e1 ochrana proti vylomen\u00ed.<\/p>","protected":false},"excerpt":{"rendered":"<p>Gr\u00f6\u00dfe: <span style=\"color: #0000ff;\"><strong>L<\/strong><\/span><\/p>","protected":false},"featured_media":9529,"comment_status":"open","ping_status":"closed","template":"","meta":{"_acf_changed":false,"content-type":"","_monsterinsights_skip_tracking":false,"_monsterinsights_sitenote_active":false,"_monsterinsights_sitenote_note":"","_monsterinsights_sitenote_category":0},"product_brand":[],"product_cat":[91,94],"product_tag":[],"class_list":{"0":"post-9226","1":"product","2":"type-product","3":"status-publish","4":"has-post-thumbnail","6":"product_cat-formicarium-modules","7":"product_cat-arena-inset","9":"first","10":"instock","11":"taxable","12":"shipping-taxable","13":"purchasable","14":"product-type-simple"},"acf":[],"aioseo_notices":[],"jetpack_sharing_enabled":true,"_links":{"self":[{"href":"https:\/\/antcube.shop\/cs\/wp-json\/wp\/v2\/product\/9226","targetHints":{"allow":["GET"]}}],"collection":[{"href":"https:\/\/antcube.shop\/cs\/wp-json\/wp\/v2\/product"}],"about":[{"href":"https:\/\/antcube.shop\/cs\/wp-json\/wp\/v2\/types\/product"}],"replies":[{"embeddable":true,"href":"https:\/\/antcube.shop\/cs\/wp-json\/wp\/v2\/comments?post=9226"}],"wp:featuredmedia":[{"embeddable":true,"href":"https:\/\/antcube.shop\/cs\/wp-json\/wp\/v2\/media\/9529"}],"wp:attachment":[{"href":"https:\/\/antcube.shop\/cs\/wp-json\/wp\/v2\/media?parent=9226"}],"wp:term":[{"taxonomy":"product_brand","embeddable":true,"href":"https:\/\/antcube.shop\/cs\/wp-json\/wp\/v2\/product_brand?post=9226"},{"taxonomy":"product_cat","embeddable":true,"href":"https:\/\/antcube.shop\/cs\/wp-json\/wp\/v2\/product_cat?post=9226"},{"taxonomy":"product_tag","embeddable":true,"href":"https:\/\/antcube.shop\/cs\/wp-json\/wp\/v2\/product_tag?post=9226"}],"curies":[{"name":"wp","href":"https:\/\/api.w.org\/{rel}","templated":true}]}}