{"id":9221,"date":"2024-09-17T14:26:05","date_gmt":"2024-09-17T12:26:05","guid":{"rendered":"https:\/\/antcube.shop\/en\/product\/antcube-ameisenfarm-xl-30x30-stehend\/"},"modified":"2026-03-29T14:39:20","modified_gmt":"2026-03-29T12:39:20","slug":"mraveniste-antcube-xl-30x30-ve-vertikalni-poloze","status":"publish","type":"product","link":"https:\/\/antcube.shop\/cs\/produkt\/mraveniste-antcube-xl-30x30-ve-vertikalni-poloze\/","title":{"rendered":"ANTCUBE - Mraveni\u0161t\u011b - XL - 30\u00d730 - stoj\u00edc\u00ed"},"content":{"rendered":"<p><strong>Rozm\u011bry (Dx\u0160xV):<\/strong><br \/>\nvn\u011bj\u0161\u00ed rozm\u011bry: 290x58x299 mm<br \/>\nvnit\u0159n\u00ed rozm\u011bry: 284x50x290 mm<\/p>\n<p><strong>Materi\u00e1l:<\/strong><br \/>\nPlovouc\u00ed sklo, plast<\/p>\n<p><strong>barva:<\/strong><br \/>\nk\u0159i\u0161\u0165\u00e1lov\u011b \u010dist\u00fd<\/p>\n<p><strong>Obsah:<\/strong><br \/>\n1x mraveni\u0161t\u011b ANTCUBE - rozte\u010d desek 52 mm<br \/>\n1x kryt na mraveni\u0161t\u011b XL 30\u00d76<br \/>\n2x z\u00e1tky 4 mm<\/p>\n<p><strong>P\u0159ipojen\u00ed:<\/strong><br \/>\nNa obou stran\u00e1ch je 27mm otvor, tak\u017ee tuto farmu lze p\u0159ipojit k 28mm hadici nebo k na\u0161\u00ed \"spojce n\u00e1dr\u017ee s hadic\u00ed pro 27mm otvory\".<br \/>\n2x 4mm otvory se 4mm z\u00e1tkami.<\/p>\n<p><strong>Popis:<\/strong><br \/>\nToto pln\u011b pr\u016fhledn\u00e9 mraveni\u0161t\u011b je vhodn\u00e9 pro druhy mravenc\u016f velikosti M.<\/p>\n<p><strong>Pozn\u00e1mky k v\u00fdrob\u011b<\/strong><br \/>\nSklo je brou\u0161eno podle normy DIN 1249 s toleranc\u00ed +\/;- 1 mm. U extr\u00e9mn\u011b mal\u00fdch druh\u016f mravenc\u016f je nezbytn\u00e1 dodate\u010dn\u00e1 ochrana proti \u00faniku mravenc\u016f.<\/p>\n<p><strong>Pozn\u00e1mka k farm\u011b<\/strong><br \/>\nP\u0159i upev\u0148ov\u00e1n\u00ed trubek dbejte na n\u00e1sleduj\u00edc\u00ed pokyny:<br \/>\nPokud se trubice velmi \u0161patn\u011b nasazuje na p\u0159ipojovac\u00ed hrdlo, je t\u0159eba hrdlo lehce pot\u0159\u00edt kapkou na\u0161eho ochrann\u00e9ho oleje nebo pr\u00e1\u0161ku proti vylomen\u00ed. Pot\u00e9 by se m\u011bla hadice nasunout na obj\u00edmku krou\u017eiv\u00fdmi nebo \u0161roubovac\u00edmi pohyby, ani\u017e by se obj\u00edmka nam\u00e1hala pohyby nahoru a dol\u016f.<\/p>","protected":false},"excerpt":{"rendered":"<p><strong>P\u0159ipojen\u00ed<\/strong>: 27mm otvor<br \/>\n<strong>Gr\u00f6\u00dfe<\/strong>: <span style=\"font-size: small;\"><span style=\"font-family: Arial;\"><strong>XL<\/strong><\/span><\/span><\/p>","protected":false},"featured_media":9540,"comment_status":"open","ping_status":"closed","template":"","meta":{"_acf_changed":false,"content-type":"","_monsterinsights_skip_tracking":false,"_monsterinsights_sitenote_active":false,"_monsterinsights_sitenote_note":"","_monsterinsights_sitenote_category":0},"product_brand":[],"product_cat":[80,84],"product_tag":[],"class_list":{"0":"post-9221","1":"product","2":"type-product","3":"status-publish","4":"has-post-thumbnail","6":"product_cat-antfarms","7":"product_cat-antfarms-xl","9":"first","10":"instock","11":"taxable","12":"shipping-taxable","13":"purchasable","14":"product-type-simple"},"acf":[],"aioseo_notices":[],"jetpack_sharing_enabled":true,"_links":{"self":[{"href":"https:\/\/antcube.shop\/cs\/wp-json\/wp\/v2\/product\/9221","targetHints":{"allow":["GET"]}}],"collection":[{"href":"https:\/\/antcube.shop\/cs\/wp-json\/wp\/v2\/product"}],"about":[{"href":"https:\/\/antcube.shop\/cs\/wp-json\/wp\/v2\/types\/product"}],"replies":[{"embeddable":true,"href":"https:\/\/antcube.shop\/cs\/wp-json\/wp\/v2\/comments?post=9221"}],"wp:featuredmedia":[{"embeddable":true,"href":"https:\/\/antcube.shop\/cs\/wp-json\/wp\/v2\/media\/9540"}],"wp:attachment":[{"href":"https:\/\/antcube.shop\/cs\/wp-json\/wp\/v2\/media?parent=9221"}],"wp:term":[{"taxonomy":"product_brand","embeddable":true,"href":"https:\/\/antcube.shop\/cs\/wp-json\/wp\/v2\/product_brand?post=9221"},{"taxonomy":"product_cat","embeddable":true,"href":"https:\/\/antcube.shop\/cs\/wp-json\/wp\/v2\/product_cat?post=9221"},{"taxonomy":"product_tag","embeddable":true,"href":"https:\/\/antcube.shop\/cs\/wp-json\/wp\/v2\/product_tag?post=9221"}],"curies":[{"name":"wp","href":"https:\/\/api.w.org\/{rel}","templated":true}]}}