{"id":9216,"date":"2024-09-17T14:24:00","date_gmt":"2024-09-17T12:24:00","guid":{"rendered":"https:\/\/antcube.shop\/en\/product\/antcube-ameisenfarm-l-20x10-stehend\/"},"modified":"2026-04-02T09:54:34","modified_gmt":"2026-04-02T07:54:34","slug":"mraveniste-antcube-l-20x10-stojici","status":"publish","type":"product","link":"https:\/\/antcube.shop\/cs\/produkt\/mraveniste-antcube-l-20x10-stojici\/","title":{"rendered":"ANTCUBE - mraveni\u0161t\u011b - L - 20\u00d720 - stoj\u00edc\u00ed"},"content":{"rendered":"<p><strong>Rozm\u011bry (Dx\u0160xV):<\/strong><br \/>\nvn\u011bj\u0161\u00ed rozm\u011bry: 234x58x99 mm<br \/>\nvnit\u0159n\u00ed rozm\u011br: 184x20x90 mm<\/p>\n<p><strong>Materi\u00e1l:<\/strong><br \/>\nPlovouc\u00ed sklo, plast<\/p>\n<p><strong>barva:<\/strong><br \/>\nk\u0159i\u0161\u0165\u00e1lov\u011b \u010dist\u00fd<\/p>\n<p><strong>Obsah:<\/strong><br \/>\n1x mraveni\u0161t\u011b ANTCUBE - rozte\u010d desek 20 mm<br \/>\n1x kryt na mraveni\u0161t\u011b L 20\u00d73<br \/>\n2x z\u00e1tky 4 mm<\/p>\n<p><strong>P\u0159ipojen\u00ed:<\/strong><br \/>\n2x 14\/16\/18\/20 x 20 mm n\u00e1str\u010dn\u00e9 hlavice<br \/>\n2x 4mm otvory se 4mm z\u00e1tkami<\/p>\n<p>Hadice 14\/10 je pevn\u011b zasunuta do 14mm n\u00e1trubku.<br \/>\nHadice 20\/16 je pevn\u011b p\u0159ipojena k prvn\u00edmu 16mm stupni.<br \/>\nHadice 22\/18 je pevn\u011b p\u0159ipojena k druh\u00e9mu 20mm stupni.<br \/>\nHadice 24\/20 je voln\u011b nasazena na druh\u00e9m 20mm stupni.<\/p>\n<p><strong>Popis:<\/strong><br \/>\nToto pln\u011b pr\u016fhledn\u00e9 mraveni\u0161t\u011b je vhodn\u00e9 pro druhy mravenc\u016f velikosti L.<\/p>\n<p><strong>Pozn\u00e1mky k v\u00fdrob\u011b<\/strong><br \/>\nSklo je brou\u0161eno podle normy DIN 1249 s toleranc\u00ed +\/;- 1 mm. U extr\u00e9mn\u011b mal\u00fdch druh\u016f mravenc\u016f je nezbytn\u00e1 dodate\u010dn\u00e1 ochrana proti \u00faniku mravenc\u016f.<\/p>\n<p><strong>Pozn\u00e1mka k farm\u011b<\/strong><br \/>\nP\u0159i p\u0159ipojov\u00e1n\u00ed nebo odpojov\u00e1n\u00ed hadic dbejte na n\u00e1sleduj\u00edc\u00ed pokyny:<br \/>\nPokud se hadi\u010dka velmi \u0161patn\u011b nasazuje na p\u0159ipojovac\u00ed hrdlo, je t\u0159eba hrdlo lehce pot\u0159\u00edt kapkou na\u0161eho oleje nebo pr\u00e1\u0161ku proti prask\u00e1n\u00ed. Pot\u00e9 by se m\u011bla hadice nasunout na obj\u00edmku krou\u017eiv\u00fdmi nebo \u0161roubovac\u00edmi pohyby, ani\u017e by se obj\u00edmka nam\u00e1hala pohyby nahoru a dol\u016f. Tot\u00e9\u017e plat\u00ed i p\u0159i vyj\u00edm\u00e1n\u00ed hadic z p\u0159ipojovac\u00ed obj\u00edmky farmy. Nevytahujte ji jednodu\u0161e!<\/p>","protected":false},"excerpt":{"rendered":"<p><strong>P\u0159ipojen\u00ed:<\/strong> Z\u00e1suvka 2\u00d714\/16\/18\/20 mm + kryt Rozte\u010d desti\u010dek: Vnit\u0159n\u00ed 20 mm \/ vn\u011bj\u0161\u00ed 28 mm<\/p>\n<p><strong>Velikost:<\/strong> L<\/p>","protected":false},"featured_media":9550,"comment_status":"open","ping_status":"closed","template":"","meta":{"_acf_changed":false,"content-type":"","_monsterinsights_skip_tracking":false,"_monsterinsights_sitenote_active":false,"_monsterinsights_sitenote_note":"","_monsterinsights_sitenote_category":0},"product_brand":[],"product_cat":[80,83],"product_tag":[],"class_list":{"0":"post-9216","1":"product","2":"type-product","3":"status-publish","4":"has-post-thumbnail","6":"product_cat-antfarms","7":"product_cat-antfarms-l","9":"first","10":"instock","11":"taxable","12":"shipping-taxable","13":"purchasable","14":"product-type-simple"},"acf":[],"aioseo_notices":[],"jetpack_sharing_enabled":true,"_links":{"self":[{"href":"https:\/\/antcube.shop\/cs\/wp-json\/wp\/v2\/product\/9216","targetHints":{"allow":["GET"]}}],"collection":[{"href":"https:\/\/antcube.shop\/cs\/wp-json\/wp\/v2\/product"}],"about":[{"href":"https:\/\/antcube.shop\/cs\/wp-json\/wp\/v2\/types\/product"}],"replies":[{"embeddable":true,"href":"https:\/\/antcube.shop\/cs\/wp-json\/wp\/v2\/comments?post=9216"}],"wp:featuredmedia":[{"embeddable":true,"href":"https:\/\/antcube.shop\/cs\/wp-json\/wp\/v2\/media\/9550"}],"wp:attachment":[{"href":"https:\/\/antcube.shop\/cs\/wp-json\/wp\/v2\/media?parent=9216"}],"wp:term":[{"taxonomy":"product_brand","embeddable":true,"href":"https:\/\/antcube.shop\/cs\/wp-json\/wp\/v2\/product_brand?post=9216"},{"taxonomy":"product_cat","embeddable":true,"href":"https:\/\/antcube.shop\/cs\/wp-json\/wp\/v2\/product_cat?post=9216"},{"taxonomy":"product_tag","embeddable":true,"href":"https:\/\/antcube.shop\/cs\/wp-json\/wp\/v2\/product_tag?post=9216"}],"curies":[{"name":"wp","href":"https:\/\/api.w.org\/{rel}","templated":true}]}}