{"id":9215,"date":"2024-09-17T14:23:32","date_gmt":"2024-09-17T12:23:32","guid":{"rendered":"https:\/\/antcube.shop\/en\/product\/rote-abdeckplatte-30x30-liegend\/"},"modified":"2026-03-19T18:11:45","modified_gmt":"2026-03-19T17:11:45","slug":"cervena-kryci-deska-30x30-horizontalni","status":"publish","type":"product","link":"https:\/\/antcube.shop\/cs\/produkt\/cervena-kryci-deska-30x30-horizontalni\/","title":{"rendered":"\u010cerven\u00e1 kryc\u00ed deska 30\u00d730 - horizont\u00e1ln\u00ed"},"content":{"rendered":"<p><strong>Rozm\u011bry:<\/strong> 280 x 280 mm,<br \/>\nTlou\u0161\u0165ka: 3 mm<br \/>\nVn\u011bj\u0161\u00ed rozm\u011br krou\u017eku s otvorem 56 mm - vnit\u0159n\u00ed rozm\u011br otvoru 33 mm<\/p>\n<p><strong>Materi\u00e1l:<\/strong> PMMA<\/p>\n<p><strong>Barva:<\/strong> tmav\u011b \u010derven\u00e1, pr\u016fhledn\u00e1<\/p>\n<p><strong>Obsah:<\/strong> 1 ks.<\/p>\n<p><strong>Popis:<\/strong> \u010cerven\u00e1 pr\u016fhledn\u00e1 kryc\u00ed deska - vodorovn\u00e1, slou\u017e\u00ed k tomu, aby mravenci z\u00edskali pocit podzem\u00ed. Doporu\u010dujeme proto pou\u017e\u00edvat tento v\u00fdrobek alespo\u0148 \u010d\u00e1ste\u010dn\u011b v prostoru hn\u00edzda. Mravence v hn\u00edzd\u011b m\u016f\u017eete vid\u011bt i p\u0159es kryt.<\/p>\n<p>Tato kryc\u00ed deska se dokonale hod\u00ed pro n\u00e1\u0161 \"ANTCUBE - s\u00e1drov\u00e9 hn\u00edzdo 30\u00d730 - horizont\u00e1ln\u00ed\".<\/p>","protected":false},"excerpt":{"rendered":"<p>Rozm\u011bry: 180 x 180 mm, tlou\u0161\u0165ka: Vn\u011bj\u0161\u00ed rozm\u011br krou\u017eku s otvorem 56 mm - vnit\u0159n\u00ed rozm\u011br otvoru 33 mm Materi\u00e1l: Barva: tmav\u011b \u010derven\u00e1, pr\u016fhledn\u00e1 Obsah: Obsah: 1 ks.  \u010cerven\u00e1 pr\u016fhledn\u00e1 kryc\u00ed deska - horizont\u00e1ln\u00ed, slou\u017e\u00ed k navozen\u00ed pocitu mravenc\u016f v podzem\u00ed. Doporu\u010dujeme proto tento v\u00fdrobek pou\u017e\u00edvat alespo\u0148 \u010d\u00e1ste\u010dn\u011b ve","protected":false},"featured_media":9552,"comment_status":"open","ping_status":"closed","template":"","meta":{"_acf_changed":false,"content-type":"","_monsterinsights_skip_tracking":false,"_monsterinsights_sitenote_active":false,"_monsterinsights_sitenote_note":"","_monsterinsights_sitenote_category":0},"product_brand":[],"product_cat":[119,239],"product_tag":[],"class_list":{"0":"post-9215","1":"product","2":"type-product","3":"status-publish","4":"has-post-thumbnail","6":"product_cat-formicarium-components","7":"product_cat-useful-additions","9":"first","10":"instock","11":"taxable","12":"shipping-taxable","13":"purchasable","14":"product-type-simple"},"acf":[],"aioseo_notices":[],"jetpack_sharing_enabled":true,"_links":{"self":[{"href":"https:\/\/antcube.shop\/cs\/wp-json\/wp\/v2\/product\/9215","targetHints":{"allow":["GET"]}}],"collection":[{"href":"https:\/\/antcube.shop\/cs\/wp-json\/wp\/v2\/product"}],"about":[{"href":"https:\/\/antcube.shop\/cs\/wp-json\/wp\/v2\/types\/product"}],"replies":[{"embeddable":true,"href":"https:\/\/antcube.shop\/cs\/wp-json\/wp\/v2\/comments?post=9215"}],"wp:featuredmedia":[{"embeddable":true,"href":"https:\/\/antcube.shop\/cs\/wp-json\/wp\/v2\/media\/9552"}],"wp:attachment":[{"href":"https:\/\/antcube.shop\/cs\/wp-json\/wp\/v2\/media?parent=9215"}],"wp:term":[{"taxonomy":"product_brand","embeddable":true,"href":"https:\/\/antcube.shop\/cs\/wp-json\/wp\/v2\/product_brand?post=9215"},{"taxonomy":"product_cat","embeddable":true,"href":"https:\/\/antcube.shop\/cs\/wp-json\/wp\/v2\/product_cat?post=9215"},{"taxonomy":"product_tag","embeddable":true,"href":"https:\/\/antcube.shop\/cs\/wp-json\/wp\/v2\/product_tag?post=9215"}],"curies":[{"name":"wp","href":"https:\/\/api.w.org\/{rel}","templated":true}]}}