{"id":9213,"date":"2024-09-17T14:22:15","date_gmt":"2024-09-17T12:22:15","guid":{"rendered":"https:\/\/antcube.shop\/en\/product\/tiger-aloe-10cm\/"},"modified":"2026-03-11T13:48:50","modified_gmt":"2026-03-11T12:48:50","slug":"aloe-tygrovana-10cm","status":"publish","type":"product","link":"https:\/\/antcube.shop\/cs\/produkt\/aloe-tygrovana-10cm\/","title":{"rendered":"Aloe tygrovan\u00e1 - 10 cm"},"content":{"rendered":"<p><strong>Rozm\u011bry:<\/strong> 99 x 95 x 105 mm<\/p>\n<p><strong>Materi\u00e1l:<\/strong> polymerbeton, hl\u00edna, plast<\/p>\n<p><strong>Barva:<\/strong><br \/>\nZ\u00e1kladna: \u0161edozelen\u00e1<br \/>\nRostlina: zelen\u00e1 s \u010dervenohn\u011bd\u00fdmi \u0161pi\u010dkami<\/p>\n<p><strong>Obsah:<\/strong> 1 kus<\/p>\n<p><strong>Popis:<\/strong> Tiger Aloe je vyroben z odoln\u00e9ho plastu a m\u00e1 podstavec ze syntetick\u00e9 prysky\u0159ice se vzhledem kamene. D\u00edky tomu je mimo\u0159\u00e1dn\u011b odoln\u00e1 a nemohou ji po\u0161kodit mravenci.<br \/>\nP\u0159esto vypad\u00e1 velmi p\u0159irozen\u011b a atraktivn\u011b a lze jej snadno za\u010dlenit do formik\u00e1ria.<\/p>\n<p><strong>Pozn\u00e1mka:<\/strong> P\u0159ed pou\u017eit\u00edm je o\u010dist\u011bte pod tekouc\u00ed vodou!<\/p>","protected":false},"excerpt":{"rendered":"<p>Rozm\u011bry: Materi\u00e1l: polymerbeton, hl\u00edna, plast Barva: Z\u00e1kladna: \u0161edozelen\u00e1 Rostlina: zelen\u00e1 s \u010dervenohn\u011bd\u00fdmi \u0161pi\u010dkami Obsah: Obsahuje: 1 kus Popis: Tyg\u0159\u00ed aloe je vyrobena z robustn\u00edho plastu a m\u00e1 z\u00e1kladnu ze syntetick\u00e9 prysky\u0159ice se vzhledem kamene. D\u00edky tomu je mimo\u0159\u00e1dn\u011b odoln\u00e1 a nemohou ji po\u0161kodit mravenci. P\u0159esto je","protected":false},"featured_media":9662,"comment_status":"open","ping_status":"closed","template":"","meta":{"_acf_changed":false,"content-type":"","_monsterinsights_skip_tracking":false,"_monsterinsights_sitenote_active":false,"_monsterinsights_sitenote_note":"","_monsterinsights_sitenote_category":0},"product_brand":[],"product_cat":[98,99],"product_tag":[],"class_list":{"0":"post-9213","1":"product","2":"type-product","3":"status-publish","4":"has-post-thumbnail","6":"product_cat-decoration","7":"product_cat-desert","9":"first","10":"instock","11":"taxable","12":"shipping-taxable","13":"purchasable","14":"product-type-simple"},"acf":[],"aioseo_notices":[],"jetpack_sharing_enabled":true,"_links":{"self":[{"href":"https:\/\/antcube.shop\/cs\/wp-json\/wp\/v2\/product\/9213","targetHints":{"allow":["GET"]}}],"collection":[{"href":"https:\/\/antcube.shop\/cs\/wp-json\/wp\/v2\/product"}],"about":[{"href":"https:\/\/antcube.shop\/cs\/wp-json\/wp\/v2\/types\/product"}],"replies":[{"embeddable":true,"href":"https:\/\/antcube.shop\/cs\/wp-json\/wp\/v2\/comments?post=9213"}],"wp:featuredmedia":[{"embeddable":true,"href":"https:\/\/antcube.shop\/cs\/wp-json\/wp\/v2\/media\/9662"}],"wp:attachment":[{"href":"https:\/\/antcube.shop\/cs\/wp-json\/wp\/v2\/media?parent=9213"}],"wp:term":[{"taxonomy":"product_brand","embeddable":true,"href":"https:\/\/antcube.shop\/cs\/wp-json\/wp\/v2\/product_brand?post=9213"},{"taxonomy":"product_cat","embeddable":true,"href":"https:\/\/antcube.shop\/cs\/wp-json\/wp\/v2\/product_cat?post=9213"},{"taxonomy":"product_tag","embeddable":true,"href":"https:\/\/antcube.shop\/cs\/wp-json\/wp\/v2\/product_tag?post=9213"}],"curies":[{"name":"wp","href":"https:\/\/api.w.org\/{rel}","templated":true}]}}