{"id":9211,"date":"2024-09-17T14:21:24","date_gmt":"2024-09-17T12:21:24","guid":{"rendered":"https:\/\/antcube.shop\/en\/product\/kaktus-7cm\/"},"modified":"2026-04-15T09:42:39","modified_gmt":"2026-04-15T07:42:39","slug":"kaktus-7cm-2","status":"publish","type":"product","link":"https:\/\/antcube.shop\/cs\/produkt\/kaktus-7cm-2\/","title":{"rendered":"Kaktus - 7cm"},"content":{"rendered":"<p><strong>Rozm\u011bry:<\/strong> 7 x 6 x 5 cm<\/p>\n<p><strong>Materi\u00e1l:<\/strong> polymerbeton, hl\u00edna<\/p>\n<p><strong>Barva:<\/strong><br \/>\nZ\u00e1kladna: hn\u011bd\u00e1<br \/>\nKaktus: zelen\u00fd<\/p>\n<p><strong>Obsah:<\/strong> 1 ks.<\/p>\n<p><strong>Popis:<\/strong> Krom\u011b p\u0159irozen\u00e9ho vzhledu a odolnosti proti UV z\u00e1\u0159en\u00ed nab\u00edz\u00ed tento polymerbetonov\u00fd kaktus vysokou rozm\u011brovou stabilitu, tak\u017ee je mimo\u0159\u00e1dn\u011b trvanliv\u00fd a odoln\u00fd proti po\u0161kozen\u00ed mravenci.<\/p>\n<p><strong>Pozn\u00e1mka:<\/strong> P\u0159ed pou\u017eit\u00edm je o\u010dist\u011bte pod tekouc\u00ed vodou!<\/p>","protected":false},"excerpt":{"rendered":"<p>Rozm\u011bry: Rozm\u011bry: 5,5 x 7,0 x 6,0 cm<\/p>","protected":false},"featured_media":9655,"comment_status":"open","ping_status":"closed","template":"","meta":{"_acf_changed":false,"content-type":"","_monsterinsights_skip_tracking":false,"_monsterinsights_sitenote_active":false,"_monsterinsights_sitenote_note":"","_monsterinsights_sitenote_category":0},"product_brand":[],"product_cat":[98,99],"product_tag":[],"class_list":{"0":"post-9211","1":"product","2":"type-product","3":"status-publish","4":"has-post-thumbnail","6":"product_cat-decoration","7":"product_cat-desert","9":"first","10":"instock","11":"taxable","12":"shipping-taxable","13":"purchasable","14":"product-type-simple"},"acf":[],"aioseo_notices":[],"jetpack_sharing_enabled":true,"_links":{"self":[{"href":"https:\/\/antcube.shop\/cs\/wp-json\/wp\/v2\/product\/9211","targetHints":{"allow":["GET"]}}],"collection":[{"href":"https:\/\/antcube.shop\/cs\/wp-json\/wp\/v2\/product"}],"about":[{"href":"https:\/\/antcube.shop\/cs\/wp-json\/wp\/v2\/types\/product"}],"replies":[{"embeddable":true,"href":"https:\/\/antcube.shop\/cs\/wp-json\/wp\/v2\/comments?post=9211"}],"wp:featuredmedia":[{"embeddable":true,"href":"https:\/\/antcube.shop\/cs\/wp-json\/wp\/v2\/media\/9655"}],"wp:attachment":[{"href":"https:\/\/antcube.shop\/cs\/wp-json\/wp\/v2\/media?parent=9211"}],"wp:term":[{"taxonomy":"product_brand","embeddable":true,"href":"https:\/\/antcube.shop\/cs\/wp-json\/wp\/v2\/product_brand?post=9211"},{"taxonomy":"product_cat","embeddable":true,"href":"https:\/\/antcube.shop\/cs\/wp-json\/wp\/v2\/product_cat?post=9211"},{"taxonomy":"product_tag","embeddable":true,"href":"https:\/\/antcube.shop\/cs\/wp-json\/wp\/v2\/product_tag?post=9211"}],"curies":[{"name":"wp","href":"https:\/\/api.w.org\/{rel}","templated":true}]}}