{"id":9207,"date":"2024-09-17T14:19:09","date_gmt":"2024-09-17T12:19:09","guid":{"rendered":"https:\/\/antcube.shop\/en\/product\/grasstein-3cm\/"},"modified":"2026-04-06T15:55:40","modified_gmt":"2026-04-06T13:55:40","slug":"grasstein-3cm","status":"publish","type":"product","link":"https:\/\/antcube.shop\/cs\/produkt\/grasstein-3cm\/","title":{"rendered":"Travn\u00ed k\u00e1men - 3 cm"},"content":{"rendered":"<p><strong>Rozm\u011bry:<\/strong> cca 86 x 29 x 30 mm<\/p>\n<p><strong>Materi\u00e1l:<\/strong> polymerbeton, hl\u00edna, plast<\/p>\n<p><strong>Barva:<\/strong><br \/>\nZ\u00e1kladna: zelen\u00e1, tmav\u011b \u0161ed\u00e1<br \/>\nRostlina: sv\u011btle zelen\u00e1-tmav\u011b zelen\u00e1<\/p>\n<p><strong>Obsah:<\/strong> 1 ks.<\/p>\n<p><strong>Popis:<\/strong> Tyto rostliny jsou vyrobeny z odoln\u00e9ho plastu a maj\u00ed podstavec ze syntetick\u00e9 prysky\u0159ice se vzhledem kamene. D\u00edky tomu jsou mimo\u0159\u00e1dn\u011b robustn\u00ed a nemohou je po\u0161kodit mravenci. P\u0159esto vypadaj\u00ed velmi p\u0159irozen\u011b a atraktivn\u011b a lze je snadno za\u010dlenit do formik\u00e1ria.<\/p>\n<p><strong>Pozn\u00e1mka:<\/strong> P\u0159ed pou\u017eit\u00edm je o\u010dist\u011bte pod tekouc\u00ed vodou!<\/p>\n<p>&nbsp;<\/p>","protected":false},"excerpt":{"rendered":"<p>Rozm\u011bry: cca 86 x 29 x 30 mm Materi\u00e1l: polymerbeton, hl\u00edna, plast Barva: z\u00e1kladna: zelen\u00e1, tmav\u011b \u0161ed\u00e1 Rostlina: sv\u011btle zelen\u00e1-tmav\u011b zelen\u00e1 Obsah: Obsah: 1 ks.  Tyto rostliny jsou vyrobeny z robustn\u00edho plastu a maj\u00ed z\u00e1kladnu ze syntetick\u00e9 prysky\u0159ice se vzhledem kamene. D\u00edky tomu jsou mimo\u0159\u00e1dn\u011b odoln\u00e9 a nemohou je po\u0161kodit mravenci.","protected":false},"featured_media":9356,"comment_status":"open","ping_status":"closed","template":"","meta":{"_acf_changed":false,"content-type":"","_monsterinsights_skip_tracking":false,"_monsterinsights_sitenote_active":false,"_monsterinsights_sitenote_note":"","_monsterinsights_sitenote_category":0},"product_brand":[],"product_cat":[98,102],"product_tag":[],"class_list":{"0":"post-9207","1":"product","2":"type-product","3":"status-publish","4":"has-post-thumbnail","6":"product_cat-decoration","7":"product_cat-meadow","9":"first","10":"instock","11":"taxable","12":"shipping-taxable","13":"purchasable","14":"product-type-simple"},"acf":[],"aioseo_notices":[],"jetpack_sharing_enabled":true,"_links":{"self":[{"href":"https:\/\/antcube.shop\/cs\/wp-json\/wp\/v2\/product\/9207","targetHints":{"allow":["GET"]}}],"collection":[{"href":"https:\/\/antcube.shop\/cs\/wp-json\/wp\/v2\/product"}],"about":[{"href":"https:\/\/antcube.shop\/cs\/wp-json\/wp\/v2\/types\/product"}],"replies":[{"embeddable":true,"href":"https:\/\/antcube.shop\/cs\/wp-json\/wp\/v2\/comments?post=9207"}],"wp:featuredmedia":[{"embeddable":true,"href":"https:\/\/antcube.shop\/cs\/wp-json\/wp\/v2\/media\/9356"}],"wp:attachment":[{"href":"https:\/\/antcube.shop\/cs\/wp-json\/wp\/v2\/media?parent=9207"}],"wp:term":[{"taxonomy":"product_brand","embeddable":true,"href":"https:\/\/antcube.shop\/cs\/wp-json\/wp\/v2\/product_brand?post=9207"},{"taxonomy":"product_cat","embeddable":true,"href":"https:\/\/antcube.shop\/cs\/wp-json\/wp\/v2\/product_cat?post=9207"},{"taxonomy":"product_tag","embeddable":true,"href":"https:\/\/antcube.shop\/cs\/wp-json\/wp\/v2\/product_tag?post=9207"}],"curies":[{"name":"wp","href":"https:\/\/api.w.org\/{rel}","templated":true}]}}