{"id":8974,"date":"2024-08-19T20:51:45","date_gmt":"2024-08-19T18:51:45","guid":{"rendered":"https:\/\/antcube.shop\/product\/abstandshalter-fur-32mm-rohr\/"},"modified":"2026-01-12T12:38:28","modified_gmt":"2026-01-12T11:38:28","slug":"rozperka-pro-32mm-trubku","status":"publish","type":"product","link":"https:\/\/antcube.shop\/cs\/produkt\/rozperka-pro-32mm-trubku\/","title":{"rendered":"Rozp\u011brka pro 32mm trubku"},"content":{"rendered":"<p><strong>Rozm\u011bry v\u00fdrobku:<\/strong> 49x14x8mm (distan\u010dn\u00ed vlo\u017eka)<\/p>\n<p><strong>Materi\u00e1l:<\/strong> akrylov\u00e9 sklo, pru\u017einov\u00e1 ocel<\/p>\n<p><strong>Barva:<\/strong> b\u00edl\u00e1, ocelov\u011b \u0161ed\u00e1<\/p>\n<p><strong>Obsah:<\/strong><br \/>\n1x distan\u010dn\u00ed podlo\u017eka<br \/>\n1x dr\u017e\u00e1k svorky - pru\u017einov\u00e1 ocel pro 32 mm<br \/>\n2x \u0161roub a hmo\u017edinka pro mont\u00e1\u017e na st\u011bnu<br \/>\n1x mal\u00fd \u0161roubek pro upevn\u011bn\u00ed dr\u017e\u00e1ku svorky k distan\u010dn\u00ed podlo\u017ece<\/p>\n<p><strong>Popis:<\/strong><br \/>\nDistan\u010dn\u00ed podlo\u017eky pro p\u0159ipevn\u011bn\u00ed akryl\u00e1tov\u00fdch trubek ke st\u011bn\u011b. Byly vyvinuty k propojen\u00ed na\u0161ich n\u00e1st\u011bnn\u00fdch ar\u00e9n a n\u00e1st\u011bnn\u00fdch mraveni\u0161\u0165 mezi sebou nebo s jin\u00fdmi prvky prost\u0159ednictv\u00edm akrylov\u00fdch trubek. P\u0159eklenou tak mezeru mezi st\u011bnou a akrylov\u00fdmi trubicemi a umo\u017en\u00ed bezpe\u010dn\u00e9, pevn\u00e9 a vizu\u00e1ln\u011b atraktivn\u00ed upevn\u011bn\u00ed akrylov\u00fdch trubic pomoc\u00ed dr\u017e\u00e1k\u016f se svorkami.<\/p>\n<p><strong>Pozn\u00e1mka:<\/strong><br \/>\nDod\u00e1v\u00e1 se v jednotliv\u00fdch \u010d\u00e1stech a mus\u00ed se p\u0159ipevnit pomoc\u00ed k\u0159\u00ed\u017eov\u00e9ho \u0161roubov\u00e1ku.<br \/>\nNa obou stran\u00e1ch distan\u010dn\u00ed podlo\u017eky jsou tenk\u00e9 ochrann\u00e9 f\u00f3lie. Ty jednodu\u0161e sloupn\u011bte.<\/p>\n<p><strong>Zap\u00edn\u00e1n\u00ed:<\/strong><br \/>\nK upevn\u011bn\u00ed 2 hmo\u017edinek \"S6\" do zdi pot\u0159ebujete vrt\u00e1k s 6mm vrt\u00e1kem (do d\u0159eva, kamene nebo kovu v z\u00e1vislosti na materi\u00e1lu).<br \/>\nDo st\u011bny je t\u0159eba vyvrtat otvory o hloubce 45 mm, aby bylo mo\u017en\u00e9 zahloubit hmo\u017edinky 6x30 mm se \u0161rouby 4,5x40 mm.<br \/>\n<strong>Nutn\u00e9 pro mont\u00e1\u017e:<\/strong><br \/>\n- Vodov\u00e1ha<br \/>\n- Lepic\u00ed p\u00e1ska, abyste nemuseli ozna\u010dovat st\u011bnu pod n\u00ed.<br \/>\n- K\u0159\u00ed\u017eov\u00fd \u0161roubov\u00e1k<br \/>\n- Vrt\u00e1k\/\u0161roubov\u00e1k v z\u00e1vislosti na st\u011bn\u011b<br \/>\n- 6mm vrt\u00e1k (do d\u0159eva, kamene nebo kovu v z\u00e1vislosti na povrchu)<\/p>","protected":false},"excerpt":{"rendered":"<p>Rozm\u011bry v\u00fdrobku: Materi\u00e1l: akryl\u00e1tov\u00e9 sklo, pru\u017einov\u00e1 ocel Barva: b\u00edl\u00e1, ocelov\u011b \u0161ed\u00e1 Obsah: 1x distan\u010dn\u00ed r\u00e1me\u010dek 1x dr\u017e\u00e1k svorky - pru\u017einov\u00e1 ocel pro 20 mm 2x \u0161roub a hmo\u017edinka pro mont\u00e1\u017e na st\u011bnu 1x mal\u00fd \u0161roubek pro upevn\u011bn\u00ed dr\u017e\u00e1ku svorky k distan\u010dn\u00edmu r\u00e1me\u010dku Popis: Distan\u010dn\u00ed podlo\u017eky pro upevn\u011bn\u00ed akryl\u00e1tov\u00fdch trubek na ze\u010f. Byly vyvinuty pro","protected":false},"featured_media":8991,"comment_status":"open","ping_status":"closed","template":"","meta":{"_acf_changed":false,"content-type":"","_monsterinsights_skip_tracking":false,"_monsterinsights_sitenote_active":false,"_monsterinsights_sitenote_note":"","_monsterinsights_sitenote_category":0},"product_brand":[],"product_cat":[345,119,120],"product_tag":[],"class_list":{"0":"post-8974","1":"product","2":"type-product","3":"status-publish","4":"has-post-thumbnail","6":"product_cat-pipe-connectors","7":"product_cat-formicarium-components","8":"product_cat-hoses","10":"first","11":"instock","12":"taxable","13":"shipping-taxable","14":"purchasable","15":"product-type-simple"},"acf":[],"aioseo_notices":[],"jetpack_sharing_enabled":true,"_links":{"self":[{"href":"https:\/\/antcube.shop\/cs\/wp-json\/wp\/v2\/product\/8974","targetHints":{"allow":["GET"]}}],"collection":[{"href":"https:\/\/antcube.shop\/cs\/wp-json\/wp\/v2\/product"}],"about":[{"href":"https:\/\/antcube.shop\/cs\/wp-json\/wp\/v2\/types\/product"}],"replies":[{"embeddable":true,"href":"https:\/\/antcube.shop\/cs\/wp-json\/wp\/v2\/comments?post=8974"}],"wp:featuredmedia":[{"embeddable":true,"href":"https:\/\/antcube.shop\/cs\/wp-json\/wp\/v2\/media\/8991"}],"wp:attachment":[{"href":"https:\/\/antcube.shop\/cs\/wp-json\/wp\/v2\/media?parent=8974"}],"wp:term":[{"taxonomy":"product_brand","embeddable":true,"href":"https:\/\/antcube.shop\/cs\/wp-json\/wp\/v2\/product_brand?post=8974"},{"taxonomy":"product_cat","embeddable":true,"href":"https:\/\/antcube.shop\/cs\/wp-json\/wp\/v2\/product_cat?post=8974"},{"taxonomy":"product_tag","embeddable":true,"href":"https:\/\/antcube.shop\/cs\/wp-json\/wp\/v2\/product_tag?post=8974"}],"curies":[{"name":"wp","href":"https:\/\/api.w.org\/{rel}","templated":true}]}}