{"id":8972,"date":"2024-08-19T20:49:18","date_gmt":"2024-08-19T18:49:18","guid":{"rendered":"https:\/\/antcube.shop\/product\/bundle-offer-manica-rubida\/"},"modified":"2026-05-04T09:26:54","modified_gmt":"2026-05-04T07:26:54","slug":"nabidka-balicku-manica-rubida","status":"publish","type":"product","link":"https:\/\/antcube.shop\/cs\/produkt\/nabidka-balicku-manica-rubida\/","title":{"rendered":"Nab\u00eddka bal\u00ed\u010dk\u016f - Manica rubida"},"content":{"rendered":"<p><span data-text-color=\"secondary\"><strong>Nab\u00eddka bal\u00ed\u010dk\u016f v\u010detn\u011b kolonie mravenc\u016f Manica rubida (kr\u00e1lovna s 1-4 d\u011blnicemi + ml\u00e1\u010fata)<\/strong><\/span><\/p>\n<p><span data-text-color=\"alert\"><strong>Pouze do vyprod\u00e1n\u00ed z\u00e1sob.<\/strong><\/span><\/p>\n<p><strong>V\u0161e, co pot\u0159ebujete pro kolonii mravenc\u016f Manica rubida:<\/strong><br \/>\nTento bal\u00ed\u010dek obsahuje v\u0161e, co pot\u0159ebujete k \u00fasp\u011b\u0161n\u00e9mu zalo\u017een\u00ed kolonie Myrmica rubra v prvn\u00edch m\u011bs\u00edc\u00edch jej\u00edho \u017eivota. Je flexibiln\u011b roz\u0161i\u0159iteln\u00fd a byl s t\u00edmto druhem mravenc\u016f testov\u00e1n n\u011bkolik let.<\/p>\n<p><strong>Druh mravence Manica rubida:<\/strong><br \/>\nManica rubida \u017eije ve st\u0159edn\u00ed a ji\u017en\u00ed Evrop\u011b. Obvykle se vyskytuje v nadmo\u0159sk\u00fdch v\u00fd\u0161k\u00e1ch 500-2000 m, tj. v n\u00edzk\u00fdch a vysok\u00fdch hor\u00e1ch. D\u00e1v\u00e1 p\u0159ednost pon\u011bkud chladn\u011bj\u0161\u00edmu a vlh\u010d\u00edmu klimatu. V N\u011bmecku je tento druh ji\u017e del\u0161\u00ed dobu pova\u017eov\u00e1n za ohro\u017een\u00fd. D\u016fvodem je pravd\u011bpodobn\u011b p\u0159edev\u0161\u00edm \u00fabytek vhodn\u00fdch biotop\u016f a teplej\u0161\u00ed a su\u0161\u0161\u00ed klima.<\/p>\n<p>Manica rubida m\u00e1 \u017eihadlo. To jim pom\u00e1h\u00e1 lovit drobn\u00fd hmyz a br\u00e1nit kolonii.<\/p>\n<p>Kr\u00e1lovny Manica rubida zakl\u00e1daj\u00ed polohn\u00edzda, tj. opou\u0161t\u011bj\u00ed hn\u00edzdo b\u011bhem f\u00e1ze zakl\u00e1d\u00e1n\u00ed hn\u00edzda a hledaj\u00ed potravu. V\u011bt\u0161\u00ed kolonie se \u010dasem \u010dasto st\u00e1vaj\u00ed polygynn\u00edmi, tj. maj\u00ed n\u011bkolik kr\u00e1loven. Jedn\u00e1 se o tzv. sekund\u00e1rn\u00ed polygynii, tj. adopci vlastn\u00edch nebo ciz\u00edch mlad\u00fdch kr\u00e1loven a jejich za\u010dlen\u011bn\u00ed do vlastn\u00ed kolonie.<\/p>\n<p>Manica rubida ve voln\u00e9 p\u0159\u00edrod\u011b p\u0159ezimuje od konce \u0159\u00edjna do konce b\u0159ezna.<\/p>\n<p><strong>Hn\u00edzdo pro Manica rubida:<\/strong><br \/>\nManica rubida hn\u00edzd\u00ed sp\u00ed\u0161e v p\u00eds\u010dit\u00fdch p\u016fd\u00e1ch. Vyskytuj\u00ed se ve \u0161t\u011brkovn\u00e1ch, v oblastech povrchov\u00e9 t\u011b\u017eby nebo v z\u00e1plavov\u00fdch oblastech.<\/p>\n<p><strong>Potrava pro Manica rubida:<\/strong><br \/>\nManica rubida se v p\u0159\u00edrod\u011b \u017eiv\u00ed hmyzem a nektarem. Stejn\u011b jako nap\u0159\u00edklad Lasius niger i Manica rubida udr\u017euje kolonie m\u0161ic a br\u00e1n\u00ed je. U tohoto druhu je to v\u0161ak pozorov\u00e1no pon\u011bkud m\u00e9n\u011b \u010dasto.<\/p>\n<p>Do t\u00e9to sady jsme za\u0159adili v\u0161echny na\u0161e blan\u0161\u00edrovan\u00e9 cvr\u010dky a medovici jako potravu. Oboj\u00ed Manica rubida velmi dob\u0159e p\u0159ij\u00edm\u00e1 a d\u00edky obsa\u017een\u00fdm \u017eivin\u00e1m podporuje p\u0159irozen\u00fd a pozitivn\u00ed v\u00fdvoj kolonie.<\/p>\n<p><strong>Optim\u00e1ln\u00ed klimatick\u00e9 podm\u00ednky pro Manica rubida jsou n\u00e1sleduj\u00edc\u00ed:<\/strong><br \/>\nVlhkost:<br \/>\nAr\u00e9na: Hn\u00edzdn\u00ed plocha: 30 - 50%: 50 - 70%<br \/>\nTeplota:<br \/>\nAr\u00e9na: 18 - 28 \u00b0C Hn\u00edzdn\u00ed oblast: 21 - 24\u00b0C<\/p>\n<p><strong>Obsah:<\/strong><br \/>\n1x Manica rubida (kr\u00e1lovna + 1-4 d\u011blnice + sn\u016f\u0161ka)<br \/>\n1x Cricket Jam 25g<br \/>\n1x Medovicov\u00e1 sm\u011bs (HT) - n\u00e1pl\u0148 10ml<br \/>\n1x z\u00e1kladna pro formik\u00e1rium - 20x20cm<br \/>\n1x z\u00e1kladna pro formik\u00e1rium - 20x6cm<\/p>\n<p>1x ANTCUBE - ar\u00e9na 20x20x10 - ploch\u00e1<br \/>\n1x r\u00e1m mraveni\u0161t\u011b 20\u00d720<br \/>\n1x kryt mraveni\u0161t\u011b 20\u00d720<br \/>\n4x upev\u0148ovac\u00ed bod pro kryt ar\u00e9ny<br \/>\n1x ANTCUBE - Mraveni\u0161t\u011b - L - 20\u00d720 - ve svisl\u00e9 poloze<\/p>\n<p>1x 0,5m pr\u016fhledn\u00e1 trubka 14\/10 mm<br \/>\n1x ANTCUBE - \u010derven\u00e1 f\u00f3lie 20\u00d720 - filtr<br \/>\n1x substr\u00e1t - louka - 1kg<br \/>\n1x granul\u00e1t Formicarium 200ml - b\u00e9\u017eov\u00fd<\/p>\n<p>2x Grid insert acrylic &#8211; 50 mm with sealing ring<br \/>\n1x Grid insert acrylic &#8211; 27 mm with sealing ring<br \/>\n1x krytka m\u0159\u00ed\u017eky - 10 mm - nerezov\u00e1 ocel<\/p>\n<p>1x spojka hadice n\u00e1dr\u017ee 27-14,16,20 mm - pr\u016fhledn\u00e1<br \/>\n1x Foil thermometer &#8211; farm<br \/>\n1x Foil thermometer Display<br \/>\n1x drinking clear 5ml &#8211; sponge<br \/>\n1x Feeding dish white rectangle &#8211; 3 compartments<br \/>\n1x Drinking trough 2ml &#8211; 360 Degrees<br \/>\n1x Olej na ochranu proti \u00faniku mravenc\u016f 10ml<br \/>\n1x pinzeta z pru\u017einov\u00e9 oceli - \u0161irok\u00e1 - m\u011bkk\u00e1<br \/>\n1x pinzeta plastov\u00e1 pr\u016fhledn\u00e1<br \/>\n1x plastov\u00e1 pipeta 3ml<br \/>\n1x ru\u010dn\u00ed lupa - 2x - 30mm<br \/>\n1x p\u011bnov\u00fd st\u011bra\u010d 150x18x2,5mm<br \/>\n1x fotopozad\u00ed - louka - 20\u00d710<\/p>\n<p><strong>Popis:<\/strong><br \/>\nTato roz\u0161i\u0159iteln\u00e1 startovac\u00ed sada pro Manica rubida obsahuje nejen optim\u00e1ln\u011b p\u0159izp\u016fsoben\u00e9 formik\u00e1rium, ale tak\u00e9 vhodn\u00e9 p\u0159\u00edslu\u0161enstv\u00ed pro chov tohoto druhu mravence. Nap\u00e1je\u010dka \"\u010dir\u00e1 20 ml - houbi\u010dka\" je ur\u010dena pro vodu, nap\u00e1je\u010dka \"2 ml - 360 stup\u0148\u016f\" pro medovicovou sm\u011bs.<\/p>\n<p><strong>D\u016fle\u017eit\u00e9:<\/strong> P\u0159ed pou\u017eit\u00edm navlh\u010dete pou\u0161tn\u00ed substr\u00e1t, aby se sm\u011bs mohla spojit a v mraveni\u0161ti pevn\u011b dr\u017eet. Such\u00fd a pra\u0161n\u00fd substr\u00e1t m\u016f\u017ee nav\u00edc v\u00e9st k ucp\u00e1n\u00ed d\u00fdchac\u00edch cest mravenc\u016f a v nejhor\u0161\u00edm p\u0159\u00edpad\u011b k udu\u0161en\u00ed zv\u00ed\u0159at.<\/p>\n<p><strong>Pozn\u00e1mky k v\u00fdrob\u011b<\/strong><br \/>\nSklo je \u0159ez\u00e1no na m\u00edru podle normy DIN 1249 s toleranc\u00ed +\/- 1 mm. U extr\u00e9mn\u011b mal\u00fdch druh\u016f mravenc\u016f je nezbytn\u00e1 dodate\u010dn\u00e1 ochrana proti vylomen\u00ed.<\/p>\n<p><strong>Pozn\u00e1mka k blan\u0161\u00edrovan\u00fdm cvr\u010dk\u016fm:<\/strong><br \/>\nN\u00e1\u0161 cvr\u010d\u010d\u00ed d\u017eem p\u0159edstavuje snadn\u00fd zp\u016fsob, jak mravenc\u016fm poskytnout \u010derstv\u011b konzervovanou proteinovou potravu, ani\u017e by museli krmit \u017eiv\u00fdm hmyzem. Obsa\u017een\u00ed cvr\u010dci (Acheta domesticus) byli \u0161etrn\u011b uva\u0159eni, aby byly zachov\u00e1ny nutri\u010dn\u00ed hodnoty, chu\u0165 a v\u016fn\u011b. Krom\u011b toho se t\u00edmto zp\u016fsobem zm\u011bk\u010d\u00ed chitinov\u00e1 schr\u00e1nka hmyzu, aby se dala snadn\u011bji str\u00e1vit. Vazby kolagenn\u00edch b\u00edlkovin se rozru\u0161\u00ed, aby je mravenci mohli l\u00e9pe vyu\u017e\u00edt. Konzervy Acheta domesticus maj\u00ed stejnou v\u00fd\u017eivovou hodnotu jako \u017eiv\u00ed cvr\u010dci, ale jsou snadn\u011bji straviteln\u00e9.<\/p>\n<p>Blan\u0161\u00edrovan\u00ed cvr\u010dci nejsou vhodn\u00ed pro lov druh\u016f mravenc\u016f, kte\u0159\u00ed vy\u017eaduj\u00ed \u017eivou potravu (nap\u0159. ponravy (velc\u00ed mravenci) jako Harpegnathos nebo Odontomachus).<\/p>\n<p><strong>Dal\u0161\u00ed v\u00fdhody:<\/strong><br \/>\nZaru\u010den\u011b bez rozto\u010d\u016f<br \/>\nLze porcovat<br \/>\nSterilizovan\u00e9 a vys\u00e1t\u00e9<br \/>\nBez p\u0159\u00edsad<br \/>\nCvr\u010dci z udr\u017eiteln\u00e9ho \u010dist\u011b ekologick\u00e9ho chovu, krmeni organick\u00fdm odpadem<\/p>\n<p><strong>Upozorn\u011bn\u00ed:<\/strong><br \/>\nPo otev\u0159en\u00ed lze uchov\u00e1vat v chladni\u010dce asi \u010dty\u0159i dny. P\u0159i zmrazen\u00ed je trvanlivost del\u0161\u00ed.<\/p>\n<p><strong>Pozn\u00e1mka k medovici:<\/strong><br \/>\nObsah: 10 ml<br \/>\nJedn\u00e1 se o p\u0159\u00edrodn\u00ed produkt, kter\u00fd jsme po rozs\u00e1hl\u00e9m testov\u00e1n\u00ed v na\u0161\u00ed laborato\u0159i zdokonalili a vyvinuli z n\u011bj potravu, kterou mravenci velmi dob\u0159e p\u0159ij\u00edmaj\u00ed. D\u016fvodem je, \u017ee nezpracovan\u00fd medovicov\u00fd med v jeho koncentrovan\u00e9 p\u016fvodn\u00ed podob\u011b nen\u00ed mravenci a jejich metabolismem dob\u0159e p\u0159ij\u00edm\u00e1n.<br \/>\nNa\u0161e medovice byla nasb\u00edr\u00e1na v nezne\u010di\u0161t\u011bn\u00fdch divok\u00fdch horsk\u00fdch les\u00edch Bulharska. Medovice se rod\u00ed jen velmi omezenou dobu, v l\u00e9t\u011b asi dva m\u011bs\u00edce. Je proto velmi vz\u00e1cn\u00e1. D\u00edky specifick\u00fdm vlastnostem p\u016fdy v les\u00edch a klimatu se v listech strom\u016f ukl\u00e1daj\u00ed z\u00e1kladn\u00ed \u017eiviny, kter\u00e9 m\u0161ice vst\u0159eb\u00e1vaj\u00ed. Pr\u00e1v\u011b d\u00edky tomu je tato medovicov\u00e1 sm\u011bs pro mravence tak \u017e\u00e1douc\u00ed.<\/p>\n<p><strong>Pou\u017eit\u00ed:<\/strong><br \/>\nMno\u017estv\u00ed j\u00eddla by m\u011blo b\u00fdt spot\u0159ebov\u00e1no p\u0159ibli\u017en\u011b do 3 dn\u016f.<\/p>\n<p><strong>Popis:<\/strong><br \/>\nMedovice se na rozd\u00edl od kv\u011btov\u00e9ho medu z\u00edsk\u00e1v\u00e1 z v\u00fdm\u011b\u0161k\u016f hmyzu, kter\u00fd saje na rostlin\u00e1ch, nap\u0159\u00edklad m\u0161ic. Medovice je obl\u00edben\u00fdm zdrojem potravy pro mnoho druh\u016f hmyzu, jako jsou mravenci, v\u010dely a \u010dmel\u00e1ci. V\u010dely a \u010dmel\u00e1ci ji sl\u00edz\u00e1vaj\u00ed z list\u016f nebo jehli\u010d\u00ed r\u016fzn\u00fdch strom\u016f. Mravenci, jako je Lasius niger, m\u0161ice doslova chovaj\u00ed. Dokonce je br\u00e1n\u00ed p\u0159ed pred\u00e1tory a p\u0159en\u00e1\u0161ej\u00ed je na \u010derstv\u00e9 v\u00fdhonky.<\/p>\n<p>Medovice je u mravenc\u016f obzvl\u00e1\u0161t\u011b obl\u00edben\u00e1 d\u00edky sv\u00fdm pon\u011bkud odli\u0161n\u00fdm slo\u017ek\u00e1m. Hlavn\u00edmi cukry v medovici jsou sachar\u00f3za a frukt\u00f3za, ale v men\u0161\u00edm mno\u017estv\u00ed se vyskytuj\u00ed tak\u00e9 malt\u00f3za, trehal\u00f3za, melezit\u00f3za, rafin\u00f3za a dal\u0161\u00ed oligosacharidy. Krom\u011b cukru a vody obsahuje medovice tak\u00e9 esenci\u00e1ln\u00ed aminokyseliny, miner\u00e1ln\u00ed l\u00e1tky, stopov\u00e9 prvky, adenosiny, fosf\u00e1ty a dal\u0161\u00ed slo\u017eky, nap\u0159. vitaminy.<\/p>\n<p><strong>Pou\u017eit\u00ed:<\/strong><br \/>\nPro druhy mravenc\u016f medojed\u016f (Meliphagidae)<br \/>\nJedn\u00e1 se o dopl\u0148kov\u00e9 krmivo<br \/>\nZv\u00ed\u0159at\u016fm ji lze nab\u00eddnout v podob\u011b, v jak\u00e9 je dod\u00e1v\u00e1na. Vzhledem k tomu, \u017ee se koncentrace cukru sni\u017euje vlivem vlhkosti a za\u010d\u00edn\u00e1 proces kva\u0161en\u00ed, je t\u0159eba krmivo ka\u017ed\u00e9 t\u0159i dny vym\u011bnit. P\u0159ed op\u011btovn\u00fdm pou\u017eit\u00edm krmnou misku\/zkumavku d\u016fkladn\u011b vy\u010dist\u011bte.<br \/>\nPo otev\u0159en\u00ed balen\u00ed by m\u011blo b\u00fdt uchov\u00e1v\u00e1no t\u011bsn\u011b uzav\u0159en\u00e9 a\u017e do uplynut\u00ed doby pou\u017eitelnosti.<\/p>\n<p><strong>V\u00fd\u017eivov\u00e9 \u00fadaje na 100 g:<\/strong><br \/>\ncca 2,7 % tuk\u016f<br \/>\nz toho nasycen\u00e9 p\u0159ibli\u017en\u011b 0,45 %<br \/>\np\u0159ibli\u017en\u011b 95 % sacharid\u016f<br \/>\nz toho cukr p\u0159ibli\u017en\u011b 71<br \/>\np\u0159ibli\u017en\u011b 2.85% b\u00edlkovin<\/p>\n<p>Miner\u00e1ln\u00ed l\u00e1tky (drasl\u00edk, v\u00e1pn\u00edk, m\u011b\u010f, \u017eelezo, sod\u00edk, ho\u0159\u010d\u00edk, fosfor, zinek a dal\u0161\u00ed stopov\u00e9 prvky). Aminokyseliny (prolin, leucin, fenylalanin, alanin, histidin, isoleucin, kyselina glutamov\u00e1, arginin, kyselina asparagov\u00e1 atd.) Organick\u00e9 kyseliny Enzymy (fermenty)P\u0159\u00edchut\u011b Inhibiny (antibakteri\u00e1ln\u00ed l\u00e1tky) Kv\u011bty Pyl<\/p>\n<p><strong>Skladov\u00e1n\u00ed:<\/strong><br \/>\nAby byla zaji\u0161t\u011bna kvalita krmiva, m\u011blo by b\u00fdt skladov\u00e1no na tmav\u00e9m a such\u00e9m m\u00edst\u011b.<\/p>\n<p><strong>Pozn\u00e1mka:<\/strong><br \/>\nDopl\u0148kov\u00e9 krmivo pro mravence medojedy.<br \/>\nSlo\u017een\u00ed, analytick\u00e9 slo\u017eky, datum minim\u00e1ln\u00ed trvanlivosti a \u010d\u00edslo \u0161ar\u017ee najdete v p\u0159\u00edbalov\u00e9m let\u00e1ku.<\/p>\n<p>Informa\u010dn\u00ed linka +49 30 439703870<\/p>\n<p><strong>Odpov\u011bdn\u00fd veterin\u00e1rn\u00ed a potravin\u00e1\u0159sk\u00fd inspektor\u00e1t:<\/strong><br \/>\nVeterin\u00e1rn\u00ed kancel\u00e1\u0159 Steglitz<br \/>\nK\u00f6nigin-Luise-Str. 92<br \/>\n14195 Berl\u00edn<\/p>","protected":false},"excerpt":{"rendered":"<p>Sada se skl\u00e1d\u00e1 z 34 d\u00edl\u016f<\/p>","protected":false},"featured_media":8986,"comment_status":"open","ping_status":"closed","template":"","meta":{"_acf_changed":false,"content-type":"","_monsterinsights_skip_tracking":false,"_monsterinsights_sitenote_active":false,"_monsterinsights_sitenote_note":"","_monsterinsights_sitenote_category":0},"product_brand":[],"product_cat":[355,73],"product_tag":[],"class_list":{"0":"post-8972","1":"product","2":"type-product","3":"status-publish","4":"has-post-thumbnail","6":"product_cat-bundle-offers","7":"product_cat-starter-sets","9":"first","10":"instock","11":"taxable","12":"shipping-taxable","13":"purchasable","14":"product-type-simple"},"acf":[],"aioseo_notices":[],"jetpack_sharing_enabled":true,"_links":{"self":[{"href":"https:\/\/antcube.shop\/cs\/wp-json\/wp\/v2\/product\/8972","targetHints":{"allow":["GET"]}}],"collection":[{"href":"https:\/\/antcube.shop\/cs\/wp-json\/wp\/v2\/product"}],"about":[{"href":"https:\/\/antcube.shop\/cs\/wp-json\/wp\/v2\/types\/product"}],"replies":[{"embeddable":true,"href":"https:\/\/antcube.shop\/cs\/wp-json\/wp\/v2\/comments?post=8972"}],"wp:featuredmedia":[{"embeddable":true,"href":"https:\/\/antcube.shop\/cs\/wp-json\/wp\/v2\/media\/8986"}],"wp:attachment":[{"href":"https:\/\/antcube.shop\/cs\/wp-json\/wp\/v2\/media?parent=8972"}],"wp:term":[{"taxonomy":"product_brand","embeddable":true,"href":"https:\/\/antcube.shop\/cs\/wp-json\/wp\/v2\/product_brand?post=8972"},{"taxonomy":"product_cat","embeddable":true,"href":"https:\/\/antcube.shop\/cs\/wp-json\/wp\/v2\/product_cat?post=8972"},{"taxonomy":"product_tag","embeddable":true,"href":"https:\/\/antcube.shop\/cs\/wp-json\/wp\/v2\/product_tag?post=8972"}],"curies":[{"name":"wp","href":"https:\/\/api.w.org\/{rel}","templated":true}]}}