{"id":8970,"date":"2024-08-19T20:48:32","date_gmt":"2024-08-19T18:48:32","guid":{"rendered":"https:\/\/antcube.shop\/product\/wand-formicarien-set\/"},"modified":"2026-03-04T17:24:31","modified_gmt":"2026-03-04T16:24:31","slug":"sada-nastennych-formikarii","status":"publish","type":"product","link":"https:\/\/antcube.shop\/cs\/produkt\/sada-nastennych-formikarii\/","title":{"rendered":"N\u00e1st\u011bnn\u00e1 sada formik\u00e1ri\u00ed"},"content":{"rendered":"<p><strong>Zahrnuje:<\/strong><br \/>\n1x n\u00e1st\u011bnn\u00e9 mraveni\u0161t\u011b - 30x15x15<br \/>\n1x n\u00e1st\u011bnn\u00e9 mraveni\u0161t\u011b - L - 30\u00d730 - sklo<br \/>\n1x r\u00e1m mraveni\u0161t\u011b 30\u00d715<br \/>\n1x kryt mraveni\u0161t\u011b 30\u00d715<\/p>\n<p>3x spojka na trubky k\u0159i\u0161\u0165\u00e1lov\u011b \u010dir\u00e1 pro 20 mm - L<br \/>\n1x spojka na trubky k\u0159i\u0161\u0165\u00e1lov\u011b \u010dir\u00e1 pro 20 mm - I<br \/>\n1x konektor pro umyvadlo 3\/4\u2033 na 20 mm - k\u0159i\u0161\u0165\u00e1lov\u011b \u010dir\u00fd<br \/>\n1x mraven\u010d\u00ed trubice - k\u0159i\u0161\u0165\u00e1lov\u011b \u010dir\u00e1 20 mm (3x3 cm a 1x30 cm)<br \/>\n1x distan\u010dn\u00ed podlo\u017eka s dr\u017e\u00e1kem 20 mm<br \/>\n1x krytka m\u0159\u00ed\u017eky - 16 mm - nerezov\u00e1 ocel<br \/>\n2x Grid insert acrylic &#8211; 50 mm with sealing ring<br \/>\n1x Grid insert acrylic &#8211; 27 mm with sealing ring<br \/>\n1x mraven\u010d\u00ed matice 3\/4 palce - k\u0159i\u0161\u0165\u00e1lov\u011b \u010dir\u00e1<br \/>\n8x pry\u017eov\u00e1 vlo\u017eka pro vrtan\u00e9 otvory jako ochrana<br \/>\n8x podlo\u017eky<br \/>\nv\u010detn\u011b 8x \u0161roub\u016f a hmo\u017edinek<\/p>\n<p><strong>Popis:<\/strong><br \/>\nTato sada n\u00e1st\u011bnn\u00fdch formik\u00e1ri\u00ed byla vyvinuta pro mont\u00e1\u017e na st\u011bnu a lze ji snadno instalovat na d\u0159ev\u011bn\u00e9 a kamenn\u00e9 st\u011bny. Ar\u00e9na i mraveni\u0161t\u011b jsou pln\u011b pr\u016fhledn\u00e9, co\u017e umo\u017e\u0148uje dobr\u00fd v\u00fdhled na hn\u00edzdo. Jako hn\u00edzdn\u00ed materi\u00e1l pro mravence lze pou\u017e\u00edt bu\u010f p\u00edsek a hl\u00ednu, nebo jednu z na\u0161ich odpov\u00eddaj\u00edc\u00edch korkov\u00fdch nebo digfixov\u00fdch hn\u00edzdn\u00edch vlo\u017eek. Ke spojen\u00ed mraveni\u0161t\u011b a ar\u00e9ny jsme do sady p\u0159ibalili akrylov\u00e9 trubky, kter\u00e9 jsme si na\u0159ezali na m\u00edru. Sou\u010d\u00e1st\u00ed sady jsou tak\u00e9 \u0161rouby a hmo\u017edinky pro p\u0159ipevn\u011bn\u00ed ke zdi.<\/p>\n<p><strong>Pokyny k instalaci:<\/strong><\/p>\n<p><strong>Vzhledem k tomu, \u017ee sklen\u011bn\u00fd panel je zadn\u00ed st\u011bnou, m\u011bla by b\u00fdt st\u011bna pod n\u00edm zcela rovn\u00e1.<\/strong><br \/>\nK upevn\u011bn\u00ed 8 hmo\u017edinek \"S6\" do st\u011bny pot\u0159ebujete vrt\u00e1k s 6mm vrt\u00e1kem (do d\u0159eva, kamene nebo kovu v z\u00e1vislosti na materi\u00e1lu). Do st\u011bny je t\u0159eba vyvrtat 45 mm hlubok\u00e9 otvory, aby bylo mo\u017en\u00e9 hmo\u017edinky 6x30 mm zahloubit pomoc\u00ed \u0161roub\u016f 4,5x40 mm.<br \/>\n<strong>Nutn\u00e9 pro mont\u00e1\u017e:<\/strong><br \/>\n- vodov\u00e1ha<br \/>\n- Lepic\u00ed p\u00e1ska, abyste nemuseli zna\u010dit na st\u011bnu pod sebou.<br \/>\n- K\u0159\u00ed\u017eov\u00fd \u0161roubov\u00e1k<br \/>\n- Vrt\u00e1k\/\u0161roubov\u00e1k v z\u00e1vislosti na st\u011bn\u011b<br \/>\n- 6mm vrt\u00e1k (do d\u0159eva, kamene nebo kovu v z\u00e1vislosti na povrchu)<br \/>\n- Je tak\u00e9 u\u017eite\u010dn\u00e9 vytvo\u0159it si z listu pap\u00edru \u0161ablonu otvor\u016f pro vrt\u00e1n\u00ed. Jednodu\u0161e ji um\u00edst\u011bte pod zadn\u00ed st\u011bnu a vyzna\u010dte otvory.<\/p>\n<p><strong>Podrobnosti o mraveni\u0161ti:<\/strong><br \/>\nRozm\u011bry (DxV):<br \/>\nZadn\u00ed st\u011bna (tlou\u0161\u0165ka 6 mm): 400x293mm<\/p>\n<p>Vn\u011bj\u0161\u00ed strana (bez zadn\u00edho panelu)<br \/>\n334x28x296mm<\/p>\n<p>Uvnit\u0159<br \/>\n284x20x290 mm<\/p>\n<p><strong>Materi\u00e1l:<\/strong><br \/>\nPlovouc\u00ed sklo<\/p>\n<p><strong>barva:<\/strong><br \/>\nk\u0159i\u0161\u0165\u00e1lov\u011b \u010dist\u00fd<\/p>\n<p><strong>Podrobnosti o mraveni\u0161ti:<\/strong><br \/>\nRozm\u011bry (Dx\u0160xV):<br \/>\nZadn\u00ed st\u011bna (6 mm): 400x150 mm<\/p>\n<p>Ar\u00e9na (bez zadn\u00ed st\u011bny): 300x146x150mm<\/p>\n<p><strong>materi\u00e1l:<\/strong><br \/>\nPlovouc\u00ed sklo<\/p>\n<p><strong>Barva:<\/strong><br \/>\nk\u0159i\u0161\u0165\u00e1lov\u011b \u010dist\u00fd<\/p>\n<p><strong>Rozm\u011bry (Dx\u0160xV):<\/strong><br \/>\nZadn\u00ed st\u011bna (6 mm): 400x150 mm<\/p>\n<p>Arena (bez zadn\u00edho panelu): 300x146x150mm<\/p>\n<p><strong>materi\u00e1l:<\/strong><br \/>\nPlovouc\u00ed sklo<\/p>\n<p><strong>Barva:<\/strong><br \/>\nk\u0159i\u0161\u0165\u00e1lov\u011b \u010dist\u00fd<\/p>\n<p><strong>Pozn\u00e1mky k v\u00fdrob\u011b<\/strong><br \/>\nSklo je \u0159ez\u00e1no na m\u00edru podle normy DIN 1249 s toleranc\u00ed +\/- 1 mm. U extr\u00e9mn\u011b mal\u00fdch druh\u016f mravenc\u016f je nezbytn\u00e1 dodate\u010dn\u00e1 ochrana proti vylomen\u00ed.<br \/>\nVzhledem k tomu, \u017ee na\u0161e v\u00fdrobky jsou vyr\u00e1b\u011bny ru\u010dn\u011b, mohou se i p\u0159es maxim\u00e1ln\u00ed p\u00e9\u010di vyskytnout minim\u00e1ln\u00ed odchylky.<\/p>\n<p><strong>Pozn\u00e1mka k farm\u011b<\/strong><br \/>\n<strong>P\u0159i p\u0159ipojov\u00e1n\u00ed nebo odpojov\u00e1n\u00ed hadic dbejte na n\u00e1sleduj\u00edc\u00ed pokyny:<\/strong><br \/>\nPokud se hadi\u010dka velmi \u0161patn\u011b nasazuje na p\u0159ipojovac\u00ed hrdlo, je t\u0159eba hrdlo lehce pot\u0159\u00edt kapkou na\u0161eho oleje nebo pr\u00e1\u0161ku proti prask\u00e1n\u00ed. Pot\u00e9 by se m\u011bla hadice nasunout na obj\u00edmku krou\u017eiv\u00fdmi nebo \u0161roubovac\u00edmi pohyby, ani\u017e by se obj\u00edmka nam\u00e1hala pohyby nahoru a dol\u016f. Tot\u00e9\u017e plat\u00ed i p\u0159i vyj\u00edm\u00e1n\u00ed hadic z p\u0159ipojovac\u00ed obj\u00edmky farmy. Nevytahujte ji jednodu\u0161e!<\/p>","protected":false},"excerpt":{"rendered":"<p>Tato sada se skl\u00e1d\u00e1 z 21 d\u00edl\u016f<\/p>\n<p>Velikost: <span style=\"color: #0000ff;\"><strong>L<\/strong> <\/span><\/p>","protected":false},"featured_media":8995,"comment_status":"open","ping_status":"closed","template":"","meta":{"_acf_changed":false,"content-type":"","_monsterinsights_skip_tracking":false,"_monsterinsights_sitenote_active":false,"_monsterinsights_sitenote_note":"","_monsterinsights_sitenote_category":0},"product_brand":[],"product_cat":[257,73,86],"product_tag":[],"class_list":{"0":"post-8970","1":"product","2":"type-product","3":"status-publish","4":"has-post-thumbnail","6":"product_cat-new-innovatve-products","7":"product_cat-starter-sets","8":"product_cat-formicariums","10":"first","11":"instock","12":"taxable","13":"shipping-taxable","14":"purchasable","15":"product-type-simple"},"acf":[],"aioseo_notices":[],"jetpack_sharing_enabled":true,"_links":{"self":[{"href":"https:\/\/antcube.shop\/cs\/wp-json\/wp\/v2\/product\/8970","targetHints":{"allow":["GET"]}}],"collection":[{"href":"https:\/\/antcube.shop\/cs\/wp-json\/wp\/v2\/product"}],"about":[{"href":"https:\/\/antcube.shop\/cs\/wp-json\/wp\/v2\/types\/product"}],"replies":[{"embeddable":true,"href":"https:\/\/antcube.shop\/cs\/wp-json\/wp\/v2\/comments?post=8970"}],"wp:featuredmedia":[{"embeddable":true,"href":"https:\/\/antcube.shop\/cs\/wp-json\/wp\/v2\/media\/8995"}],"wp:attachment":[{"href":"https:\/\/antcube.shop\/cs\/wp-json\/wp\/v2\/media?parent=8970"}],"wp:term":[{"taxonomy":"product_brand","embeddable":true,"href":"https:\/\/antcube.shop\/cs\/wp-json\/wp\/v2\/product_brand?post=8970"},{"taxonomy":"product_cat","embeddable":true,"href":"https:\/\/antcube.shop\/cs\/wp-json\/wp\/v2\/product_cat?post=8970"},{"taxonomy":"product_tag","embeddable":true,"href":"https:\/\/antcube.shop\/cs\/wp-json\/wp\/v2\/product_tag?post=8970"}],"curies":[{"name":"wp","href":"https:\/\/api.w.org\/{rel}","templated":true}]}}