{"id":8969,"date":"2024-08-19T20:48:04","date_gmt":"2024-08-19T18:48:04","guid":{"rendered":"https:\/\/antcube.shop\/product\/wand-ameisenarena-30x15x30\/"},"modified":"2026-04-01T13:28:19","modified_gmt":"2026-04-01T11:28:19","slug":"nastenna-mraveniste-30x15x30-2","status":"publish","type":"product","link":"https:\/\/antcube.shop\/cs\/produkt\/nastenna-mraveniste-30x15x30-2\/","title":{"rendered":"N\u00e1st\u011bnn\u00e9 mraveni\u0161t\u011b - 30x15x30"},"content":{"rendered":"<p><strong>Rozm\u011bry (DxV):<\/strong><br \/>\nZadn\u00ed st\u011bna (6 mm): 400x300 mm<\/p>\n<p><strong>Arena ( bez zadn\u00edho panelu):<\/strong> 300x146x300 mm<\/p>\n<p><strong>Materi\u00e1l:<\/strong><br \/>\nPlovouc\u00ed sklo<\/p>\n<p><strong>Barva:<\/strong><br \/>\nk\u0159i\u0161\u0165\u00e1lov\u011b \u010dist\u00fd<\/p>\n<p><strong>Obsah:<\/strong><br \/>\n1x n\u00e1st\u011bnn\u00e1 mraveni\u0161t\u011b - 30x15x30<br \/>\n4x pry\u017eov\u00e1 vlo\u017eka do vrtan\u00fdch otvor\u016f jako ochrana<br \/>\n4x podlo\u017eka pro vrtan\u00e9 otvory<br \/>\n4x z\u00e1tky a \u0161rouby<\/p>\n<p><strong>P\u0159ipojen\u00ed:<\/strong><br \/>\n<strong>UPOZORN\u011aN\u00cd 4x hmo\u017edinky\/m\u0159\u00ed\u017ekov\u00e9 vlo\u017eky\/konektory (podle pot\u0159eby) pro bo\u010dn\u00ed 50mm otvory nejsou sou\u010d\u00e1st\u00ed dod\u00e1vky.<\/strong><br \/>\n2x 50 mm otvor ve spodn\u00ed \u010d\u00e1sti (st\u0159ed otvoru 4 cm od spodn\u00edho okraje)<br \/>\n2x 50 mm otvor v horn\u00ed \u010d\u00e1sti (st\u0159ed otvoru 4 cm od horn\u00edho okraje)<\/p>\n<p><strong>Popis:<\/strong><br \/>\nToto mraveni\u0161t\u011b bylo vyvinuto pro mont\u00e1\u017e na ze\u010f a lze jej snadno instalovat na d\u0159ev\u011bn\u00e9 i kamenn\u00e9 st\u011bny. Dal\u0161\u00ed mraveni\u0161t\u011b a ar\u00e9ny lze p\u0159ipojit pomoc\u00ed 50mm otvor\u016f na boku. Jako p\u0159\u00edpojku lze pou\u017e\u00edt bu\u010f hadici, nebo pr\u016fhlednou akrylovou trubku. K n\u00e1st\u011bnn\u00e9 mraven\u010d\u00ed ar\u00e9n\u011b nab\u00edz\u00edme tak\u00e9 n\u00e1st\u011bnn\u00e9 mraveni\u0161t\u011b.<br \/>\nOdpov\u00eddaj\u00edc\u00ed v\u00fdrobky Ant arena cover 30\u00d715 a Ant arena frame 30\u00d715 je t\u0159eba objednat zvl\u00e1\u0161\u0165.<\/p>\n<p><strong>Pokyny k instalaci:<\/strong><br \/>\n<strong>Vzhledem k tomu, \u017ee sklen\u011bn\u00fd panel je zadn\u00ed st\u011bnou, m\u011bla by b\u00fdt st\u011bna pod n\u00edm zcela rovn\u00e1.<\/strong><br \/>\nK upevn\u011bn\u00ed 4 hmo\u017edinek \"S6\" do st\u011bny pot\u0159ebujete vrt\u00e1k s 6mm vrt\u00e1kem (do d\u0159eva, kamene nebo kovu v z\u00e1vislosti na materi\u00e1lu).<br \/>\nPro zahlouben\u00ed hmo\u017edinek 6x30 mm s vruty 4,5x40 mm je t\u0159eba vyvrtat do st\u011bny otvory hlubok\u00e9 45 mm.<br \/>\n<strong>Nutn\u00e9 pro mont\u00e1\u017e:<\/strong><br \/>\n- vodov\u00e1ha<br \/>\n- Lepic\u00ed p\u00e1ska, abyste nemuseli zna\u010dit na st\u011bnu pod sebou.<br \/>\n- K\u0159\u00ed\u017eov\u00fd \u0161roubov\u00e1k<br \/>\n- Vrt\u00e1k\/\u0161roubov\u00e1k v z\u00e1vislosti na st\u011bn\u011b<br \/>\n- 6mm vrt\u00e1k (do d\u0159eva, kamene nebo kovu v z\u00e1vislosti na povrchu)<br \/>\n- Je tak\u00e9 u\u017eite\u010dn\u00e9 vytvo\u0159it si z listu pap\u00edru \u0161ablonu otvor\u016f pro vrt\u00e1n\u00ed. Jednodu\u0161e ji um\u00edst\u011bte pod zadn\u00ed st\u011bnu a vyzna\u010dte otvory.<\/p>\n<p><strong>Pozn\u00e1mky k v\u00fdrob\u011b<\/strong><br \/>\nSklo je brou\u0161eno podle normy DIN 1249 s toleranc\u00ed +\/;- 1 mm. U extr\u00e9mn\u011b mal\u00fdch druh\u016f mravenc\u016f je nezbytn\u00e1 dodate\u010dn\u00e1 ochrana proti \u00faniku mravenc\u016f.<br \/>\nVzhledem k tomu, \u017ee na\u0161e v\u00fdrobky jsou vyr\u00e1b\u011bny ru\u010dn\u011b, mohou se i p\u0159es maxim\u00e1ln\u00ed p\u00e9\u010di vyskytnout minim\u00e1ln\u00ed odchylky.<\/p>\n<p><strong>Pozn\u00e1mka k farm\u011b<\/strong><br \/>\nP\u0159i p\u0159ipojov\u00e1n\u00ed nebo odpojov\u00e1n\u00ed hadic dbejte na n\u00e1sleduj\u00edc\u00ed pokyny:<br \/>\nPokud se hadi\u010dka velmi \u0161patn\u011b nasazuje na p\u0159ipojovac\u00ed hrdlo, je t\u0159eba hrdlo lehce pot\u0159\u00edt kapkou na\u0161eho oleje nebo pr\u00e1\u0161ku proti prask\u00e1n\u00ed. Pot\u00e9 by se m\u011bla hadice nasunout na obj\u00edmku krou\u017eiv\u00fdmi nebo \u0161roubovac\u00edmi pohyby, ani\u017e by se obj\u00edmka nam\u00e1hala pohyby nahoru a dol\u016f. Tot\u00e9\u017e plat\u00ed i p\u0159i vyj\u00edm\u00e1n\u00ed hadic z p\u0159ipojovac\u00ed obj\u00edmky farmy. Nevytahujte ji jednodu\u0161e!<\/p>","protected":false},"excerpt":{"rendered":"<p>P\u0159ipojen\u00ed: Otvor 4x 50 mm<\/p>","protected":false},"featured_media":9001,"comment_status":"open","ping_status":"closed","template":"","meta":{"_acf_changed":false,"content-type":"","_monsterinsights_skip_tracking":false,"_monsterinsights_sitenote_active":false,"_monsterinsights_sitenote_note":"","_monsterinsights_sitenote_category":0},"product_brand":[],"product_cat":[257,85,86],"product_tag":[],"class_list":{"0":"post-8969","1":"product","2":"type-product","3":"status-publish","4":"has-post-thumbnail","6":"product_cat-new-innovatve-products","7":"product_cat-ant-arenas","8":"product_cat-formicariums","10":"first","11":"instock","12":"taxable","13":"shipping-taxable","14":"purchasable","15":"product-type-simple"},"acf":[],"aioseo_notices":[],"jetpack_sharing_enabled":true,"_links":{"self":[{"href":"https:\/\/antcube.shop\/cs\/wp-json\/wp\/v2\/product\/8969","targetHints":{"allow":["GET"]}}],"collection":[{"href":"https:\/\/antcube.shop\/cs\/wp-json\/wp\/v2\/product"}],"about":[{"href":"https:\/\/antcube.shop\/cs\/wp-json\/wp\/v2\/types\/product"}],"replies":[{"embeddable":true,"href":"https:\/\/antcube.shop\/cs\/wp-json\/wp\/v2\/comments?post=8969"}],"wp:featuredmedia":[{"embeddable":true,"href":"https:\/\/antcube.shop\/cs\/wp-json\/wp\/v2\/media\/9001"}],"wp:attachment":[{"href":"https:\/\/antcube.shop\/cs\/wp-json\/wp\/v2\/media?parent=8969"}],"wp:term":[{"taxonomy":"product_brand","embeddable":true,"href":"https:\/\/antcube.shop\/cs\/wp-json\/wp\/v2\/product_brand?post=8969"},{"taxonomy":"product_cat","embeddable":true,"href":"https:\/\/antcube.shop\/cs\/wp-json\/wp\/v2\/product_cat?post=8969"},{"taxonomy":"product_tag","embeddable":true,"href":"https:\/\/antcube.shop\/cs\/wp-json\/wp\/v2\/product_tag?post=8969"}],"curies":[{"name":"wp","href":"https:\/\/api.w.org\/{rel}","templated":true}]}}