{"id":8968,"date":"2024-08-19T20:47:21","date_gmt":"2024-08-19T18:47:21","guid":{"rendered":"https:\/\/antcube.shop\/product\/wand-ameisenfarm-l-30x30-glas\/"},"modified":"2026-01-12T12:39:31","modified_gmt":"2026-01-12T11:39:31","slug":"nastenne-mraveniste-l-30x30-sklo","status":"publish","type":"product","link":"https:\/\/antcube.shop\/cs\/produkt\/nastenne-mraveniste-l-30x30-sklo\/","title":{"rendered":"N\u00e1st\u011bnn\u00e9 mraveni\u0161t\u011b - L - 30\u00d730 - sklo"},"content":{"rendered":"<p><strong>Rozm\u011bry (DxV):<\/strong><br \/>\nZadn\u00ed st\u011bna (tlou\u0161\u0165ka 6 mm) : 400x293mm<\/p>\n<p>Vn\u011bj\u0161\u00ed strana (bez zadn\u00edho panelu)<br \/>\n334x28x296mm<\/p>\n<p>Uvnit\u0159<br \/>\n284x20x290 mm<\/p>\n<p><strong>Materi\u00e1l:<\/strong><br \/>\nPlovouc\u00ed sklo<\/p>\n<p><strong>Barva:<\/strong><br \/>\nk\u0159i\u0161\u0165\u00e1lov\u011b \u010dist\u00fd<\/p>\n<p><strong>Obsah:<\/strong><br \/>\nN\u00e1st\u011bnn\u00e9 mraveni\u0161t\u011b - L - 30\u00d730 - sklo<br \/>\n1x kryc\u00ed mraveni\u0161t\u011b<br \/>\n4x pry\u017eov\u00e1 vlo\u017eka do vrtan\u00fdch otvor\u016f jako ochrana<br \/>\n4x podlo\u017eka pro vrtan\u00e9 otvory<br \/>\n4x z\u00e1tky a \u0161rouby<\/p>\n<p><strong>P\u0159ipojen\u00ed:<\/strong><br \/>\n2x 14\/16\/18\/20 x 20 mm n\u00e1str\u010dn\u00e9 hlavice<\/p>\n<p>Hadice 14\/10 je pevn\u011b zasunuta do 14mm n\u00e1trubku.<br \/>\nHadice 20\/16 je pevn\u011b p\u0159ipojena k prvn\u00edmu 16mm stupni.<\/p>\n<p><strong>Popis:<\/strong><br \/>\nToto mraveni\u0161t\u011b bylo vyvinuto pro mont\u00e1\u017e na ze\u010f a lze jej snadno instalovat na d\u0159ev\u011bn\u00e9 i kamenn\u00e9 st\u011bny. Je pln\u011b pr\u016fhledn\u00e1 a umo\u017e\u0148uje dobr\u00fd v\u00fdhled do hn\u00edzda. Jako hn\u00edzdn\u00ed materi\u00e1l pro mravence lze pou\u017e\u00edt bu\u010f p\u00edsek a hl\u00ednu, nebo jednu z na\u0161ich odpov\u00eddaj\u00edc\u00edch hn\u00edzdn\u00edch vlo\u017eek z korku nebo Digfixu. K bo\u010dn\u00edm p\u0159ipojovac\u00edm z\u00e1suvk\u00e1m lze nav\u00edc p\u0159ipojit bu\u010f hadici, pr\u016fhlednou akrylovou trubku, nebo \"mraven\u010d\u00ed schody\". Nab\u00edz\u00edme tak\u00e9 n\u00e1st\u011bnn\u00e1 mraveni\u0161t\u011b o rozm\u011brech 30 \u00d7 15 nebo 30 \u00d7 30, kter\u00e1 odpov\u00eddaj\u00ed n\u00e1st\u011bnn\u00e9mu mraveni\u0161ti.<\/p>\n<p><strong>Pokyny k instalaci:<\/strong><br \/>\n<strong>Vzhledem k tomu, \u017ee sklen\u011bn\u00fd panel je zadn\u00ed st\u011bnou, m\u011bla by b\u00fdt st\u011bna pod n\u00edm zcela rovn\u00e1.<\/strong><br \/>\nK upevn\u011bn\u00ed 4 hmo\u017edinek \"S6\" do st\u011bny pot\u0159ebujete vrt\u00e1k s 6mm vrt\u00e1kem (do d\u0159eva, kamene nebo kovu v z\u00e1vislosti na materi\u00e1lu).<br \/>\nPro zahlouben\u00ed hmo\u017edinek 6x30 mm s vruty 4,5x40 mm je t\u0159eba vyvrtat do st\u011bny otvory hlubok\u00e9 45 mm.<br \/>\n<strong>Nutn\u00e9 pro mont\u00e1\u017e:<\/strong><br \/>\n- vodov\u00e1ha<br \/>\n- Lepic\u00ed p\u00e1ska, abyste nemuseli zna\u010dit na st\u011bnu pod sebou.<br \/>\n- K\u0159\u00ed\u017eov\u00fd \u0161roubov\u00e1k<br \/>\n- Vrt\u00e1k\/\u0161roubov\u00e1k v z\u00e1vislosti na st\u011bn\u011b<br \/>\n- 6mm vrt\u00e1k (do d\u0159eva, kamene nebo kovu v z\u00e1vislosti na povrchu)<br \/>\n- Je tak\u00e9 u\u017eite\u010dn\u00e9 vytvo\u0159it si z listu pap\u00edru \u0161ablonu otvor\u016f pro vrt\u00e1n\u00ed. Jednodu\u0161e ji um\u00edst\u011bte pod zadn\u00ed st\u011bnu a vyzna\u010dte otvory.<\/p>\n<p><strong>Pozn\u00e1mky k v\u00fdrob\u011b<\/strong><br \/>\nSklo je brou\u0161eno podle normy DIN 1249 s toleranc\u00ed +\/;- 1 mm. U extr\u00e9mn\u011b mal\u00fdch druh\u016f mravenc\u016f je nezbytn\u00e1 dodate\u010dn\u00e1 ochrana proti \u00faniku mravenc\u016f.<br \/>\nVzhledem k tomu, \u017ee na\u0161e v\u00fdrobky jsou vyr\u00e1b\u011bny ru\u010dn\u011b, mohou se i p\u0159es maxim\u00e1ln\u00ed p\u00e9\u010di vyskytnout minim\u00e1ln\u00ed odchylky.<\/p>\n<p><strong>Pozn\u00e1mka k farm\u011b<\/strong><br \/>\nP\u0159i p\u0159ipojov\u00e1n\u00ed nebo odpojov\u00e1n\u00ed hadic dbejte na n\u00e1sleduj\u00edc\u00ed pokyny:<br \/>\nPokud se hadi\u010dka velmi \u0161patn\u011b nasazuje na p\u0159ipojovac\u00ed hrdlo, je t\u0159eba hrdlo lehce pot\u0159\u00edt kapkou na\u0161eho oleje nebo pr\u00e1\u0161ku proti prask\u00e1n\u00ed. Pot\u00e9 by se m\u011bla hadice nasunout na obj\u00edmku krou\u017eiv\u00fdmi nebo \u0161roubovac\u00edmi pohyby, ani\u017e by se obj\u00edmka nam\u00e1hala pohyby nahoru a dol\u016f. Tot\u00e9\u017e plat\u00ed i p\u0159i vyj\u00edm\u00e1n\u00ed hadic z p\u0159ipojovac\u00ed obj\u00edmky farmy. Nevytahujte ji jednodu\u0161e!<\/p>","protected":false},"excerpt":{"rendered":"<p>P\u0159ipojen\u00ed: Rozte\u010d desek: 2x 14\/16 x 20 mm; Rozte\u010d desek: Uvnit\u0159 20 mm<\/p>\n<p>Velikost: <span style=\"color: #0000ff;\"><strong>L<\/strong> <\/span><\/p>","protected":false},"featured_media":8997,"comment_status":"open","ping_status":"closed","template":"","meta":{"_acf_changed":false,"content-type":"","_monsterinsights_skip_tracking":false,"_monsterinsights_sitenote_active":false,"_monsterinsights_sitenote_note":"","_monsterinsights_sitenote_category":0},"product_brand":[],"product_cat":[257,80,83,86],"product_tag":[],"class_list":{"0":"post-8968","1":"product","2":"type-product","3":"status-publish","4":"has-post-thumbnail","6":"product_cat-new-innovatve-products","7":"product_cat-antfarms","8":"product_cat-antfarms-l","9":"product_cat-formicariums","11":"first","12":"instock","13":"taxable","14":"shipping-taxable","15":"purchasable","16":"product-type-simple"},"acf":[],"aioseo_notices":[],"jetpack_sharing_enabled":true,"_links":{"self":[{"href":"https:\/\/antcube.shop\/cs\/wp-json\/wp\/v2\/product\/8968","targetHints":{"allow":["GET"]}}],"collection":[{"href":"https:\/\/antcube.shop\/cs\/wp-json\/wp\/v2\/product"}],"about":[{"href":"https:\/\/antcube.shop\/cs\/wp-json\/wp\/v2\/types\/product"}],"replies":[{"embeddable":true,"href":"https:\/\/antcube.shop\/cs\/wp-json\/wp\/v2\/comments?post=8968"}],"wp:featuredmedia":[{"embeddable":true,"href":"https:\/\/antcube.shop\/cs\/wp-json\/wp\/v2\/media\/8997"}],"wp:attachment":[{"href":"https:\/\/antcube.shop\/cs\/wp-json\/wp\/v2\/media?parent=8968"}],"wp:term":[{"taxonomy":"product_brand","embeddable":true,"href":"https:\/\/antcube.shop\/cs\/wp-json\/wp\/v2\/product_brand?post=8968"},{"taxonomy":"product_cat","embeddable":true,"href":"https:\/\/antcube.shop\/cs\/wp-json\/wp\/v2\/product_cat?post=8968"},{"taxonomy":"product_tag","embeddable":true,"href":"https:\/\/antcube.shop\/cs\/wp-json\/wp\/v2\/product_tag?post=8968"}],"curies":[{"name":"wp","href":"https:\/\/api.w.org\/{rel}","templated":true}]}}