{"id":8718,"date":"2024-07-22T15:43:52","date_gmt":"2024-07-22T13:43:52","guid":{"rendered":"https:\/\/antcube.shop\/product\/bonsai-tree-deko\/"},"modified":"2026-01-20T18:00:36","modified_gmt":"2026-01-20T17:00:36","slug":"bonsajovy-strom-deko","status":"publish","type":"product","link":"https:\/\/antcube.shop\/cs\/produkt\/bonsajovy-strom-deko\/","title":{"rendered":"Bonsai-stromy"},"content":{"rendered":"<p>Velikost \/ v\u00fd\u0161ka 20 cm a\u017e 28 cm<br \/>\nPr\u016fm\u011br ~ 10 cm -20 cm, ide\u00e1ln\u00ed pro ar\u00e9ny 30x30x30 cm a v\u011bt\u0161\u00ed.<br \/>\nHmotnost se pohybuje mezi 250 a 400 gramy.<\/p>\n<p>N\u00e1\u0161 bonsajov\u00fd strom je ide\u00e1ln\u00ed dekorac\u00ed pro va\u0161e formik\u00e1rium. Lze jej pou\u017e\u00edt jak voln\u011b stoj\u00edc\u00ed v fromik\u00e1riu, tak v p\u0159\u00edrodn\u011b os\u00e1zen\u00fdch viv\u00e1ri\u00edch. Proto\u017ee se pod bonsaj\u00ed nebo v n\u00ed mohou schov\u00e1vat mravenci, doporu\u010dujeme ji pou\u017e\u00edvat a\u017e pot\u00e9, co se kolonie mravenc\u016f ji\u017e p\u0159est\u011bhuje do sv\u00e9ho hn\u00edzda. V opa\u010dn\u00e9m p\u0159\u00edpad\u011b ji mohou up\u0159ednostnit jako m\u00edsto pro hn\u00edzd\u011bn\u00ed a vy ztrat\u00edte hn\u00edzdo z dohledu.<\/p>\n<p><strong>POZOR:<\/strong> Neumis\u0165ujte je do velmi vlhk\u00fdch prostor (vlhkost nad 60%). Bonsaj by mohla za\u010d\u00edt plesniv\u011bt. P\u0159i velmi dobr\u00e9m v\u011btr\u00e1n\u00ed lze bonsaje um\u00edstit i do vlh\u010d\u00edho formik\u00e1ria.<\/p>\n<p><span data-text-color=\"alert\"><strong>D\u016eLE\u017dIT\u00c1 POZN\u00c1MKA K \u010cL\u00c1NKU:<\/strong><\/span><br \/>\nVzhledem k tomu, \u017ee se jedn\u00e1 o p\u0159\u00edrodn\u00ed produkt \/ unik\u00e1t, nejsou zde uveden\u00e9 obr\u00e1zky zcela toto\u017en\u00e9 s produktem, kter\u00fd obdr\u017e\u00edte. Budou se vyskytovat odchylky ve velikosti, tvaru a barv\u011b mini stromku i podkladov\u00e9 desky z lomov\u00e9 b\u0159idlice. Garantujeme pouze maxim\u00e1ln\u00ed v\u00fd\u0161ku p\u0159edm\u011btu.<\/p>\n<p>Objedn\u00e1n\u00edm tohoto zbo\u017e\u00ed souhlas\u00edte s v\u00fd\u0161e uveden\u00fdmi mo\u017en\u00fdmi variantami velikosti, tvaru a barvy v\u00fdrobku v dob\u011b n\u00e1kupu.<\/p>","protected":false},"excerpt":{"rendered":"<p>Rozm\u011bry: V\u00fd\u0161ka 20-28 cm<\/p>","protected":false},"featured_media":8721,"comment_status":"open","ping_status":"closed","template":"","meta":{"_acf_changed":false,"content-type":"","_monsterinsights_skip_tracking":false,"_monsterinsights_sitenote_active":false,"_monsterinsights_sitenote_note":"","_monsterinsights_sitenote_category":0},"product_brand":[],"product_cat":[95,98],"product_tag":[],"class_list":{"0":"post-8718","1":"product","2":"type-product","3":"status-publish","4":"has-post-thumbnail","6":"product_cat-accessories-for-ants","7":"product_cat-decoration","9":"first","10":"outofstock","11":"taxable","12":"shipping-taxable","13":"purchasable","14":"product-type-simple"},"acf":[],"aioseo_notices":[],"jetpack_sharing_enabled":true,"_links":{"self":[{"href":"https:\/\/antcube.shop\/cs\/wp-json\/wp\/v2\/product\/8718","targetHints":{"allow":["GET"]}}],"collection":[{"href":"https:\/\/antcube.shop\/cs\/wp-json\/wp\/v2\/product"}],"about":[{"href":"https:\/\/antcube.shop\/cs\/wp-json\/wp\/v2\/types\/product"}],"replies":[{"embeddable":true,"href":"https:\/\/antcube.shop\/cs\/wp-json\/wp\/v2\/comments?post=8718"}],"wp:featuredmedia":[{"embeddable":true,"href":"https:\/\/antcube.shop\/cs\/wp-json\/wp\/v2\/media\/8721"}],"wp:attachment":[{"href":"https:\/\/antcube.shop\/cs\/wp-json\/wp\/v2\/media?parent=8718"}],"wp:term":[{"taxonomy":"product_brand","embeddable":true,"href":"https:\/\/antcube.shop\/cs\/wp-json\/wp\/v2\/product_brand?post=8718"},{"taxonomy":"product_cat","embeddable":true,"href":"https:\/\/antcube.shop\/cs\/wp-json\/wp\/v2\/product_cat?post=8718"},{"taxonomy":"product_tag","embeddable":true,"href":"https:\/\/antcube.shop\/cs\/wp-json\/wp\/v2\/product_tag?post=8718"}],"curies":[{"name":"wp","href":"https:\/\/api.w.org\/{rel}","templated":true}]}}