{"id":8717,"date":"2024-07-22T15:37:55","date_gmt":"2024-07-22T13:37:55","guid":{"rendered":"https:\/\/antcube.shop\/product\/bundle-offer-harpegnathos-venator\/"},"modified":"2026-03-04T16:55:50","modified_gmt":"2026-03-04T15:55:50","slug":"nabidka-svazku-harpegnathos-venator","status":"publish","type":"product","link":"https:\/\/antcube.shop\/cs\/produkt\/nabidka-svazku-harpegnathos-venator\/","title":{"rendered":"Nab\u00eddka bal\u00ed\u010dk\u016f - Harpegnathos venator"},"content":{"rendered":"<p><span data-text-color=\"secondary\"><strong>Nab\u00eddka bal\u00ed\u010dk\u016f v\u010detn\u011b kolonie mravenc\u016f Harpegnathos venator (kr\u00e1lovna s 11-25 d\u011blnicemi + ml\u00e1\u010fata)<\/strong><\/span><\/p>\n<p><span data-text-color=\"alert\"><strong>Pouze do vyprod\u00e1n\u00ed z\u00e1sob. <\/strong><\/span><\/p>\n<p><span data-text-color=\"alert\"><strong>Doprava je mo\u017en\u00e1 pouze p\u0159es GO! v r\u00e1mci N\u011bmecka.<\/strong><\/span><\/p>\n<p>1x kr\u00e1lovna Harpegnathos venator + 11-25 d\u011blnic + sn\u016f\u0161ka<\/p>\n<p>1x hn\u00edzdo Ytong - 40\u00d720 s ar\u00e9nou<br \/>\n1x sklen\u011bn\u00e1 vana 40\u00d720<br \/>\n1x podlo\u017eka do formik\u00e1ria - 40x20cm<br \/>\n1x \u010derven\u00e1 kryc\u00ed deska 20\u00d720 - horizont\u00e1ln\u00ed<\/p>\n<p>1x Clay color - b\u00e9\u017eov\u00e1 - 100ml<br \/>\n1x substr\u00e1t - de\u0161tn\u00fd prales - 1kg<br \/>\n1x granul\u00e1t Formicarium 200 ml - \u010dern\u00fd<br \/>\n1x zadn\u00ed panel na fotografie - de\u0161tn\u00fd prales - 20\u00d710<\/p>\n<p>2x Grid insert acrylic &#8211; 50 mm with sealing ring<br \/>\n1x Grid insert acrylic &#8211; 27 mm with sealing ring<\/p>\n<p>1x Cricket Jam 25g<br \/>\n1x Honeydew Mix (HT) - n\u00e1pl\u0148 10ml<\/p>\n<p>1x drinking clear 5ml &#8211; sponge<br \/>\n1x Feeding dish white rectangle &#8211; 3 compartments<br \/>\n1x Drinking trough 2ml &#8211; 360 Degrees<\/p>\n<p>1x Foil thermometer Display<\/p>\n<p>1x Olej na ochranu proti mravenc\u016fm 10ml<br \/>\n1x pinzeta z pru\u017einov\u00e9 oceli - \u0161irok\u00e1 - m\u011bkk\u00e1<br \/>\n1x pinzeta plastov\u00e1 pr\u016fhledn\u00e1<br \/>\n1x plastov\u00e1 pipeta 3ml<br \/>\n1x ru\u010dn\u00ed lupa - 2x - 30mm<br \/>\n1x p\u011bnov\u00fd st\u011bra\u010d 150x18x2,5mm<\/p>\n<p><strong>Druh mravence Harpegnathos venator:<\/strong><br \/>\nHarpegnathos venator je velmi kr\u00e1sn\u00fd a velk\u00fd druh mravence z jihov\u00fdchodn\u00ed Asie. Jsou aktivn\u00ed p\u0159edev\u0161\u00edm v noci, ale vzhledem k obvykle ni\u017e\u0161\u00ed intenzit\u011b sv\u011btla v dom\u00e1cnosti jsou aktivn\u00ed i ve dne. Tento druh mravence dok\u00e1\u017ee vysko\u010dit p\u0159ibli\u017en\u011b 8-10 cm, chod\u00ed pozp\u00e1tku a m\u00e1 velmi dobr\u00fd zrak. P\u0159i pohledu z profilu maj\u00ed mandibuly tvar \u0161avlozub\u00fdch zub\u016f. P\u0159i lovu vykazuj\u00ed zaj\u00edmav\u00e9 chov\u00e1n\u00ed, kdy\u017e p\u0159ed \u00fatokem m\u00e1vaj\u00ed gasterem.<\/p>\n<p>M\u016f\u017eete je krmit roztokem cukru a medu, medem a b\u00edlkovinn\u00fdm krmivem nebo nejl\u00e9pe drobn\u00fdm \u017eiv\u00fdm hmyzem, jako jsou cvr\u010dci a ovocn\u00e9 mu\u0161ky. Harpegnathos venator m\u00e1 velmi v\u00fdrazn\u00e9 loveck\u00e9 chov\u00e1n\u00ed, a proto mnohem l\u00e9pe p\u0159ij\u00edm\u00e1 \u017eivou potravu.<\/p>\n<p>Vlhkost a teplotu v ar\u00e9n\u011b je t\u0159eba maxim\u00e1ln\u011b m\u00edrn\u011b zv\u00fd\u0161it, ale hn\u00edzdo by m\u011blo b\u00fdt v\u017edy vlhk\u00e9. Zv\u00ed\u0159ata d\u00e1vaj\u00ed p\u0159ednost r\u016fzn\u011b vlhk\u00fdm m\u00edst\u016fm v hn\u00edzd\u011b.<\/p>\n<p>Prefabrikovan\u00e9 komory a chodby mohou b\u00fdt vyu\u017e\u00edv\u00e1ny p\u0159\u00edmo koloni\u00ed. Hn\u00edzdo Ytong lze snadno zvlh\u010dovat pomoc\u00ed p\u0159ilo\u017een\u00e9ho z\u00e1sobn\u00edku. Sta\u010d\u00ed nal\u00edt do vani\u010dky trochu vody a po\u010dkat, a\u017e k\u00e1men Ytong vodu s\u00e1m absorbuje.<\/p>\n<p><strong>Informace o hn\u00edzd\u011b Ytong s ar\u00e9nou:<\/strong><br \/>\nObsahuje:<br \/>\nMateri\u00e1l: p\u00f3robeton, sklo, plast PMMA a PVC<\/p>\n<p><strong>P\u0159ipojen\u00ed:<\/strong> 1x 14mm otvor; 1x 27mm otvor<\/p>\n<p><strong>Obsah:<\/strong><br \/>\n1x p\u00f3robetonov\u00fd blok 40x20x5 cm s komorami hlubok\u00fdmi 20 mm.<br \/>\n1x sklen\u011bn\u00e1 deska 40\u00d720 cm s otvorem 50 mm a ar\u00e9na 20\u00d720 cm<br \/>\n1x r\u00e1m mraveni\u0161t\u011b 20\u00d720<br \/>\n1x kryt mraveni\u0161t\u011b 20\u00d720<br \/>\n1x 50mm krou\u017eek s 27mm otvorem<br \/>\n1x mraven\u010d\u00ed z\u00e1tka 13 mm<br \/>\n2x mraven\u010d\u00ed z\u00e1tky 27 mm<br \/>\n2x 50mm mraven\u010d\u00ed z\u00e1tky<\/p>\n<p>D\u00edky sv\u00fdm vlastnostem zadr\u017eovat vodu je materi\u00e1l vhodn\u00fd pro chov mravenc\u016f. Lze jej pou\u017e\u00edt k chovu velk\u00e9ho mno\u017estv\u00ed druh\u016f hn\u00edzd\u00edc\u00edch v zemi, a to jak na such\u00fdch, tak na vlhk\u00fdch stanovi\u0161t\u00edch. V z\u00e1vislosti na druhu mravence je vhodn\u00e9 dno kom\u016frek pokr\u00fdt hlin\u011bnou barvou a zemn\u00edm substr\u00e1tem. N\u011bkter\u00e9 druhy se takto c\u00edt\u00ed l\u00e9pe a nap\u0159\u00edklad druhy rodu Ponerinae pot\u0159ebuj\u00ed p\u016fdu, aby se jejich larvy mohly \u0159\u00e1dn\u011b zakuklit. Proto\u017ee toto hn\u00edzdo ji\u017e obsahuje ar\u00e9nu, lze jej pou\u017e\u00edt jako kompletn\u00ed formikariov\u00fd syst\u00e9m.<\/p>\n<p><strong>Pozn\u00e1mka:<\/strong><br \/>\nAby voda po navlh\u010den\u00ed prostoru hn\u00edzda Ytong nevyt\u00e9kala ven a nehromadila se na povrchu n\u00e1bytku pod n\u00edm nebo aby hrub\u00fd materi\u00e1l nepo\u0161kr\u00e1bal povrchy, doporu\u010dujeme pro na\u0161e hn\u00edzda Ytong pou\u017e\u00edt n\u011bkterou z na\u0161ich odpov\u00eddaj\u00edc\u00edch sklen\u011bn\u00fdch vani\u010dek. Ty jsou vodot\u011bsn\u00e9 a \u00fa\u010dinn\u011b chr\u00e1n\u00ed povrchy pod nimi p\u0159ed vodou a po\u0161kr\u00e1b\u00e1n\u00edm.<\/p>\n<p><strong>Pou\u017eit\u00ed:<\/strong><br \/>\nPro druhy mravenc\u016f velikosti M - L<br \/>\nP\u00f3robeton je velmi k\u0159ehk\u00fd a k\u0159ehk\u00fd materi\u00e1l. Proto nen\u00ed mo\u017en\u00e9 zabr\u00e1nit tomu, aby se p\u0159i v\u00fdrob\u011b rohy a hrany odlomily a staly se m\u00edrn\u011b nerovn\u00fdmi. Z tohoto d\u016fvodu nejsou hn\u00edzda Ytong vhodn\u00e1 pro velmi mal\u00e9 druhy mravenc\u016f velikosti S, proto\u017ee tyto druhy by se mohly snadno vylomit.<\/p>\n<p><span data-text-color=\"alert\"><strong>D\u016fle\u017eit\u00e9:<\/strong><\/span> P\u0159ed pou\u017eit\u00edm substr\u00e1t navlh\u010dete, aby se sm\u011bs mohla spojit a v mraveni\u0161ti pevn\u011b dr\u017eet. Pokud je substr\u00e1t p\u0159\u00edli\u0161 such\u00fd a pra\u0161n\u00fd, m\u016f\u017ee mravenc\u016fm zablokovat d\u00fdchac\u00ed cesty a v nejhor\u0161\u00edm p\u0159\u00edpad\u011b zp\u016fsobit jejich udu\u0161en\u00ed.<\/p>\n<p><strong>Doporu\u010den\u00ed:<\/strong> Doporu\u010dujeme vrstvu substr\u00e1tu o v\u00fd\u0161ce 2 mm, aby se zv\u00ed\u0159ata nemohla do ar\u00e9ny zahrabat a m\u00edsto toho vyu\u017e\u00edvala k tomuto \u00fa\u010delu poskytnut\u00fd statek. Doporu\u010dujeme tak\u00e9, aby byl hn\u00edzdn\u00ed materi\u00e1l ve farm\u011b (p\u00edsek\/hl\u00edna, Digfix atd.) na jednom m\u00edst\u011b lehce nap\u00edch\u00e1n, aby se zv\u00ed\u0159at\u016fm l\u00e9pe hrabalo.<\/p>\n<p><strong>Pozn\u00e1mky k v\u00fdrob\u011b<\/strong><br \/>\nSklo je \u0159ez\u00e1no na m\u00edru podle normy DIN 1249 s toleranc\u00ed +\/- 1 mm. U extr\u00e9mn\u011b mal\u00fdch druh\u016f mravenc\u016f je nezbytn\u00e1 dodate\u010dn\u00e1 ochrana proti vylomen\u00ed.<\/p>\n<p><strong>Pozn\u00e1mka Hlin\u011bn\u00e1 barva:<\/strong><\/p>\n<p><strong>Popis:<\/strong> Tato sm\u011bs je netoxick\u00e1 a relativn\u011b odoln\u00e1 v\u016f\u010di vod\u011b na om\u00edtce a betonu, ale jinak je rozpustn\u00e1 ve vod\u011b.<\/p>\n<p><strong>N\u00e1vod k pou\u017eit\u00ed:<\/strong><br \/>\nTato sm\u011bs je p\u0159ipravena k pou\u017eit\u00ed a lze ji ihned nan\u00e1\u0161et \u0161t\u011btcem na om\u00edtku nebo p\u00f3robeton.<br \/>\n100 ml sta\u010d\u00ed na cca 1\/4 m\u00b2 p\u00f3robetonu nebo 1\/2 m\u00b2 om\u00edtky.<br \/>\nZa mokra lze povrch posypat nap\u0159\u00edklad p\u00edskem, a dos\u00e1hnout tak je\u0161t\u011b p\u0159irozen\u011bj\u0161\u00edho vzhledu.<\/p>","protected":false},"excerpt":{"rendered":"<p>P\u0159ipojen\u00ed: 1x14mm 1x27mm<br \/>\nVelikost: <strong><span style=\"color: #339966;\">M<\/span><\/strong><strong> &#8211; <span style=\"color: #0000ff;\">L<\/span><\/strong><\/p>","protected":false},"featured_media":8720,"comment_status":"open","ping_status":"closed","template":"","meta":{"_acf_changed":false,"content-type":"","_monsterinsights_skip_tracking":false,"_monsterinsights_sitenote_active":false,"_monsterinsights_sitenote_note":"","_monsterinsights_sitenote_category":0},"product_brand":[],"product_cat":[355,73],"product_tag":[],"class_list":{"0":"post-8717","1":"product","2":"type-product","3":"status-publish","4":"has-post-thumbnail","6":"product_cat-bundle-offers","7":"product_cat-starter-sets","8":"product_shipping_class-germany-only","10":"first","11":"outofstock","12":"taxable","13":"shipping-taxable","14":"purchasable","15":"product-type-simple"},"acf":[],"aioseo_notices":[],"jetpack_sharing_enabled":true,"_links":{"self":[{"href":"https:\/\/antcube.shop\/cs\/wp-json\/wp\/v2\/product\/8717","targetHints":{"allow":["GET"]}}],"collection":[{"href":"https:\/\/antcube.shop\/cs\/wp-json\/wp\/v2\/product"}],"about":[{"href":"https:\/\/antcube.shop\/cs\/wp-json\/wp\/v2\/types\/product"}],"replies":[{"embeddable":true,"href":"https:\/\/antcube.shop\/cs\/wp-json\/wp\/v2\/comments?post=8717"}],"wp:featuredmedia":[{"embeddable":true,"href":"https:\/\/antcube.shop\/cs\/wp-json\/wp\/v2\/media\/8720"}],"wp:attachment":[{"href":"https:\/\/antcube.shop\/cs\/wp-json\/wp\/v2\/media?parent=8717"}],"wp:term":[{"taxonomy":"product_brand","embeddable":true,"href":"https:\/\/antcube.shop\/cs\/wp-json\/wp\/v2\/product_brand?post=8717"},{"taxonomy":"product_cat","embeddable":true,"href":"https:\/\/antcube.shop\/cs\/wp-json\/wp\/v2\/product_cat?post=8717"},{"taxonomy":"product_tag","embeddable":true,"href":"https:\/\/antcube.shop\/cs\/wp-json\/wp\/v2\/product_tag?post=8717"}],"curies":[{"name":"wp","href":"https:\/\/api.w.org\/{rel}","templated":true}]}}