{"id":8518,"date":"2024-06-10T10:41:37","date_gmt":"2024-06-10T08:41:37","guid":{"rendered":"https:\/\/antcube.shop\/product\/poster\/"},"modified":"2025-09-30T10:22:23","modified_gmt":"2025-09-30T08:22:23","slug":"anatomie-plakatu","status":"publish","type":"product","link":"https:\/\/antcube.shop\/cs\/produkt\/anatomie-plakatu\/","title":{"rendered":"Anatomie plak\u00e1tu"},"content":{"rendered":"<p>Plak\u00e1ty muzejn\u00ed kvality na siln\u00e9m matn\u00e9m pap\u00ed\u0159e. P\u0159idejte do sv\u00e9ho pokoje a kancel\u00e1\u0159e n\u00e1dhern\u00fd akcent s t\u011bmito plak\u00e1ty, kter\u00e9 jist\u011b rozz\u00e1\u0159\u00ed ka\u017ed\u00e9 prost\u0159ed\u00ed.<\/p>\n<p>- Tlou\u0161\u0165ka pap\u00edru: 10,3 mil<br \/>\n- Hmotnost pap\u00edru: 189 g\/m\u00b2<br \/>\n- Nepr\u016fhlednost: 94%<br \/>\n- Jas ISO: 104%<br \/>\n- Pap\u00edr poch\u00e1z\u00ed z Japonska<\/p>\n<p>Tento produkt je vyroben speci\u00e1ln\u011b pro v\u00e1s ihned po objedn\u00e1n\u00ed, proto n\u00e1m trv\u00e1 trochu d\u00e9le, ne\u017e v\u00e1m ho doru\u010d\u00edme. V\u00fdroba v\u00fdrobk\u016f na objedn\u00e1vku m\u00edsto ve velk\u00e9m pom\u00e1h\u00e1 sni\u017eovat nadprodukci, proto v\u00e1m d\u011bkujeme za promy\u0161len\u00e9 n\u00e1kupn\u00ed rozhodnut\u00ed!<\/p>","protected":false},"excerpt":{"rendered":"<p>Plak\u00e1ty muzejn\u00ed kvality na siln\u00e9m matn\u00e9m pap\u00ed\u0159e. P\u0159idejte do sv\u00e9ho pokoje a kancel\u00e1\u0159e n\u00e1dhern\u00fd akcent s t\u011bmito plak\u00e1ty, kter\u00e9 jist\u011b rozz\u00e1\u0159\u00ed ka\u017ed\u00e9 prost\u0159ed\u00ed. - Tlou\u0161\u0165ka pap\u00edru: 10,3 mil - Hmotnost pap\u00edru: 189 g\/m\u00b2 - Kryc\u00ed schopnost: 94% - Jas ISO: 104% - Pap\u00edr poch\u00e1z\u00ed z Japonska Tento produkt je vyroben speci\u00e1ln\u011b pro","protected":false},"featured_media":8523,"comment_status":"open","ping_status":"closed","template":"","meta":{"_acf_changed":false,"content-type":"","_monsterinsights_skip_tracking":false,"_monsterinsights_sitenote_active":false,"_monsterinsights_sitenote_note":"","_monsterinsights_sitenote_category":0},"product_brand":[],"product_cat":[245],"product_tag":[],"class_list":{"0":"post-8518","1":"product","2":"type-product","3":"status-publish","4":"has-post-thumbnail","6":"product_cat-merchandise","8":"first","9":"instock","10":"taxable","11":"shipping-taxable","12":"purchasable","13":"product-type-variable"},"acf":[],"aioseo_notices":[],"jetpack_sharing_enabled":true,"_links":{"self":[{"href":"https:\/\/antcube.shop\/cs\/wp-json\/wp\/v2\/product\/8518","targetHints":{"allow":["GET"]}}],"collection":[{"href":"https:\/\/antcube.shop\/cs\/wp-json\/wp\/v2\/product"}],"about":[{"href":"https:\/\/antcube.shop\/cs\/wp-json\/wp\/v2\/types\/product"}],"replies":[{"embeddable":true,"href":"https:\/\/antcube.shop\/cs\/wp-json\/wp\/v2\/comments?post=8518"}],"wp:featuredmedia":[{"embeddable":true,"href":"https:\/\/antcube.shop\/cs\/wp-json\/wp\/v2\/media\/8523"}],"wp:attachment":[{"href":"https:\/\/antcube.shop\/cs\/wp-json\/wp\/v2\/media?parent=8518"}],"wp:term":[{"taxonomy":"product_brand","embeddable":true,"href":"https:\/\/antcube.shop\/cs\/wp-json\/wp\/v2\/product_brand?post=8518"},{"taxonomy":"product_cat","embeddable":true,"href":"https:\/\/antcube.shop\/cs\/wp-json\/wp\/v2\/product_cat?post=8518"},{"taxonomy":"product_tag","embeddable":true,"href":"https:\/\/antcube.shop\/cs\/wp-json\/wp\/v2\/product_tag?post=8518"}],"curies":[{"name":"wp","href":"https:\/\/api.w.org\/{rel}","templated":true}]}}