{"id":8505,"date":"2024-06-10T10:40:55","date_gmt":"2024-06-10T08:40:55","guid":{"rendered":"https:\/\/antcube.shop\/product\/sports-water-bottle\/"},"modified":"2025-12-03T21:47:07","modified_gmt":"2025-12-03T20:47:07","slug":"sportovni-lahev-na-vodu","status":"publish","type":"product","link":"https:\/\/antcube.shop\/cs\/produkt\/sportovni-lahev-na-vodu\/","title":{"rendered":"Sportovn\u00ed l\u00e1hev na vodu"},"content":{"rendered":"<p>Po\u0159i\u010fte si personalizovanou a sportovn\u00ed l\u00e1hev na vodu vyrobenou z recyklovan\u00e9ho plastu 50% a z\u016fsta\u0148te stylov\u011b hydratovan\u00ed. Je odoln\u00e1 proti skvrn\u00e1m, rozt\u0159\u00ed\u0161t\u011bn\u00ed a z\u00e1pachu, udr\u017euje n\u00e1poje \u010derstv\u00e9 a v\u00ed\u010dko odoln\u00e9 proti rozlit\u00ed a kousac\u00ed ventil zabra\u0148uj\u00ed \u00faniku. Extra velk\u00e1 velikost t\u00e9to l\u00e1hve je vhodn\u00e1 i pro jak\u00e9koli dlouh\u00e9 sezen\u00ed v posilovn\u011b, v pr\u00e1ci nebo p\u0159i studiu! - 25<\/p>\n<p>- 25 oz (739 ml) <br \/>\n- Rozm\u011bry: 10\u2033 \u00d7 3\u2033 (25,4 \u00d7 7,62 cm)<br \/>\n- Recyklovan\u00fd materi\u00e1l Eastman Tritan\u2122 Renew 50% bez BPA <br \/>\n- Odolnost proti skvrn\u00e1m, rozbit\u00ed a z\u00e1pachu<br \/>\n- \u0160roubovac\u00ed v\u00edko odoln\u00e9 proti rozlit\u00ed s kousac\u00edm ventilem<br \/>\n- Rukoje\u0165 pro p\u0159en\u00e1\u0161en\u00ed jedn\u00edm prstem<\/p>","protected":false},"excerpt":{"rendered":"<p>Po\u0159i\u010fte si personalizovanou a sportovn\u00ed l\u00e1hev na vodu vyrobenou z recyklovan\u00e9ho plastu 50% a z\u016fsta\u0148te stylov\u011b hydratovan\u00ed. Je odoln\u00e1 proti skvrn\u00e1m, rozt\u0159\u00ed\u0161t\u011bn\u00ed a z\u00e1pachu, udr\u017euje n\u00e1poje \u010derstv\u00e9 a v\u00ed\u010dko odoln\u00e9 proti rozlit\u00ed a kousac\u00ed ventil zabra\u0148uj\u00ed \u00faniku. Extra velk\u00e1 velikost t\u00e9to l\u00e1hve je vhodn\u00e1 i pro jak\u00e9koli dlouh\u00e9 sezen\u00ed v posilovn\u011b, v pr\u00e1ci nebo p\u0159i studiu! - 25","protected":false},"featured_media":0,"comment_status":"open","ping_status":"closed","template":"","meta":{"_acf_changed":false,"content-type":"","_monsterinsights_skip_tracking":false,"_monsterinsights_sitenote_active":false,"_monsterinsights_sitenote_note":"","_monsterinsights_sitenote_category":0},"product_brand":[],"product_cat":[245],"product_tag":[],"class_list":{"0":"post-8505","1":"product","2":"type-product","3":"status-publish","5":"product_cat-merchandise","7":"first","8":"outofstock","9":"taxable","10":"shipping-taxable","11":"product-type-variable"},"acf":[],"aioseo_notices":[],"jetpack_sharing_enabled":true,"_links":{"self":[{"href":"https:\/\/antcube.shop\/cs\/wp-json\/wp\/v2\/product\/8505","targetHints":{"allow":["GET"]}}],"collection":[{"href":"https:\/\/antcube.shop\/cs\/wp-json\/wp\/v2\/product"}],"about":[{"href":"https:\/\/antcube.shop\/cs\/wp-json\/wp\/v2\/types\/product"}],"replies":[{"embeddable":true,"href":"https:\/\/antcube.shop\/cs\/wp-json\/wp\/v2\/comments?post=8505"}],"wp:attachment":[{"href":"https:\/\/antcube.shop\/cs\/wp-json\/wp\/v2\/media?parent=8505"}],"wp:term":[{"taxonomy":"product_brand","embeddable":true,"href":"https:\/\/antcube.shop\/cs\/wp-json\/wp\/v2\/product_brand?post=8505"},{"taxonomy":"product_cat","embeddable":true,"href":"https:\/\/antcube.shop\/cs\/wp-json\/wp\/v2\/product_cat?post=8505"},{"taxonomy":"product_tag","embeddable":true,"href":"https:\/\/antcube.shop\/cs\/wp-json\/wp\/v2\/product_tag?post=8505"}],"curies":[{"name":"wp","href":"https:\/\/api.w.org\/{rel}","templated":true}]}}