{"id":8320,"date":"2024-06-10T10:36:48","date_gmt":"2024-06-10T08:36:48","guid":{"rendered":"https:\/\/antcube.shop\/product\/unisex-t-shirt-2\/"},"modified":"2024-12-12T11:08:12","modified_gmt":"2024-12-12T10:08:12","slug":"unisex-tricko-2","status":"publish","type":"product","link":"https:\/\/antcube.shop\/cs\/produkt\/unisex-tricko-2\/","title":{"rendered":"Unisex tri\u010dko"},"content":{"rendered":"<p>Tohle tri\u010dko je v\u0161echno, o \u010dem jste snili, a je\u0161t\u011b v\u00edc. Je m\u011bkk\u00e9 a lehk\u00e9, se spr\u00e1vnou m\u00edrou elasticity. Je pohodln\u00e9 a lichotiv\u00e9 pro v\u0161echny. <\/p>\n<p>- 100% \u010desan\u00e1 a krou\u017ekovan\u00e1 bavlna (barvy Heather obsahuj\u00ed polyester)<br \/>\n- Hmotnost tkaniny: 4,2 oz.\/yd.\u00b2 (142 g\/m\u00b2)<br \/>\n- P\u0159edsr\u00e1\u017een\u00e1 tkanina<br \/>\n- Konstrukce s bo\u010dn\u00edmi \u0161vy<br \/>\n- Podlepen\u00ed ramene<br \/>\n- Pr\u00e1zdn\u00fd v\u00fdrobek poch\u00e1zej\u00edc\u00ed z Nikaraguy, Mexika, Hondurasu nebo USA<\/p>\n<p>Tento produkt je vyroben speci\u00e1ln\u011b pro v\u00e1s ihned po objedn\u00e1n\u00ed, proto n\u00e1m trv\u00e1 trochu d\u00e9le, ne\u017e v\u00e1m ho doru\u010d\u00edme. V\u00fdroba v\u00fdrobk\u016f na objedn\u00e1vku m\u00edsto ve velk\u00e9m pom\u00e1h\u00e1 sni\u017eovat nadprodukci, proto v\u00e1m d\u011bkujeme za promy\u0161len\u00e9 n\u00e1kupn\u00ed rozhodnut\u00ed!<\/p>","protected":false},"excerpt":{"rendered":"<p>Tohle tri\u010dko je v\u0161echno, o \u010dem jste snili, a je\u0161t\u011b v\u00edc. Je m\u011bkk\u00e9 a lehk\u00e9, se spr\u00e1vnou m\u00edrou elasticity. Je pohodln\u00e9 a lichotiv\u00e9 pro v\u0161echny. - 100% \u010desan\u00e1 a krou\u017ekovan\u00e1 bavlna (barvy Heather obsahuj\u00ed polyester) - Hmotnost l\u00e1tky: 4,2 oz.\/yd.\u00b2 (142 g\/m\u00b2) - P\u0159edem vysr\u00e1\u017een\u00e1 tkanina - Konstrukce s bo\u010dn\u00edmi \u0161vy - Podlepen\u00ed od ramen k ramen\u016fm - Pr\u00e1zdn\u00fd v\u00fdrobek","protected":false},"featured_media":8423,"comment_status":"open","ping_status":"closed","template":"","meta":{"_acf_changed":false,"content-type":"","_monsterinsights_skip_tracking":false,"_monsterinsights_sitenote_active":false,"_monsterinsights_sitenote_note":"","_monsterinsights_sitenote_category":0},"product_brand":[],"product_cat":[245],"product_tag":[],"class_list":{"0":"post-8320","1":"product","2":"type-product","3":"status-publish","4":"has-post-thumbnail","6":"product_cat-merchandise","8":"first","9":"instock","10":"taxable","11":"shipping-taxable","12":"purchasable","13":"product-type-variable"},"acf":[],"aioseo_notices":[],"jetpack_sharing_enabled":true,"_links":{"self":[{"href":"https:\/\/antcube.shop\/cs\/wp-json\/wp\/v2\/product\/8320","targetHints":{"allow":["GET"]}}],"collection":[{"href":"https:\/\/antcube.shop\/cs\/wp-json\/wp\/v2\/product"}],"about":[{"href":"https:\/\/antcube.shop\/cs\/wp-json\/wp\/v2\/types\/product"}],"replies":[{"embeddable":true,"href":"https:\/\/antcube.shop\/cs\/wp-json\/wp\/v2\/comments?post=8320"}],"wp:featuredmedia":[{"embeddable":true,"href":"https:\/\/antcube.shop\/cs\/wp-json\/wp\/v2\/media\/8423"}],"wp:attachment":[{"href":"https:\/\/antcube.shop\/cs\/wp-json\/wp\/v2\/media?parent=8320"}],"wp:term":[{"taxonomy":"product_brand","embeddable":true,"href":"https:\/\/antcube.shop\/cs\/wp-json\/wp\/v2\/product_brand?post=8320"},{"taxonomy":"product_cat","embeddable":true,"href":"https:\/\/antcube.shop\/cs\/wp-json\/wp\/v2\/product_cat?post=8320"},{"taxonomy":"product_tag","embeddable":true,"href":"https:\/\/antcube.shop\/cs\/wp-json\/wp\/v2\/product_tag?post=8320"}],"curies":[{"name":"wp","href":"https:\/\/api.w.org\/{rel}","templated":true}]}}