{"id":8197,"date":"2024-06-10T10:30:29","date_gmt":"2024-06-10T08:30:29","guid":{"rendered":"https:\/\/antcube.shop\/product\/unisex-hoodie-2\/"},"modified":"2024-12-12T11:08:24","modified_gmt":"2024-12-12T10:08:24","slug":"unisex-mikina-s-kapuci-2","status":"publish","type":"product","link":"https:\/\/antcube.shop\/cs\/produkt\/unisex-mikina-s-kapuci-2\/","title":{"rendered":"Unisex mikina s kapuc\u00ed"},"content":{"rendered":"<p>Ka\u017ed\u00fd pot\u0159ebuje \u00fatulnou mikinu, do kter\u00e9 se m\u016f\u017ee zachumlat, tak\u017ee si vyberte n\u011bjakou m\u011bkkou, hladkou a stylovou. Je to ide\u00e1ln\u00ed volba na chladn\u011bj\u0161\u00ed ve\u010dery!<\/p>\n<p>- 50% p\u0159edsr\u00e1\u017een\u00e1 bavlna, 50% polyester<br \/>\n- Hmotnost tkaniny: 8,0 oz\/yd\u00b2 (271,25 g\/m\u00b2)<br \/>\n- Vzduchem sp\u0159\u00e1dan\u00e1 p\u0159\u00edze s m\u011bkk\u00fdm omakem a sn\u00ed\u017een\u00fdm \u017emolkov\u00e1n\u00edm<br \/>\n- Kapuce s dvojitou pod\u0161\u00edvkou a odpov\u00eddaj\u00edc\u00ed stahovac\u00ed \u0161\u0148\u016frkou<br \/>\n- \u010ctvrtinov\u00e9 oto\u010den\u00ed t\u011bla, aby se zabr\u00e1nilo r\u00fdze uprost\u0159ed.<br \/>\n- 1 \u00d7 1 sportovn\u00ed \u017eebrov\u00e9 man\u017eety a pas se spandexem<br \/>\n- P\u0159edn\u00ed kapsa<br \/>\n- Dvojit\u011b pro\u0161it\u00fd l\u00edmec, ramena, pr\u016framky, man\u017eety a spodn\u00ed lem.<br \/>\n- Pr\u00e1zdn\u00fd v\u00fdrobek poch\u00e1zej\u00edc\u00ed z Banglad\u00e9\u0161e, Nikaraguy, Hondurasu nebo Salvadoru<\/p>\n<p>Tento produkt je vyroben speci\u00e1ln\u011b pro v\u00e1s ihned po objedn\u00e1n\u00ed, proto n\u00e1m trv\u00e1 trochu d\u00e9le, ne\u017e v\u00e1m ho doru\u010d\u00edme. V\u00fdroba v\u00fdrobk\u016f na objedn\u00e1vku m\u00edsto ve velk\u00e9m pom\u00e1h\u00e1 sni\u017eovat nadprodukci, proto v\u00e1m d\u011bkujeme za promy\u0161len\u00e9 n\u00e1kupn\u00ed rozhodnut\u00ed!<\/p>","protected":false},"excerpt":{"rendered":"<p>Ka\u017ed\u00fd pot\u0159ebuje \u00fatulnou mikinu, do kter\u00e9 se m\u016f\u017ee zachumlat, tak\u017ee si vyberte n\u011bjakou m\u011bkkou, hladkou a stylovou. Je to ide\u00e1ln\u00ed volba na chladn\u011bj\u0161\u00ed ve\u010dery! - P\u0159edsr\u00e1\u017een\u00e1 bavlna 50%, polyester 50% - Hmotnost l\u00e1tky: 8,0 oz\/yd\u00b2 (271,25 g\/m\u00b2) - Vzduchem sp\u0159\u00e1dan\u00e1 p\u0159\u00edze s m\u011bkk\u00fdm omakem a sn\u00ed\u017een\u00fdm \u017emolkov\u00e1n\u00edm - Kapuce s dvojitou pod\u0161\u00edvkou a slad\u011bn\u00fdm st\u0159ihem","protected":false},"featured_media":8290,"comment_status":"open","ping_status":"closed","template":"","meta":{"_acf_changed":false,"content-type":"","_monsterinsights_skip_tracking":false,"_monsterinsights_sitenote_active":false,"_monsterinsights_sitenote_note":"","_monsterinsights_sitenote_category":0},"product_brand":[],"product_cat":[245],"product_tag":[],"class_list":{"0":"post-8197","1":"product","2":"type-product","3":"status-publish","4":"has-post-thumbnail","6":"product_cat-merchandise","8":"first","9":"instock","10":"taxable","11":"shipping-taxable","12":"purchasable","13":"product-type-variable"},"acf":[],"aioseo_notices":[],"jetpack_sharing_enabled":true,"_links":{"self":[{"href":"https:\/\/antcube.shop\/cs\/wp-json\/wp\/v2\/product\/8197","targetHints":{"allow":["GET"]}}],"collection":[{"href":"https:\/\/antcube.shop\/cs\/wp-json\/wp\/v2\/product"}],"about":[{"href":"https:\/\/antcube.shop\/cs\/wp-json\/wp\/v2\/types\/product"}],"replies":[{"embeddable":true,"href":"https:\/\/antcube.shop\/cs\/wp-json\/wp\/v2\/comments?post=8197"}],"wp:featuredmedia":[{"embeddable":true,"href":"https:\/\/antcube.shop\/cs\/wp-json\/wp\/v2\/media\/8290"}],"wp:attachment":[{"href":"https:\/\/antcube.shop\/cs\/wp-json\/wp\/v2\/media?parent=8197"}],"wp:term":[{"taxonomy":"product_brand","embeddable":true,"href":"https:\/\/antcube.shop\/cs\/wp-json\/wp\/v2\/product_brand?post=8197"},{"taxonomy":"product_cat","embeddable":true,"href":"https:\/\/antcube.shop\/cs\/wp-json\/wp\/v2\/product_cat?post=8197"},{"taxonomy":"product_tag","embeddable":true,"href":"https:\/\/antcube.shop\/cs\/wp-json\/wp\/v2\/product_tag?post=8197"}],"curies":[{"name":"wp","href":"https:\/\/api.w.org\/{rel}","templated":true}]}}