{"id":8185,"date":"2024-06-10T10:28:06","date_gmt":"2024-06-10T08:28:06","guid":{"rendered":"https:\/\/antcube.shop\/product\/boxer-briefs\/"},"modified":"2024-12-12T11:08:38","modified_gmt":"2024-12-12T10:08:38","slug":"boxerky","status":"publish","type":"product","link":"https:\/\/antcube.shop\/cs\/produkt\/boxerky\/","title":{"rendered":"Boxerky"},"content":{"rendered":"<p>Tyto boxerky jsou vyrobeny z m\u011bkk\u00e9ho a pru\u017en\u00e9ho materi\u00e1lu, kter\u00fd zaji\u0161\u0165uje pohodl\u00ed po cel\u00fd den. Boxerky nemaj\u00ed zadn\u00ed \u0161ev a maj\u00ed pod\u0161it\u00e9 p\u0159edn\u00ed kapsy pro v\u011bt\u0161\u00ed pohodl\u00ed a podporu. <\/p>\n<p>- 95% polyester, 5% elastan (slo\u017een\u00ed tkaniny se m\u016f\u017ee li\u0161it o 1%)<br \/>\n- St\u0159edn\u011b vysok\u00e1 budova<br \/>\n- Pod\u0161it\u00e1 p\u0159edn\u00ed kapsa pro dodate\u010dnou podporu<br \/>\n- 4 cm \u0161irok\u00fd elastick\u00fd p\u00e1s pota\u017een\u00fd l\u00e1tkou<br \/>\n- Rozkrokov\u00fd panel <br \/>\n- Overlock a kryc\u00ed steh <br \/>\n- \u017d\u00e1dn\u00fd zadn\u00ed \u0161ev pro v\u011bt\u0161\u00ed pohodl\u00ed<br \/>\n- Pr\u00e1zdn\u00e9 sou\u010d\u00e1sti v\u00fdrobk\u016f v EU poch\u00e1zej\u00edc\u00ed z Litvy<br \/>\n- Slep\u00e9 sou\u010d\u00e1sti v\u00fdrobk\u016f v Mexiku poch\u00e1zej\u00edc\u00ed z USA a \u010c\u00edny<\/p>","protected":false},"excerpt":{"rendered":"<p>Tyto boxerky jsou vyrobeny z m\u011bkk\u00e9ho a pru\u017en\u00e9ho materi\u00e1lu, kter\u00fd zaji\u0161\u0165uje pohodl\u00ed po cel\u00fd den. Boxerky nemaj\u00ed zadn\u00ed \u0161ev a maj\u00ed pod\u0161it\u00e9 p\u0159edn\u00ed kapsy pro v\u011bt\u0161\u00ed pohodl\u00ed a podporu. - Materi\u00e1l: 95% polyester, 5% elastan (slo\u017een\u00ed materi\u00e1lu se m\u016f\u017ee li\u0161it o 1%) - St\u0159edn\u011b vysok\u00fd st\u0159ih - Pod\u0161it\u00fd p\u0159edn\u00ed v\u00e1\u010dek pro dodate\u010dnou p\u00e9\u010di","protected":false},"featured_media":8195,"comment_status":"open","ping_status":"closed","template":"","meta":{"_acf_changed":false,"content-type":"","_monsterinsights_skip_tracking":false,"_monsterinsights_sitenote_active":false,"_monsterinsights_sitenote_note":"","_monsterinsights_sitenote_category":0},"product_brand":[],"product_cat":[245],"product_tag":[],"class_list":{"0":"post-8185","1":"product","2":"type-product","3":"status-publish","4":"has-post-thumbnail","6":"product_cat-merchandise","8":"first","9":"instock","10":"taxable","11":"shipping-taxable","12":"purchasable","13":"product-type-variable"},"acf":[],"aioseo_notices":[],"jetpack_sharing_enabled":true,"_links":{"self":[{"href":"https:\/\/antcube.shop\/cs\/wp-json\/wp\/v2\/product\/8185","targetHints":{"allow":["GET"]}}],"collection":[{"href":"https:\/\/antcube.shop\/cs\/wp-json\/wp\/v2\/product"}],"about":[{"href":"https:\/\/antcube.shop\/cs\/wp-json\/wp\/v2\/types\/product"}],"replies":[{"embeddable":true,"href":"https:\/\/antcube.shop\/cs\/wp-json\/wp\/v2\/comments?post=8185"}],"wp:featuredmedia":[{"embeddable":true,"href":"https:\/\/antcube.shop\/cs\/wp-json\/wp\/v2\/media\/8195"}],"wp:attachment":[{"href":"https:\/\/antcube.shop\/cs\/wp-json\/wp\/v2\/media?parent=8185"}],"wp:term":[{"taxonomy":"product_brand","embeddable":true,"href":"https:\/\/antcube.shop\/cs\/wp-json\/wp\/v2\/product_brand?post=8185"},{"taxonomy":"product_cat","embeddable":true,"href":"https:\/\/antcube.shop\/cs\/wp-json\/wp\/v2\/product_cat?post=8185"},{"taxonomy":"product_tag","embeddable":true,"href":"https:\/\/antcube.shop\/cs\/wp-json\/wp\/v2\/product_tag?post=8185"}],"curies":[{"name":"wp","href":"https:\/\/api.w.org\/{rel}","templated":true}]}}