{"id":7942,"date":"2024-05-29T15:42:05","date_gmt":"2024-05-29T13:42:05","guid":{"rendered":"https:\/\/antcube.shop\/product\/rote-abdeckplatte-20x20-liegend\/"},"modified":"2026-04-16T12:33:06","modified_gmt":"2026-04-16T10:33:06","slug":"cervena-kryci-deska-20x20","status":"publish","type":"product","link":"https:\/\/antcube.shop\/cs\/produkt\/cervena-kryci-deska-20x20\/","title":{"rendered":"\u010cerven\u00e1 kryc\u00ed deska 20\u00d720 - horizont\u00e1ln\u00ed"},"content":{"rendered":"<p><strong>Rozm\u011bry:<\/strong> 180 x 180 mm,<br \/>\n<strong>Tlou\u0161\u0165ka:<\/strong> 3 mm<br \/>\nVn\u011bj\u0161\u00ed rozm\u011br krou\u017eku s otvorem 56 mm - vnit\u0159n\u00ed rozm\u011br otvoru 33 mm<\/p>\n<p><strong>Materi\u00e1l:<\/strong> PMMA<\/p>\n<p><strong>Barva:<\/strong> tmav\u011b \u010derven\u00e1, pr\u016fhledn\u00e1<\/p>\n<p><strong>Obsah:<\/strong> 1 ks.<\/p>\n<p><strong>Popis:<\/strong> \u010cerven\u00e1 pr\u016fhledn\u00e1 kryc\u00ed deska - vodorovn\u00e1, slou\u017e\u00ed k tomu, aby mravenci z\u00edskali pocit podzem\u00ed. Doporu\u010dujeme proto pou\u017e\u00edvat tento v\u00fdrobek alespo\u0148 \u010d\u00e1ste\u010dn\u011b v prostoru hn\u00edzda. Mravence v hn\u00edzd\u011b m\u016f\u017eete vid\u011bt i p\u0159es kryt.<\/p>","protected":false},"excerpt":{"rendered":"<p>Rozm\u011bry: 180 x 180 mm, tlou\u0161\u0165ka: Vn\u011bj\u0161\u00ed rozm\u011br krou\u017eku s otvorem 56 mm - vnit\u0159n\u00ed rozm\u011br otvoru 33 mm Materi\u00e1l: Barva: tmav\u011b \u010derven\u00e1, pr\u016fhledn\u00e1 Obsah: Obsah: 1 ks.  \u010cerven\u00e1 pr\u016fhledn\u00e1 kryc\u00ed deska - horizont\u00e1ln\u00ed, slou\u017e\u00ed k navozen\u00ed pocitu mravenc\u016f v podzem\u00ed. Doporu\u010dujeme proto tento v\u00fdrobek pou\u017e\u00edvat alespo\u0148 \u010d\u00e1ste\u010dn\u011b ve","protected":false},"featured_media":7945,"comment_status":"open","ping_status":"closed","template":"","meta":{"_acf_changed":false,"content-type":"","_monsterinsights_skip_tracking":false,"_monsterinsights_sitenote_active":false,"_monsterinsights_sitenote_note":"","_monsterinsights_sitenote_category":0},"product_brand":[],"product_cat":[119,239],"product_tag":[],"class_list":{"0":"post-7942","1":"product","2":"type-product","3":"status-publish","4":"has-post-thumbnail","6":"product_cat-formicarium-components","7":"product_cat-useful-additions","9":"first","10":"instock","11":"taxable","12":"shipping-taxable","13":"purchasable","14":"product-type-simple"},"acf":[],"aioseo_notices":[],"jetpack_sharing_enabled":true,"_links":{"self":[{"href":"https:\/\/antcube.shop\/cs\/wp-json\/wp\/v2\/product\/7942","targetHints":{"allow":["GET"]}}],"collection":[{"href":"https:\/\/antcube.shop\/cs\/wp-json\/wp\/v2\/product"}],"about":[{"href":"https:\/\/antcube.shop\/cs\/wp-json\/wp\/v2\/types\/product"}],"replies":[{"embeddable":true,"href":"https:\/\/antcube.shop\/cs\/wp-json\/wp\/v2\/comments?post=7942"}],"wp:featuredmedia":[{"embeddable":true,"href":"https:\/\/antcube.shop\/cs\/wp-json\/wp\/v2\/media\/7945"}],"wp:attachment":[{"href":"https:\/\/antcube.shop\/cs\/wp-json\/wp\/v2\/media?parent=7942"}],"wp:term":[{"taxonomy":"product_brand","embeddable":true,"href":"https:\/\/antcube.shop\/cs\/wp-json\/wp\/v2\/product_brand?post=7942"},{"taxonomy":"product_cat","embeddable":true,"href":"https:\/\/antcube.shop\/cs\/wp-json\/wp\/v2\/product_cat?post=7942"},{"taxonomy":"product_tag","embeddable":true,"href":"https:\/\/antcube.shop\/cs\/wp-json\/wp\/v2\/product_tag?post=7942"}],"curies":[{"name":"wp","href":"https:\/\/api.w.org\/{rel}","templated":true}]}}