{"id":7590,"date":"2024-04-04T16:24:13","date_gmt":"2024-04-04T14:24:13","guid":{"rendered":"https:\/\/antcube.shop\/product\/thermo-hygrometer-analog-display-43mm-hangend\/"},"modified":"2026-01-15T16:08:58","modified_gmt":"2026-01-15T15:08:58","slug":"teplomer-s-analogovym-displejem-43mm-zavesny","status":"publish","type":"product","link":"https:\/\/antcube.shop\/cs\/produkt\/teplomer-s-analogovym-displejem-43mm-zavesny\/","title":{"rendered":"Teplom\u011br analogov\u00fd - displej - 43mm - z\u00e1v\u011bsn\u00fd"},"content":{"rendered":"<p><strong>Rozm\u011bry:<\/strong> 73 mm x 63 mm, hloubka 20 mm<\/p>\n<p><strong>Materi\u00e1l:<\/strong> kov \/ akryl<\/p>\n<p><strong>Barva:<\/strong> kov, st\u0159\u00edbrn\u00e1 \/ pr\u016fhledn\u00e1<\/p>\n<p><strong>Obsah:<\/strong> 1x termohygrometr analogov\u00fd kovov\u00fd - 43mm, 1x dr\u017e\u00e1k z akrylov\u00e9ho skla s vybr\u00e1n\u00edm pro m\u011b\u0159ic\u00ed p\u0159\u00edstroj - 73x59mm, 1x podstavec z akrylov\u00e9ho skla - 73x20mm, 2x pr\u016fhledn\u00e9 lepic\u00ed podlo\u017eky - 30x20mm.<\/p>\n<p><strong>Popis:<\/strong><br \/>\nSada se skl\u00e1d\u00e1 z analogov\u00e9ho teplom\u011bru a vlhkom\u011bru z kovu (43 mm), kter\u00fd je vlo\u017een do sklen\u011bn\u00e9 akrylov\u00e9 desky (73x59 mm). Displej je p\u0159ipevn\u011bn pomoc\u00ed dvou pr\u016fhledn\u00fdch lepic\u00edch podlo\u017eek, kter\u00e9 lze pou\u017e\u00edt k p\u0159ipevn\u011bn\u00ed z\u00e1kladny (73x20mm) nad hlavou k ar\u00e9nov\u00fdm kryt\u016fm nebo r\u00e1m\u016fm.<\/p>\n<p><strong>D\u016fle\u017eit\u00e9:<\/strong><br \/>\nZadn\u00ed strana m\u011b\u0159idla mus\u00ed b\u00fdt voln\u00e1, jinak m\u016f\u017ee doj\u00edt k chyb\u00e1m m\u011b\u0159en\u00ed.<\/p>\n<p><strong>P\u0159esnost teplom\u011bru:<\/strong> +\/- 2\u00b0C , +\/- 4\u00b0F<br \/>\n<strong>P\u0159esnost vlhkom\u011bru:<\/strong> +\/- 5%<\/p>","protected":false},"excerpt":{"rendered":"<p>Sada teplom\u011bru a vlhkom\u011bru z kovu (43 mm) vlo\u017een\u00e9ho do sklen\u011bn\u00e9 akrylov\u00e9 desky (73x63 mm).<\/p>","protected":false},"featured_media":7580,"comment_status":"open","ping_status":"closed","template":"","meta":{"_acf_changed":false,"content-type":"","_monsterinsights_skip_tracking":false,"_monsterinsights_sitenote_active":false,"_monsterinsights_sitenote_note":"","_monsterinsights_sitenote_category":0},"product_brand":[],"product_cat":[359,119],"product_tag":[],"class_list":{"0":"post-7590","1":"product","2":"type-product","3":"status-publish","4":"has-post-thumbnail","6":"product_cat-light-heat-humidity","7":"product_cat-formicarium-components","9":"first","10":"instock","11":"taxable","12":"shipping-taxable","13":"purchasable","14":"product-type-simple"},"acf":[],"aioseo_notices":[],"jetpack_sharing_enabled":true,"_links":{"self":[{"href":"https:\/\/antcube.shop\/cs\/wp-json\/wp\/v2\/product\/7590","targetHints":{"allow":["GET"]}}],"collection":[{"href":"https:\/\/antcube.shop\/cs\/wp-json\/wp\/v2\/product"}],"about":[{"href":"https:\/\/antcube.shop\/cs\/wp-json\/wp\/v2\/types\/product"}],"replies":[{"embeddable":true,"href":"https:\/\/antcube.shop\/cs\/wp-json\/wp\/v2\/comments?post=7590"}],"wp:featuredmedia":[{"embeddable":true,"href":"https:\/\/antcube.shop\/cs\/wp-json\/wp\/v2\/media\/7580"}],"wp:attachment":[{"href":"https:\/\/antcube.shop\/cs\/wp-json\/wp\/v2\/media?parent=7590"}],"wp:term":[{"taxonomy":"product_brand","embeddable":true,"href":"https:\/\/antcube.shop\/cs\/wp-json\/wp\/v2\/product_brand?post=7590"},{"taxonomy":"product_cat","embeddable":true,"href":"https:\/\/antcube.shop\/cs\/wp-json\/wp\/v2\/product_cat?post=7590"},{"taxonomy":"product_tag","embeddable":true,"href":"https:\/\/antcube.shop\/cs\/wp-json\/wp\/v2\/product_tag?post=7590"}],"curies":[{"name":"wp","href":"https:\/\/api.w.org\/{rel}","templated":true}]}}