{"id":7589,"date":"2024-04-04T16:24:06","date_gmt":"2024-04-04T14:24:06","guid":{"rendered":"https:\/\/antcube.shop\/product\/mini-thermo-hygrometer-analog-metall-43mm\/"},"modified":"2026-03-31T18:19:20","modified_gmt":"2026-03-31T16:19:20","slug":"mini-teplomer-analogovy-kovovy-43mm","status":"publish","type":"product","link":"https:\/\/antcube.shop\/cs\/produkt\/mini-teplomer-analogovy-kovovy-43mm\/","title":{"rendered":"Miniaturn\u00ed analogov\u00fd termohygrometr kovov\u00fd - 43mm"},"content":{"rendered":"<p><strong>Velikost:<\/strong> 43 mm (pro 40mm otvor)<\/p>\n<p><strong>Materi\u00e1l \/ barva:<\/strong> kov, st\u0159\u00edbro<\/p>\n<p><strong>M\u011b\u0159en\u00ed:<\/strong><\/p>\n<p><strong>Teplom\u011br:<\/strong> -20 a\u017e +50\u00b0C \/ -10 a\u017e +130\u00b0F<br \/>\n<strong>P\u0159esnost:<\/strong> +\/- 2\u00b0C , +\/- 4\u00b0F<\/p>\n<p><strong>Vlhkom\u011br:<\/strong> 0 a\u017e 100%<br \/>\n<strong>P\u0159esnost:<\/strong> +\/- 5%<\/p>\n<p><strong>Popis:<\/strong><br \/>\nAnalogov\u00fd termo\/hygrometr, kter\u00fd je vhodn\u00fd zejm\u00e9na pro velmi mal\u00e1 formik\u00e1ria.<\/p>\n<p><strong>Pozn\u00e1mka:<\/strong><br \/>\nM\u011b\u0159ic\u00ed p\u0159\u00edstroje na zadn\u00ed stran\u011b mus\u00ed z\u016fstat voln\u00e9, jinak m\u016f\u017ee doj\u00edt k chyb\u00e1m m\u011b\u0159en\u00ed.<\/p>","protected":false},"excerpt":{"rendered":"<p>Velikost: 43 mm (pro 40mm otvor) Materi\u00e1l \/ barva: kov, st\u0159\u00edbrn\u00e1 M\u011b\u0159en\u00ed: Teplom\u011br: -20 a\u017e +50\u00b0C \/ -10 a\u017e +130\u00b0F P\u0159esnost: -20 a\u017e +50\u00b0C: Vlhkom\u011br: 0 a\u017e 100% P\u0159esnost: +\/- 2\u00b0C , +\/- 4\u00b0F P\u0159esnost: 0 a\u017e 100% P\u0159esnost: +\/- 2\u00b0C , +\/- 4\u00b0F +\/- 5% Popis: Vlhkost: +\/- 5% Analogov\u00fd teplom\u011br\/vlhkom\u011br, kter\u00fd je vhodn\u00fd zejm\u00e9na pro velmi mal\u00e1 formik\u00e1ria. Pozn\u00e1mka: M\u011b\u0159ic\u00ed p\u0159\u00edstroje na zadn\u00ed stran\u011b mus\u00ed z\u016fstat voln\u00e9, jinak m\u011b\u0159en\u00ed","protected":false},"featured_media":7581,"comment_status":"open","ping_status":"closed","template":"","meta":{"_acf_changed":false,"content-type":"","_monsterinsights_skip_tracking":false,"_monsterinsights_sitenote_active":false,"_monsterinsights_sitenote_note":"","_monsterinsights_sitenote_category":0},"product_brand":[],"product_cat":[359,119],"product_tag":[],"class_list":{"0":"post-7589","1":"product","2":"type-product","3":"status-publish","4":"has-post-thumbnail","6":"product_cat-light-heat-humidity","7":"product_cat-formicarium-components","9":"first","10":"instock","11":"taxable","12":"shipping-taxable","13":"purchasable","14":"product-type-simple"},"acf":[],"aioseo_notices":[],"jetpack_sharing_enabled":true,"_links":{"self":[{"href":"https:\/\/antcube.shop\/cs\/wp-json\/wp\/v2\/product\/7589","targetHints":{"allow":["GET"]}}],"collection":[{"href":"https:\/\/antcube.shop\/cs\/wp-json\/wp\/v2\/product"}],"about":[{"href":"https:\/\/antcube.shop\/cs\/wp-json\/wp\/v2\/types\/product"}],"replies":[{"embeddable":true,"href":"https:\/\/antcube.shop\/cs\/wp-json\/wp\/v2\/comments?post=7589"}],"wp:featuredmedia":[{"embeddable":true,"href":"https:\/\/antcube.shop\/cs\/wp-json\/wp\/v2\/media\/7581"}],"wp:attachment":[{"href":"https:\/\/antcube.shop\/cs\/wp-json\/wp\/v2\/media?parent=7589"}],"wp:term":[{"taxonomy":"product_brand","embeddable":true,"href":"https:\/\/antcube.shop\/cs\/wp-json\/wp\/v2\/product_brand?post=7589"},{"taxonomy":"product_cat","embeddable":true,"href":"https:\/\/antcube.shop\/cs\/wp-json\/wp\/v2\/product_cat?post=7589"},{"taxonomy":"product_tag","embeddable":true,"href":"https:\/\/antcube.shop\/cs\/wp-json\/wp\/v2\/product_tag?post=7589"}],"curies":[{"name":"wp","href":"https:\/\/api.w.org\/{rel}","templated":true}]}}