{"id":7503,"date":"2024-04-04T11:27:36","date_gmt":"2024-04-04T09:27:36","guid":{"rendered":"https:\/\/antcube.shop\/product\/folien-thermometer-display\/"},"modified":"2026-04-16T17:07:34","modified_gmt":"2026-04-16T15:07:34","slug":"displej-folioveho-teplomeru","status":"publish","type":"product","link":"https:\/\/antcube.shop\/cs\/produkt\/displej-folioveho-teplomeru\/","title":{"rendered":"Zobrazen\u00ed f\u00f3liov\u00e9ho teplom\u011bru"},"content":{"rendered":"<p><strong>Rozm\u011bry:<\/strong> 30 mm x 36,5 mm<\/p>\n<p><strong>Rozsah m\u011b\u0159en\u00ed:<\/strong> +12 \u00b0C a\u017e +34 \u00b0C<\/p>\n<p><strong>P\u0159esnost:<\/strong> +\/- 1\u00b0C<\/p>\n<p><strong>Popis:<\/strong><br \/>\nF\u00f3liov\u00fd teplom\u011br, kter\u00fd lze p\u0159ipevnit zevnit\u0159 na kryt nebo r\u00e1m mraveni\u0161t\u011b\/formik\u00e1ria. Lepic\u00ed plocha pod f\u00f3li\u00ed na pr\u016fhledn\u00e9m podkladu.<\/p>\n<p><strong>Pro m\u011b\u0159en\u00ed teploty:<\/strong><br \/>\nZelen\u00e1 oblast zobrazuje aktu\u00e1ln\u00ed teplotu.<br \/>\nPokud je \u010derven\u00e1 oblast jasn\u011b viditeln\u00e1, ode\u010dt\u011bte 0,5 \u00b0C.<br \/>\nPokud je modr\u00e1 oblast jasn\u011b viditeln\u00e1, p\u0159idejte 0,5 \u00b0C.<\/p>","protected":false},"excerpt":{"rendered":"<p>Rozsah m\u011b\u0159en\u00ed: +12\u00b0C a\u017e +34\u00b0C<\/p>","protected":false},"featured_media":7593,"comment_status":"open","ping_status":"closed","template":"","meta":{"_acf_changed":false,"content-type":"","_monsterinsights_skip_tracking":false,"_monsterinsights_sitenote_active":false,"_monsterinsights_sitenote_note":"","_monsterinsights_sitenote_category":0},"product_brand":[],"product_cat":[359,119,239],"product_tag":[],"class_list":{"0":"post-7503","1":"product","2":"type-product","3":"status-publish","4":"has-post-thumbnail","6":"product_cat-light-heat-humidity","7":"product_cat-formicarium-components","8":"product_cat-useful-additions","10":"first","11":"instock","12":"taxable","13":"shipping-taxable","14":"purchasable","15":"product-type-simple"},"acf":[],"aioseo_notices":[],"jetpack_sharing_enabled":true,"_links":{"self":[{"href":"https:\/\/antcube.shop\/cs\/wp-json\/wp\/v2\/product\/7503","targetHints":{"allow":["GET"]}}],"collection":[{"href":"https:\/\/antcube.shop\/cs\/wp-json\/wp\/v2\/product"}],"about":[{"href":"https:\/\/antcube.shop\/cs\/wp-json\/wp\/v2\/types\/product"}],"replies":[{"embeddable":true,"href":"https:\/\/antcube.shop\/cs\/wp-json\/wp\/v2\/comments?post=7503"}],"wp:featuredmedia":[{"embeddable":true,"href":"https:\/\/antcube.shop\/cs\/wp-json\/wp\/v2\/media\/7593"}],"wp:attachment":[{"href":"https:\/\/antcube.shop\/cs\/wp-json\/wp\/v2\/media?parent=7503"}],"wp:term":[{"taxonomy":"product_brand","embeddable":true,"href":"https:\/\/antcube.shop\/cs\/wp-json\/wp\/v2\/product_brand?post=7503"},{"taxonomy":"product_cat","embeddable":true,"href":"https:\/\/antcube.shop\/cs\/wp-json\/wp\/v2\/product_cat?post=7503"},{"taxonomy":"product_tag","embeddable":true,"href":"https:\/\/antcube.shop\/cs\/wp-json\/wp\/v2\/product_tag?post=7503"}],"curies":[{"name":"wp","href":"https:\/\/api.w.org\/{rel}","templated":true}]}}