{"id":7500,"date":"2024-04-04T11:27:17","date_gmt":"2024-04-04T09:27:17","guid":{"rendered":"https:\/\/antcube.shop\/product\/ant-maze-20x20-m\/"},"modified":"2026-01-12T12:39:35","modified_gmt":"2026-01-12T11:39:35","slug":"mravenci-bludiste-20x20-m","status":"publish","type":"product","link":"https:\/\/antcube.shop\/cs\/produkt\/mravenci-bludiste-20x20-m\/","title":{"rendered":"Mraven\u010d\u00ed bludi\u0161t\u011b 20\u00d720 - M"},"content":{"rendered":"<p><strong>Rozm\u011bry:<\/strong><br \/>\n190x220x23mm; <strong>v\u00fd\u0161ka cesty<\/strong> 10 mm <strong>\u0161\u00ed\u0159ka cesty<\/strong> 10-19 mm<br \/>\n5x regul\u00e1tor posuvn\u00e9ho pr\u016fchodu<\/p>\n<p><strong>Materi\u00e1l:<\/strong> akrylov\u00e9 sklo<\/p>\n<p><strong>Barva:<\/strong> k\u0159i\u0161\u0165\u00e1lov\u011b \u010dist\u00fd, pr\u016fhledn\u00fd<\/p>\n<p><strong>Obsah:<\/strong><br \/>\n1x Mraven\u010d\u00ed bludi\u0161t\u011b M s 5x pr\u016fchoz\u00edm ovlada\u010dem<\/p>\n<p><strong>P\u0159ipojen\u00ed:<\/strong> 2x p\u0159ipojovac\u00ed n\u00e1trubky 10 mm pro trubku 14\/10 mm<\/p>\n<p><strong>Popis:<\/strong> Mraven\u010d\u00ed bludi\u0161t\u011b Ploch\u00e9 formik\u00e1rium z n\u011bkolika vrstven\u00fdch panel\u016f. Mraven\u010d\u00ed bludi\u0161t\u011b lze roz\u0161\u00ed\u0159it pomoc\u00ed hadic nebo p\u0159ipojit k mraveni\u0161ti pomoc\u00ed integrovan\u00fdch p\u0159ipojovac\u00edch z\u00e1suvek. P\u011bt zabudovan\u00fdch posuvn\u00edk\u016f umo\u017e\u0148uje mravenc\u016fm otev\u00edrat nebo zav\u00edrat r\u016fzn\u00e9 cesty v bludi\u0161ti. Lze jej vyu\u017e\u00edt nap\u0159\u00edklad pro experimenty ve vzd\u011bl\u00e1vac\u00edch instituc\u00edch nebo v dom\u00e1cnostech k pozorov\u00e1n\u00ed, jak mravenci hledaj\u00ed cestu a p\u0159izp\u016fsobuj\u00ed se n\u00e1hle se m\u011bn\u00edc\u00edm tras\u00e1m, nap\u0159\u00edklad k m\u00edst\u016fm krmen\u00ed.<\/p>\n<p><strong>Pozn\u00e1mka:<\/strong> Mohou se vyskytnout mezery o velikosti 0,5 mm.<\/p>\n<p><strong>Pozn\u00e1mka k p\u0159ipojovac\u00edm z\u00e1suvk\u00e1m<\/strong><br \/>\nP\u0159i p\u0159ipojov\u00e1n\u00ed nebo odpojov\u00e1n\u00ed hadic dbejte na n\u00e1sleduj\u00edc\u00ed pokyny:<br \/>\nPokud se hadi\u010dka velmi \u0161patn\u011b nasazuje na p\u0159ipojovac\u00ed hrdlo, je t\u0159eba hrdlo lehce pot\u0159\u00edt kapkou na\u0161eho oleje nebo pr\u00e1\u0161ku proti prask\u00e1n\u00ed. Pot\u00e9 by se m\u011bla hadice nasunout na obj\u00edmku krou\u017eiv\u00fdmi nebo \u0161roubovac\u00edmi pohyby, ani\u017e by se obj\u00edmka nam\u00e1hala pohyby nahoru a dol\u016f. Tot\u00e9\u017e plat\u00ed i p\u0159i vyj\u00edm\u00e1n\u00ed hadic z p\u0159ipojovac\u00ed obj\u00edmky farmy. Nevytahujte ji jednodu\u0161e!<\/p>","protected":false},"excerpt":{"rendered":"<p>P\u0159ipojen\u00ed: Z\u00e1suvka 2x 10 mm<\/p>","protected":false},"featured_media":7600,"comment_status":"open","ping_status":"closed","template":"","meta":{"_acf_changed":false,"content-type":"","_monsterinsights_skip_tracking":false,"_monsterinsights_sitenote_active":false,"_monsterinsights_sitenote_note":"","_monsterinsights_sitenote_category":0},"product_brand":[],"product_cat":[257,119,239,91],"product_tag":[],"class_list":{"0":"post-7500","1":"product","2":"type-product","3":"status-publish","4":"has-post-thumbnail","6":"product_cat-new-innovatve-products","7":"product_cat-formicarium-components","8":"product_cat-useful-additions","9":"product_cat-formicarium-modules","11":"first","12":"instock","13":"taxable","14":"shipping-taxable","15":"purchasable","16":"product-type-simple"},"acf":[],"aioseo_notices":[],"jetpack_sharing_enabled":true,"_links":{"self":[{"href":"https:\/\/antcube.shop\/cs\/wp-json\/wp\/v2\/product\/7500","targetHints":{"allow":["GET"]}}],"collection":[{"href":"https:\/\/antcube.shop\/cs\/wp-json\/wp\/v2\/product"}],"about":[{"href":"https:\/\/antcube.shop\/cs\/wp-json\/wp\/v2\/types\/product"}],"replies":[{"embeddable":true,"href":"https:\/\/antcube.shop\/cs\/wp-json\/wp\/v2\/comments?post=7500"}],"wp:featuredmedia":[{"embeddable":true,"href":"https:\/\/antcube.shop\/cs\/wp-json\/wp\/v2\/media\/7600"}],"wp:attachment":[{"href":"https:\/\/antcube.shop\/cs\/wp-json\/wp\/v2\/media?parent=7500"}],"wp:term":[{"taxonomy":"product_brand","embeddable":true,"href":"https:\/\/antcube.shop\/cs\/wp-json\/wp\/v2\/product_brand?post=7500"},{"taxonomy":"product_cat","embeddable":true,"href":"https:\/\/antcube.shop\/cs\/wp-json\/wp\/v2\/product_cat?post=7500"},{"taxonomy":"product_tag","embeddable":true,"href":"https:\/\/antcube.shop\/cs\/wp-json\/wp\/v2\/product_tag?post=7500"}],"curies":[{"name":"wp","href":"https:\/\/api.w.org\/{rel}","templated":true}]}}