{"id":7498,"date":"2024-04-04T11:21:26","date_gmt":"2024-04-04T09:21:26","guid":{"rendered":"https:\/\/antcube.shop\/product\/formicarienmutter-3-4-zoll-glasklar\/"},"modified":"2026-04-15T12:17:45","modified_gmt":"2026-04-15T10:17:45","slug":"formicarium-matice-3-4-palce-sklo-cire","status":"publish","type":"product","link":"https:\/\/antcube.shop\/cs\/produkt\/formicarium-matice-3-4-palce-sklo-cire\/","title":{"rendered":"Formik\u00e1\u0159ov\u00e1 matice 3\/4 palce - sklo \u010dir\u00e9"},"content":{"rendered":"<p><strong>Obsah:<\/strong> 1x protikusov\u00e1 matice<\/p>\n<p><strong>Barva:<\/strong> sklo \u010dir\u00e9<\/p>\n<p><strong>Materi\u00e1l:<\/strong> plast<\/p>\n<p><strong>Popis:<\/strong> Pomoc\u00ed t\u00e9to protikusov\u00e9 matice m\u016f\u017eete upevnit \u0161roubov\u00e9 adapt\u00e9ry (3\/4\u2033).<\/p>","protected":false},"excerpt":{"rendered":"<p>Obsah: Barva: \u010dir\u00e9 sklo Materi\u00e1l: plast Popis: S touto protikusovou matic\u00ed m\u016f\u017eete upevnit \u0161roubov\u00e9 adapt\u00e9ry (3\/4\").<\/p>","protected":false},"featured_media":7516,"comment_status":"open","ping_status":"closed","template":"","meta":{"_acf_changed":false,"content-type":"","_monsterinsights_skip_tracking":false,"_monsterinsights_sitenote_active":false,"_monsterinsights_sitenote_note":"","_monsterinsights_sitenote_category":0},"product_brand":[],"product_cat":[257,345,119,121],"product_tag":[],"class_list":{"0":"post-7498","1":"product","2":"type-product","3":"status-publish","4":"has-post-thumbnail","6":"product_cat-new-innovatve-products","7":"product_cat-pipe-connectors","8":"product_cat-formicarium-components","9":"product_cat-connectors","11":"first","12":"instock","13":"taxable","14":"shipping-taxable","15":"purchasable","16":"product-type-simple"},"acf":[],"aioseo_notices":[],"jetpack_sharing_enabled":true,"_links":{"self":[{"href":"https:\/\/antcube.shop\/cs\/wp-json\/wp\/v2\/product\/7498","targetHints":{"allow":["GET"]}}],"collection":[{"href":"https:\/\/antcube.shop\/cs\/wp-json\/wp\/v2\/product"}],"about":[{"href":"https:\/\/antcube.shop\/cs\/wp-json\/wp\/v2\/types\/product"}],"replies":[{"embeddable":true,"href":"https:\/\/antcube.shop\/cs\/wp-json\/wp\/v2\/comments?post=7498"}],"wp:featuredmedia":[{"embeddable":true,"href":"https:\/\/antcube.shop\/cs\/wp-json\/wp\/v2\/media\/7516"}],"wp:attachment":[{"href":"https:\/\/antcube.shop\/cs\/wp-json\/wp\/v2\/media?parent=7498"}],"wp:term":[{"taxonomy":"product_brand","embeddable":true,"href":"https:\/\/antcube.shop\/cs\/wp-json\/wp\/v2\/product_brand?post=7498"},{"taxonomy":"product_cat","embeddable":true,"href":"https:\/\/antcube.shop\/cs\/wp-json\/wp\/v2\/product_cat?post=7498"},{"taxonomy":"product_tag","embeddable":true,"href":"https:\/\/antcube.shop\/cs\/wp-json\/wp\/v2\/product_tag?post=7498"}],"curies":[{"name":"wp","href":"https:\/\/api.w.org\/{rel}","templated":true}]}}