{"id":7496,"date":"2024-04-04T11:21:13","date_gmt":"2024-04-04T09:21:13","guid":{"rendered":"https:\/\/antcube.shop\/product\/beckenverbinder-3-4-zu-32mm-glasklar\/"},"modified":"2026-04-06T21:05:26","modified_gmt":"2026-04-06T19:05:26","slug":"spojka-umyvadla-3-4-na-32mm-sklo-cire","status":"publish","type":"product","link":"https:\/\/antcube.shop\/cs\/produkt\/spojka-umyvadla-3-4-na-32mm-sklo-cire\/","title":{"rendered":"Spojka umyvadla 3\/4\u2033 na 32 mm - sklo \u010dir\u00e9"},"content":{"rendered":"<p><span data-text-color=\"alert\"><strong>Pozor:<\/strong> <\/span>matici pot\u0159ebnou k upevn\u011bn\u00ed je t\u0159eba objednat zvl\u00e1\u0161\u0165.<\/p>\n<p><strong>Mno\u017estv\u00ed:<\/strong> 1 ks<\/p>\n<p><strong>Barva:<\/strong> glassclear<\/p>\n<p><strong>Materi\u00e1l:<\/strong> Plastov\u00e9<\/p>\n<p><strong>Popis:<\/strong> Tato 3\/4\" spojka pro potrub\u00ed umyvadla se hod\u00ed do otvoru o pr\u016fm\u011bru 27 mm a na vn\u011bj\u0161\u00ed pr\u016fm\u011br potrub\u00ed 20 mm.<\/p>","protected":false},"excerpt":{"rendered":"<p>Pozor: matici pot\u0159ebnou k upevn\u011bn\u00ed je t\u0159eba objednat zvl\u00e1\u0161\u0165 Mno\u017estv\u00ed: Barva: \u010dir\u00e1 Materi\u00e1l: sklo: Popis: plastov\u00fd materi\u00e1l: Tento spojovac\u00ed prvek pro umyvadlov\u00e9 trubky 3\/4\" se hod\u00ed do otvoru o pr\u016fm\u011bru 27 mm a na vn\u011bj\u0161\u00ed pr\u016fm\u011br trubky 32 mm.<\/p>","protected":false},"featured_media":7511,"comment_status":"open","ping_status":"closed","template":"","meta":{"_acf_changed":false,"content-type":"","_monsterinsights_skip_tracking":false,"_monsterinsights_sitenote_active":false,"_monsterinsights_sitenote_note":"","_monsterinsights_sitenote_category":0},"product_brand":[],"product_cat":[257,345,119,121],"product_tag":[],"class_list":{"0":"post-7496","1":"product","2":"type-product","3":"status-publish","4":"has-post-thumbnail","6":"product_cat-new-innovatve-products","7":"product_cat-pipe-connectors","8":"product_cat-formicarium-components","9":"product_cat-connectors","11":"first","12":"instock","13":"taxable","14":"shipping-taxable","15":"purchasable","16":"product-type-simple"},"acf":[],"aioseo_notices":[],"jetpack_sharing_enabled":true,"_links":{"self":[{"href":"https:\/\/antcube.shop\/cs\/wp-json\/wp\/v2\/product\/7496","targetHints":{"allow":["GET"]}}],"collection":[{"href":"https:\/\/antcube.shop\/cs\/wp-json\/wp\/v2\/product"}],"about":[{"href":"https:\/\/antcube.shop\/cs\/wp-json\/wp\/v2\/types\/product"}],"replies":[{"embeddable":true,"href":"https:\/\/antcube.shop\/cs\/wp-json\/wp\/v2\/comments?post=7496"}],"wp:featuredmedia":[{"embeddable":true,"href":"https:\/\/antcube.shop\/cs\/wp-json\/wp\/v2\/media\/7511"}],"wp:attachment":[{"href":"https:\/\/antcube.shop\/cs\/wp-json\/wp\/v2\/media?parent=7496"}],"wp:term":[{"taxonomy":"product_brand","embeddable":true,"href":"https:\/\/antcube.shop\/cs\/wp-json\/wp\/v2\/product_brand?post=7496"},{"taxonomy":"product_cat","embeddable":true,"href":"https:\/\/antcube.shop\/cs\/wp-json\/wp\/v2\/product_cat?post=7496"},{"taxonomy":"product_tag","embeddable":true,"href":"https:\/\/antcube.shop\/cs\/wp-json\/wp\/v2\/product_tag?post=7496"}],"curies":[{"name":"wp","href":"https:\/\/api.w.org\/{rel}","templated":true}]}}