{"id":6739,"date":"2023-12-12T15:09:04","date_gmt":"2023-12-12T14:09:04","guid":{"rendered":"https:\/\/antcube.shop\/product\/ameisenarena-abdeckung-60x30\/"},"modified":"2026-04-13T10:48:44","modified_gmt":"2026-04-13T08:48:44","slug":"mraveniste-o-rozmerech-60x30","status":"publish","type":"product","link":"https:\/\/antcube.shop\/cs\/produkt\/mraveniste-o-rozmerech-60x30\/","title":{"rendered":"Mraveni\u0161t\u011b o rozm\u011brech 60\u00d730"},"content":{"rendered":"<p><strong>Rozm\u011bry (Dx\u0160xV):<\/strong> 60x30x0,4 cm<\/p>\n<p><strong>Materi\u00e1l:<\/strong> Plovouc\u00ed sklo<\/p>\n<p><strong>Barva:<\/strong> \u010dir\u00fd \/ pr\u016fhledn\u00fd<\/p>\n<p><strong>Obsah:<\/strong><br \/>\n1x kryt mraveni\u0161t\u011b<br \/>\n1x fixa\u010dn\u00ed body 4 ks.<\/p>\n<p><strong>Popis:<\/strong><br \/>\nSklen\u011bn\u00fd kryt mraveni\u0161t\u011b jako ochrana proti \u00faniku<\/p>\n<p><strong>Jak pou\u017e\u00edvat:<\/strong><br \/>\nKryt mraveni\u0161t\u011b vyroben\u00fd ze skla lze um\u00edstit na mraveni\u0161t\u011b jako ochranu p\u0159ed \u00fanikem a k regulaci klimatu.<br \/>\nDo 50mm otvor\u016f lze vlo\u017eit r\u016fzn\u00e9 moduly pro regulaci klimatu, nap\u0159. v\u011btrac\u00ed m\u0159\u00ed\u017eky, osv\u011btlen\u00ed nebo zvlh\u010dov\u00e1n\u00ed.<br \/>\nAby se zabr\u00e1nilo \u00faniku mravenc\u016f otvory, m\u011bla by b\u00fdt na spodn\u00ed stranu kolem otvor\u016f nanesena ochrana proti prora\u017een\u00ed (olej, pr\u00e1\u0161ek nebo lak).<\/p>\n<p><strong>Pozn\u00e1mka:<\/strong><br \/>\nJeliko\u017e je v\u00fdrobek vyroben ze skla, a je tedy k\u0159ehk\u00fd, je t\u0159eba s n\u00edm zach\u00e1zet velmi opatrn\u011b.<\/p>","protected":false},"excerpt":{"rendered":"<p>Sklen\u011bn\u00fd kryt\/poklop mraveni\u0161t\u011b jako ochrana p\u0159ed \u00fanikem<\/p>","protected":false},"featured_media":6730,"comment_status":"open","ping_status":"closed","template":"","meta":{"_acf_changed":false,"content-type":"","_monsterinsights_skip_tracking":false,"_monsterinsights_sitenote_active":false,"_monsterinsights_sitenote_note":"","_monsterinsights_sitenote_category":0},"product_brand":[],"product_cat":[91,92],"product_tag":[],"class_list":{"0":"post-6739","1":"product","2":"type-product","3":"status-publish","4":"has-post-thumbnail","6":"product_cat-formicarium-modules","7":"product_cat-arena-cover","9":"first","10":"instock","11":"taxable","12":"shipping-taxable","13":"purchasable","14":"product-type-simple"},"acf":[],"aioseo_notices":[],"jetpack_sharing_enabled":true,"_links":{"self":[{"href":"https:\/\/antcube.shop\/cs\/wp-json\/wp\/v2\/product\/6739","targetHints":{"allow":["GET"]}}],"collection":[{"href":"https:\/\/antcube.shop\/cs\/wp-json\/wp\/v2\/product"}],"about":[{"href":"https:\/\/antcube.shop\/cs\/wp-json\/wp\/v2\/types\/product"}],"replies":[{"embeddable":true,"href":"https:\/\/antcube.shop\/cs\/wp-json\/wp\/v2\/comments?post=6739"}],"wp:featuredmedia":[{"embeddable":true,"href":"https:\/\/antcube.shop\/cs\/wp-json\/wp\/v2\/media\/6730"}],"wp:attachment":[{"href":"https:\/\/antcube.shop\/cs\/wp-json\/wp\/v2\/media?parent=6739"}],"wp:term":[{"taxonomy":"product_brand","embeddable":true,"href":"https:\/\/antcube.shop\/cs\/wp-json\/wp\/v2\/product_brand?post=6739"},{"taxonomy":"product_cat","embeddable":true,"href":"https:\/\/antcube.shop\/cs\/wp-json\/wp\/v2\/product_cat?post=6739"},{"taxonomy":"product_tag","embeddable":true,"href":"https:\/\/antcube.shop\/cs\/wp-json\/wp\/v2\/product_tag?post=6739"}],"curies":[{"name":"wp","href":"https:\/\/api.w.org\/{rel}","templated":true}]}}