{"id":6738,"date":"2023-12-12T15:03:31","date_gmt":"2023-12-12T14:03:31","guid":{"rendered":"https:\/\/antcube.shop\/product\/rahmen-fur-schiebetur\/"},"modified":"2026-04-01T13:28:15","modified_gmt":"2026-04-01T11:28:15","slug":"ram-pro-posuvne-dvere","status":"publish","type":"product","link":"https:\/\/antcube.shop\/cs\/produkt\/ram-pro-posuvne-dvere\/","title":{"rendered":"R\u00e1m pro posuvn\u00e9 dve\u0159e"},"content":{"rendered":"<p><strong>Rozm\u011bry:<\/strong> 250x 270x 20 mm<\/p>\n<p><strong>Materi\u00e1l:<\/strong> PMMA<\/p>\n<p><strong>Obsah:<\/strong><br \/>\n1x r\u00e1m<br \/>\n4x postrann\u00ed panely<br \/>\n4x \u0161rouby se z\u00e1pustnou hlavou M4 20mm<\/p>\n<p><strong>Barva:<\/strong> K\u0159i\u0161\u0165\u00e1lov\u011b \u010dist\u00fd<\/p>\n<p><strong>Popis:<\/strong><br \/>\nP\u0159esn\u011b padnouc\u00ed ochrann\u00fd r\u00e1m pro na\u0161e formik\u00e1ria s posuvn\u00fdmi dve\u0159mi 30x30x60.<\/p>\n<p><strong>P\u0159\u00edloha:<\/strong><br \/>\nLze je nasadit p\u0159\u00edmo na \u0161roub, kter\u00fd je ji\u017e v posuvn\u00fdch dve\u0159\u00edch formik\u00e1ria.<\/p>","protected":false},"excerpt":{"rendered":"<p>Akryl\u00e1tov\u00fd r\u00e1m jako ochrana proti vypuknut\u00ed po\u017e\u00e1ru pro posuvn\u00e9 dve\u0159e ANTCUBE Formicarium<\/p>","protected":false},"featured_media":6716,"comment_status":"open","ping_status":"closed","template":"","meta":{"_acf_changed":false,"content-type":"","_monsterinsights_skip_tracking":false,"_monsterinsights_sitenote_active":false,"_monsterinsights_sitenote_note":"","_monsterinsights_sitenote_category":0},"product_brand":[],"product_cat":[91,93],"product_tag":[],"class_list":{"0":"post-6738","1":"product","2":"type-product","3":"status-publish","4":"has-post-thumbnail","6":"product_cat-formicarium-modules","7":"product_cat-arena-frame","9":"first","10":"outofstock","11":"taxable","12":"shipping-taxable","13":"purchasable","14":"product-type-simple"},"acf":[],"aioseo_notices":[],"jetpack_sharing_enabled":true,"_links":{"self":[{"href":"https:\/\/antcube.shop\/cs\/wp-json\/wp\/v2\/product\/6738","targetHints":{"allow":["GET"]}}],"collection":[{"href":"https:\/\/antcube.shop\/cs\/wp-json\/wp\/v2\/product"}],"about":[{"href":"https:\/\/antcube.shop\/cs\/wp-json\/wp\/v2\/types\/product"}],"replies":[{"embeddable":true,"href":"https:\/\/antcube.shop\/cs\/wp-json\/wp\/v2\/comments?post=6738"}],"wp:featuredmedia":[{"embeddable":true,"href":"https:\/\/antcube.shop\/cs\/wp-json\/wp\/v2\/media\/6716"}],"wp:attachment":[{"href":"https:\/\/antcube.shop\/cs\/wp-json\/wp\/v2\/media?parent=6738"}],"wp:term":[{"taxonomy":"product_brand","embeddable":true,"href":"https:\/\/antcube.shop\/cs\/wp-json\/wp\/v2\/product_brand?post=6738"},{"taxonomy":"product_cat","embeddable":true,"href":"https:\/\/antcube.shop\/cs\/wp-json\/wp\/v2\/product_cat?post=6738"},{"taxonomy":"product_tag","embeddable":true,"href":"https:\/\/antcube.shop\/cs\/wp-json\/wp\/v2\/product_tag?post=6738"}],"curies":[{"name":"wp","href":"https:\/\/api.w.org\/{rel}","templated":true}]}}