{"id":6737,"date":"2023-12-12T15:03:25","date_gmt":"2023-12-12T14:03:25","guid":{"rendered":"https:\/\/antcube.shop\/product\/antcube-starter-set-fur-weberameisen-gros\/"},"modified":"2026-04-01T13:28:16","modified_gmt":"2026-04-01T11:28:16","slug":"startovaci-sada-pro-mravence-tkalce-velke","status":"publish","type":"product","link":"https:\/\/antcube.shop\/cs\/produkt\/startovaci-sada-pro-mravence-tkalce-velke\/","title":{"rendered":"ANTCUBE - Startovac\u00ed sada pro mravence tkalce - velk\u00e1"},"content":{"rendered":"<p><span data-text-color=\"alert\"><strong>Doprava je mo\u017en\u00e1 pouze prost\u0159ednictv\u00edm p\u0159eposl\u00e1n\u00ed na palet\u011b.<\/strong><\/span><\/p>\n<p><strong>Obsah:<\/strong><br \/>\n1x ANTCUBE Arena 30x30x60 s posuvn\u00fdmi dve\u0159mi<br \/>\n1x r\u00e1m mraveni\u0161t\u011b 30\u00d730<br \/>\n1x kryt mraveni\u0161t\u011b 30\u00d730<br \/>\n1x fixa\u010dn\u00ed bod pro kryt ar\u00e9ny (4ks)<\/p>\n<p>1x r\u00e1m pro posuvn\u00e9 dve\u0159e<br \/>\nRozpra\u0161ova\u010d 0,5 litru - mosazn\u00e1 tryska<br \/>\n1x Fotost\u011bna - de\u0161tn\u00fd prales - 30\u00d760 - vysok\u00e1<br \/>\n1x z\u00e1kladna pro formik\u00e1rium 30\u00d730 cm<br \/>\n1x substr\u00e1t rainforest 1 kg<\/p>\n<p>5x Grid insert acrylic &#8211; 50 mm with sealing ring<br \/>\n1x drinking clear 5ml &#8211; sponge<br \/>\n1x Feeding dish white rectangle &#8211; 3 compartments<br \/>\n1x Drinking trough 2ml &#8211; 360 Degrees<br \/>\n1x pinzeta z pru\u017einov\u00e9 oceli \u0161irok\u00e1 - m\u011bkk\u00e1<br \/>\n1x plastov\u00e1 pinzeta standard<br \/>\n1x olej na ochranu proti vypuknut\u00ed mraven\u010d\u00ed epidemie<br \/>\n1x ru\u010dn\u00ed lupa - 2x - 30mm<br \/>\n1x p\u011bnov\u00fd st\u011bra\u010d 150x18x2,5mm<\/p>\n<p><strong>Can be ordered with shipping by forwarding agent on pallet in our second store ANTCUBE:<\/strong><\/p>\n<blockquote class=\"wp-embedded-content\" data-secret=\"OWgk0U6RxI\"><p><a href=\"https:\/\/antcube.shop\/product\/starter-set-for-weaver-ants-large\/\">ANTCUBE - Startovac\u00ed sada pro mravence tkalce - velk\u00e1<\/a><\/p><\/blockquote>\n<p><iframe loading=\"lazy\" class=\"wp-embedded-content\" sandbox=\"allow-scripts\" security=\"restricted\" style=\"position: absolute; visibility: hidden;\" title=\"&#8222;ANTCUBE &#8211; Starter set for weaver ants &#8211; large&#8220; &#8211; ANTCUBE\" src=\"https:\/\/antcube.shop\/product\/starter-set-for-weaver-ants-large\/embed\/#?secret=wA9rHSrKI4#?secret=OWgk0U6RxI\" data-secret=\"OWgk0U6RxI\" width=\"600\" height=\"338\" frameborder=\"0\" marginwidth=\"0\" marginheight=\"0\" scrolling=\"no\"><\/iframe><\/p>\n<p><strong>Popis:<\/strong><br \/>\nTato roz\u0161i\u0159iteln\u00e1 startovac\u00ed sada, speci\u00e1ln\u011b pro r\u016fzn\u00e9 druhy tkalc\u016f, jako je Polyrhachis spec. nebo Oecophylla spec., obsahuje nejen optim\u00e1ln\u011b p\u0159izp\u016fsoben\u00e9 formik\u00e1rium, ale tak\u00e9 vhodn\u00e9 p\u0159\u00edslu\u0161enstv\u00ed pro chov t\u011bchto druh\u016f mravenc\u016f.<\/p>\n<p>The sliding door in the front (opening 150x200mm) facilitates the work in the formicarium, even with large colonies or planting of the formicarium with a host plant for example Oecophylla smaragdina. Additional formicariums can be connected via the two 50mm holes on the side. The stainless steel grid inserts provide good ventilation and are robust against mechanical impact. If necessary, the humidity can be increased with the spray bottle. The drinker clear 5ml &#8211; sponge is intended for the supply of fresh water, the drinker 2ml &#8211; 360 degrees for honey or sugar solution.<\/p>\n<p><strong>D\u016fle\u017eit\u00e9: <\/strong>P\u0159ed pou\u017eit\u00edm substr\u00e1t navlh\u010dete, aby se sm\u011bs mohla spojit a v mraveni\u0161ti se pevn\u011b uchytila. P\u0159\u00edli\u0161 such\u00fd a pra\u0161n\u00fd substr\u00e1t m\u016f\u017ee nav\u00edc v\u00e9st k ucp\u00e1n\u00ed d\u00fdchac\u00edch cest mravenc\u016f a v nejhor\u0161\u00edm p\u0159\u00edpad\u011b se zv\u00ed\u0159ata udus\u00ed.<\/p>\n<p><strong>D\u016fle\u017eit\u00e9 upozorn\u011bn\u00ed k r\u00e1mu posuvn\u00fdch dve\u0159\u00ed:<\/strong><br \/>\nR\u00e1m lze snadno p\u0159ipevnit na \u0161rouby p\u0159ipevn\u011bn\u00e9 k kolejnic\u00edm posuvn\u00fdch dve\u0159\u00ed. Za t\u00edmto \u00fa\u010delem opatrn\u011b uvoln\u011bte <strong>pouze<\/strong> o\u0159echy uvnit\u0159. Je zapot\u0159eb\u00ed mal\u00fd k\u0159\u00ed\u017eov\u00fd \u0161roubov\u00e1k. Sestavte r\u00e1m a zav\u011bste jej dovnit\u0159 na \u0161rouby. Pot\u00e9 opatrn\u011b znovu p\u0159ipevn\u011bte matice a <strong>under no circumstances turn too tightly<\/strong>, otherwise the glass may be damaged.<\/p>\n<p><u><strong>Pozn\u00e1mky k v\u00fdrob\u011b<\/strong><\/u><br \/>\nSklo je brou\u0161eno podle normy DIN 1249 s toleranc\u00ed +\/- 1 mm. U extr\u00e9mn\u011b mal\u00fdch druh\u016f mravenc\u016f je nutn\u00e1 dodate\u010dn\u00e1 ochrana proti vylomen\u00ed.<\/p>","protected":false},"excerpt":{"rendered":"<p>The set consists of 22 parts.<br \/>\nVelikost: <span style=\"color: #ed1c24;\"><strong>XL<\/strong><\/span><\/p>","protected":false},"featured_media":6710,"comment_status":"open","ping_status":"closed","template":"","meta":{"_acf_changed":false,"content-type":"","_monsterinsights_skip_tracking":false,"_monsterinsights_sitenote_active":false,"_monsterinsights_sitenote_note":"","_monsterinsights_sitenote_category":0},"product_brand":[],"product_cat":[354,73],"product_tag":[],"class_list":{"0":"post-6737","1":"product","2":"type-product","3":"status-publish","4":"has-post-thumbnail","6":"product_cat-starter-sets-for-weaver-ants","7":"product_cat-starter-sets","8":"product_shipping_class-forwarding-on-pallet","10":"first","11":"outofstock","12":"taxable","13":"shipping-taxable","14":"purchasable","15":"product-type-simple"},"acf":[],"aioseo_notices":[],"jetpack_sharing_enabled":true,"_links":{"self":[{"href":"https:\/\/antcube.shop\/cs\/wp-json\/wp\/v2\/product\/6737","targetHints":{"allow":["GET"]}}],"collection":[{"href":"https:\/\/antcube.shop\/cs\/wp-json\/wp\/v2\/product"}],"about":[{"href":"https:\/\/antcube.shop\/cs\/wp-json\/wp\/v2\/types\/product"}],"replies":[{"embeddable":true,"href":"https:\/\/antcube.shop\/cs\/wp-json\/wp\/v2\/comments?post=6737"}],"wp:featuredmedia":[{"embeddable":true,"href":"https:\/\/antcube.shop\/cs\/wp-json\/wp\/v2\/media\/6710"}],"wp:attachment":[{"href":"https:\/\/antcube.shop\/cs\/wp-json\/wp\/v2\/media?parent=6737"}],"wp:term":[{"taxonomy":"product_brand","embeddable":true,"href":"https:\/\/antcube.shop\/cs\/wp-json\/wp\/v2\/product_brand?post=6737"},{"taxonomy":"product_cat","embeddable":true,"href":"https:\/\/antcube.shop\/cs\/wp-json\/wp\/v2\/product_cat?post=6737"},{"taxonomy":"product_tag","embeddable":true,"href":"https:\/\/antcube.shop\/cs\/wp-json\/wp\/v2\/product_tag?post=6737"}],"curies":[{"name":"wp","href":"https:\/\/api.w.org\/{rel}","templated":true}]}}